{"id":2173,"date":"2022-10-31T11:41:12","date_gmt":"2022-10-31T09:41:12","guid":{"rendered":"http:\/\/www.shinemusicrental.com\/product\/shure-beta-58a-pgx2-microfono-inalambrico\/"},"modified":"2023-03-16T16:27:50","modified_gmt":"2023-03-16T15:27:50","slug":"shure-beta-58a-pgx2-microfono-inalambrico","status":"publish","type":"product","link":"https:\/\/shinemusicrental.com\/es\/product\/shure-beta-58a-pgx2-microfono-inalambrico\/","title":{"rendered":"Shure Beta 58A PGX2 Micr\u00f3fono Inal\u00e1mbrico"},"content":{"rendered":"<p>El micr\u00f3fono inal\u00e1mbrico Shure Beta 58A PGX2 es un instrumento que ofrece confiabilidad para vocalistas que priorizan la claridad y el rendimiento. Su patr\u00f3n polar supercardioide permite capturar fuentes de sonido con alta ganancia antes de la retroalimentaci\u00f3n, lo que lo hace ideal para su uso en eventos en vivo y estudios de grabaci\u00f3n. La respuesta de frecuencia de este micr\u00f3fono var\u00eda de 50Hz a 16kHz, lo que proporciona un sonido c\u00e1lido y natural con una distorsi\u00f3n m\u00ednima.<\/p>\n<p>Con su rejilla resistente y malla de acero, el Beta 58A PGX2 cuenta con una construcci\u00f3n duradera que protege contra el desgaste y el deterioro. El sistema inal\u00e1mbrico funciona a una frecuencia de 518-782 MHz, lo que garantiza una transmisi\u00f3n de se\u00f1al estable y clara. Para un uso \u00f3ptimo, este micr\u00f3fono funciona con dos pilas AA y ofrece hasta ocho horas de uso continuo.<\/p>\n<p>El Shure Beta 58A PGX2 es una excelente adici\u00f3n a cualquier servicio de alquiler de instrumentos, brindando a los clientes un micr\u00f3fono de primera clase para sus necesidades vocales. Tambi\u00e9n es una opci\u00f3n excepcional para cualquiera que quiera alquilar un micr\u00f3fono para sus eventos. Con este micr\u00f3fono, su voz se escuchar\u00e1 fuerte y clara, como el canto de un p\u00e1jaro que atraviesa el cielo.<\/p>\n","protected":false},"excerpt":{"rendered":"<p><strong>Dep\u00f3sito: \u20ac200<\/strong><\/p>\n<div id=\"gtx-trans\" style=\"position: absolute; left: 34px; top: -10.6667px;\">\n<div class=\"gtx-trans-icon\"><\/div>\n<\/div>\n","protected":false},"featured_media":2166,"comment_status":"open","ping_status":"closed","template":"","meta":{"_acf_changed":false,"content-type":""},"product_brand":[],"product_cat":[331,341],"product_tag":[461,560,584,463,489,591,557,505,507,511,509,513,503,559,772,776,774,954,597,773],"class_list":{"0":"post-2173","1":"product","2":"type-product","3":"status-publish","4":"has-post-thumbnail","6":"product_cat-equipos-pa-y-de-audiodifusion","7":"product_cat-microfonos","8":"product_tag-alquiler-de-instrumentos","9":"product_tag-alquiler-de-instrumentos-es","10":"product_tag-alquiler-de-instrumentos-es-2","11":"product_tag-alquiler-de-instrumentos-barcelona","12":"product_tag-alquiler-de-instrumentos-barcelona-es","13":"product_tag-alquiler-de-instrumentos-espana-es","14":"product_tag-alquiler-de-instrumentos-espana","15":"product_tag-equipo-de-estudio","16":"product_tag-equipo-de-estudio-barcelona","17":"product_tag-equipo-de-estudio-de-alquiler","18":"product_tag-equipo-de-estudio-es","19":"product_tag-equipo-de-estudio-espana","20":"product_tag-estudio","21":"product_tag-instrumentos-de-contratacion","22":"product_tag-micro","23":"product_tag-microfono","24":"product_tag-microfono-de-alquiler","25":"product_tag-microfono-inalambrico-es","26":"product_tag-microfono-inalambrico","27":"product_tag-shure-sm58-es","29":"first","30":"instock","31":"sold-individually","32":"shipping-taxable","33":"purchasable","34":"product-type-booking"},"booking_location":"","booking_location_type":"","booking_duration":1,"booking_duration_unit":"day","booking_buffer":0,"booking_cost":0,"booking_resources":[],"exclude_global_add_ons":false,"addons":[{"name":"Dep\u00f3sito","type":"checkbox","position":0,"required":false,"title_format":"hide","default":"","description_enable":false,"description":"","placeholder_enable":false,"placeholder":"","display":"select","restrictions_type":"any_text","adjust_price":false,"price":"","price_type":"flat_fee","restrictions":false,"min":"0","max":"0","options":[{"label":"Dep\u00f3sito","price":"200","price_type":"flat_fee","image":0,"visibility":true}]}],"acf":{"set_to_be_sold":false,"sale_description":"","sale_price":""},"_links":{"self":[{"href":"https:\/\/shinemusicrental.com\/es\/wp-json\/wp\/v2\/product\/2173","targetHints":{"allow":["GET"]}}],"collection":[{"href":"https:\/\/shinemusicrental.com\/es\/wp-json\/wp\/v2\/product"}],"about":[{"href":"https:\/\/shinemusicrental.com\/es\/wp-json\/wp\/v2\/types\/product"}],"replies":[{"embeddable":true,"href":"https:\/\/shinemusicrental.com\/es\/wp-json\/wp\/v2\/comments?post=2173"}],"wp:featuredmedia":[{"embeddable":true,"href":"https:\/\/shinemusicrental.com\/es\/wp-json\/wp\/v2\/media\/2166"}],"wp:attachment":[{"href":"https:\/\/shinemusicrental.com\/es\/wp-json\/wp\/v2\/media?parent=2173"}],"wp:term":[{"taxonomy":"product_brand","embeddable":true,"href":"https:\/\/shinemusicrental.com\/es\/wp-json\/wp\/v2\/product_brand?post=2173"},{"taxonomy":"product_cat","embeddable":true,"href":"https:\/\/shinemusicrental.com\/es\/wp-json\/wp\/v2\/product_cat?post=2173"},{"taxonomy":"product_tag","embeddable":true,"href":"https:\/\/shinemusicrental.com\/es\/wp-json\/wp\/v2\/product_tag?post=2173"}],"curies":[{"name":"wp","href":"https:\/\/api.w.org\/{rel}","templated":true}]}}