{"id":2167,"date":"2022-10-31T11:37:31","date_gmt":"2022-10-31T09:37:31","guid":{"rendered":"http:\/\/www.shinemusicrental.com\/product\/fender-hot-rod-deluxe-112-amplificador-de-guitarra\/"},"modified":"2024-04-09T17:38:53","modified_gmt":"2024-04-09T15:38:53","slug":"fender-hot-rod-deluxe-112-amplificador-de-guitarra","status":"publish","type":"product","link":"https:\/\/shinemusicrental.com\/es\/product\/fender-hot-rod-deluxe-112-amplificador-de-guitarra\/","title":{"rendered":"Fender Hot Rod Deluxe 112 Amplificador de Guitarra"},"content":{"rendered":"<p>El Fender Hot Rod Deluxe 112 Guitar Amp es un amplificador vers\u00e1til y potente dise\u00f1ado para guitarristas que exigen un tono y claridad excepcionales. Con su salida de 40 vatios y su altavoz Celestion de 12 pulgadas, produce un sonido completo y rico con una respuesta suave y din\u00e1mica.<\/p>\n<p>El amplificador cuenta con tres canales (limpio, drive y m\u00e1s drive) con controles de ganancia y maestro separados, lo que brinda a los m\u00fasicos una amplia variedad de opciones tonales. Los controles de reverb y presencia permiten una mayor personalizaci\u00f3n del sonido. El amplificador tambi\u00e9n tiene un bucle de efectos en serie y una entrada para pedal para mayor comodidad.<\/p>\n<p>El Fender Hot Rod Deluxe 112 es una excelente opci\u00f3n para los servicios de alquiler de instrumentos, proporcionando a los guitarristas un amplificador de alta calidad para sus actuaciones. Tambi\u00e9n es una excelente opci\u00f3n para cualquier persona que quiera alquilar un amplificador de guitarra para sus sesiones de pr\u00e1ctica o conciertos. Con este amplificador, su guitarra cantar\u00e1 como un p\u00e1jaro que se eleva por el aire.<\/p>\n","protected":false},"excerpt":{"rendered":"<p><strong>Dep\u00f3sito: \u20ac200<\/strong><\/p>\n<div id=\"gtx-trans\" style=\"position: absolute; left: 20px; top: 38.3333px;\">\n<div class=\"gtx-trans-icon\"><\/div>\n<\/div>\n","protected":false},"featured_media":2162,"comment_status":"open","ping_status":"closed","template":"","meta":{"_acf_changed":false,"content-type":""},"product_brand":[],"product_cat":[177,201],"product_tag":[560,461,584,463,489,591,557,680,682,950,567,569,571,563,459,565,559],"class_list":{"0":"post-2167","1":"product","2":"type-product","3":"status-publish","4":"has-post-thumbnail","6":"product_cat-guitarras-y-bajos","7":"product_cat-amplificadores-de-guitarra-electrica","8":"product_tag-alquiler-de-instrumentos-es","9":"product_tag-alquiler-de-instrumentos","10":"product_tag-alquiler-de-instrumentos-es-2","11":"product_tag-alquiler-de-instrumentos-barcelona","12":"product_tag-alquiler-de-instrumentos-barcelona-es","13":"product_tag-alquiler-de-instrumentos-espana-es","14":"product_tag-alquiler-de-instrumentos-espana","15":"product_tag-amplificador","16":"product_tag-amplificador-de-guitarra","17":"product_tag-amplificador-fender","18":"product_tag-guitarra","19":"product_tag-guitarra-barcelona","20":"product_tag-guitarra-de-alquiler","21":"product_tag-guitarra-espana","22":"product_tag-guitarras","23":"product_tag-guitarras-es","24":"product_tag-instrumentos-de-contratacion","26":"first","27":"instock","28":"sold-individually","29":"shipping-taxable","30":"purchasable","31":"product-type-booking"},"booking_location":"","booking_location_type":"","booking_duration":1,"booking_duration_unit":"day","booking_buffer":0,"booking_cost":0,"booking_resources":[],"exclude_global_add_ons":false,"addons":[{"name":"Dep\u00f3sito","type":"checkbox","position":0,"required":false,"title_format":"hide","default":"","description_enable":false,"description":"","placeholder_enable":false,"placeholder":"","display":"select","restrictions_type":"any_text","adjust_price":false,"price":"","price_type":"flat_fee","restrictions":false,"min":"0","max":"0","options":[{"label":"Dep\u00f3sito","price":"200","price_type":"flat_fee","image":0,"visibility":true}]},{"name":"AMPLIFICADORES (todos)","type":"checkbox","position":0,"required":false,"title_format":"label","default":"","description_enable":false,"description":"","placeholder_enable":false,"placeholder":"","display":"select","restrictions_type":"any_text","adjust_price":false,"price":"","price_type":"flat_fee","restrictions":false,"min":"0","max":"0","options":[{"label":"Cable de Instrumento Jack 1\/4","price":"5.00","price_type":"quantity_based","image":0,"visibility":true},{"label":"DI Box","price":"5.00","price_type":"quantity_based","image":0,"visibility":true}]}],"acf":{"set_to_be_sold":false,"sale_description":"","sale_price":""},"_links":{"self":[{"href":"https:\/\/shinemusicrental.com\/es\/wp-json\/wp\/v2\/product\/2167","targetHints":{"allow":["GET"]}}],"collection":[{"href":"https:\/\/shinemusicrental.com\/es\/wp-json\/wp\/v2\/product"}],"about":[{"href":"https:\/\/shinemusicrental.com\/es\/wp-json\/wp\/v2\/types\/product"}],"replies":[{"embeddable":true,"href":"https:\/\/shinemusicrental.com\/es\/wp-json\/wp\/v2\/comments?post=2167"}],"wp:featuredmedia":[{"embeddable":true,"href":"https:\/\/shinemusicrental.com\/es\/wp-json\/wp\/v2\/media\/2162"}],"wp:attachment":[{"href":"https:\/\/shinemusicrental.com\/es\/wp-json\/wp\/v2\/media?parent=2167"}],"wp:term":[{"taxonomy":"product_brand","embeddable":true,"href":"https:\/\/shinemusicrental.com\/es\/wp-json\/wp\/v2\/product_brand?post=2167"},{"taxonomy":"product_cat","embeddable":true,"href":"https:\/\/shinemusicrental.com\/es\/wp-json\/wp\/v2\/product_cat?post=2167"},{"taxonomy":"product_tag","embeddable":true,"href":"https:\/\/shinemusicrental.com\/es\/wp-json\/wp\/v2\/product_tag?post=2167"}],"curies":[{"name":"wp","href":"https:\/\/api.w.org\/{rel}","templated":true}]}}