{"id":2126,"date":"2022-10-28T16:57:35","date_gmt":"2022-10-28T14:57:35","guid":{"rendered":"http:\/\/www.shinemusicrental.com\/product\/guitarra-espanola-taller-de-guitarras-barcelona\/"},"modified":"2023-03-21T11:59:19","modified_gmt":"2023-03-21T10:59:19","slug":"guitarra-espanola-taller-de-guitarras-barcelona","status":"publish","type":"product","link":"https:\/\/shinemusicrental.com\/es\/product\/guitarra-espanola-taller-de-guitarras-barcelona\/","title":{"rendered":"Guitarra Espa\u00f1ola Taller de Guitarras Barcelona"},"content":{"rendered":"<p>La guitarra espa\u00f1ola de Taller de Guitarras Barcelona es un instrumento fiable y aut\u00e9ntico para cualquier persona que busque tocar flamenco tradicional o m\u00fasica cl\u00e1sica. Amueblado con una tapa de cedro fuerte y fondo y aros de palisandro indio, emana un timbre suave y bien redondeado. El m\u00e1stil de la guitarra est\u00e1 hecho de cedro espa\u00f1ol, lo que le proporciona robustez y estabilidad, al tiempo que permite tocar sin esfuerzo. El diapas\u00f3n est\u00e1 hecho de palisandro indio, lo que le otorga una superficie suave como la seda que brinda una experiencia de tocabilidad c\u00f3moda. La roseta de la boca de la guitarra est\u00e1 espl\u00e9ndidamente adornada con un dise\u00f1o tradicional, que complementa el atractivo est\u00e9tico del instrumento. Esta guitarra espa\u00f1ola es una elecci\u00f3n extraordinaria para aquellos que buscan alquilar un instrumento aut\u00e9ntico y de alto calibre para sus presentaciones p\u00fablicas o sesiones de ensayo.<\/p>\n","protected":false},"excerpt":{"rendered":"<p><strong>Dep\u00f3sito: \u20ac160<\/strong><\/p>\n<div id=\"gtx-trans\" style=\"position: absolute; left: 28px; top: 38.3333px;\">\n<div class=\"gtx-trans-icon\"><\/div>\n<\/div>\n","protected":false},"featured_media":0,"comment_status":"open","ping_status":"closed","template":"","meta":{"_acf_changed":false,"content-type":""},"product_brand":[],"product_cat":[177,193,207],"product_tag":[560,461,584,463,489,591,557,567,569,571,563,459,565,559],"class_list":{"0":"post-2126","1":"product","2":"type-product","3":"status-publish","5":"product_cat-guitarras-y-bajos","6":"product_cat-guitarras-clasicas","7":"product_cat-guitarras-espanolas","8":"product_tag-alquiler-de-instrumentos-es","9":"product_tag-alquiler-de-instrumentos","10":"product_tag-alquiler-de-instrumentos-es-2","11":"product_tag-alquiler-de-instrumentos-barcelona","12":"product_tag-alquiler-de-instrumentos-barcelona-es","13":"product_tag-alquiler-de-instrumentos-espana-es","14":"product_tag-alquiler-de-instrumentos-espana","15":"product_tag-guitarra","16":"product_tag-guitarra-barcelona","17":"product_tag-guitarra-de-alquiler","18":"product_tag-guitarra-espana","19":"product_tag-guitarras","20":"product_tag-guitarras-es","21":"product_tag-instrumentos-de-contratacion","23":"first","24":"instock","25":"sold-individually","26":"shipping-taxable","27":"purchasable","28":"product-type-booking"},"booking_location":"","booking_location_type":"","booking_duration":1,"booking_duration_unit":"day","booking_buffer":0,"booking_cost":0,"booking_resources":[],"exclude_global_add_ons":false,"addons":[{"name":"Dep\u00f3sito","type":"checkbox","position":0,"required":false,"title_format":"hide","default":"","description_enable":false,"description":"","placeholder_enable":false,"placeholder":"","display":"select","restrictions_type":"any_text","adjust_price":false,"price":"","price_type":"flat_fee","restrictions":false,"min":"0","max":"0","options":[{"label":"Dep\u00f3sito","price":"160","price_type":"flat_fee","image":0,"visibility":true}]},{"name":"Guitarras Cl\u00e1sicas","type":"checkbox","position":0,"required":false,"title_format":"label","default":"","description_enable":false,"description":"","placeholder_enable":false,"placeholder":"","display":"select","restrictions_type":"any_text","adjust_price":false,"price":"","price_type":"flat_fee","restrictions":false,"min":"0","max":"0","options":[{"label":"Afinador","price":"5.00","price_type":"quantity_based","image":0,"visibility":true},{"label":"Apoyapi\u00e9s para Guitarra de Calidad","price":"9.00","price_type":"quantity_based","image":0,"visibility":true},{"label":"Apoyapi\u00e9s para Guitarra Est\u00e1ndar","price":"5.00","price_type":"quantity_based","image":0,"visibility":true},{"label":"Atril de Calidad","price":"9.00","price_type":"quantity_based","image":0,"visibility":true},{"label":"Atril","price":"5.00","price_type":"quantity_based","image":0,"visibility":true},{"label":"Capo - Guitarra Cl\u00e1sica","price":"5.00","price_type":"quantity_based","image":0,"visibility":true},{"label":"P\u00faa de Calidad","price":"2.00","price_type":"quantity_based","image":0,"visibility":true},{"label":"P\u00faa Est\u00e1ndar","price":"1.00","price_type":"quantity_based","image":0,"visibility":true}]}],"acf":{"set_to_be_sold":false,"sale_description":"","sale_price":""},"_links":{"self":[{"href":"https:\/\/shinemusicrental.com\/es\/wp-json\/wp\/v2\/product\/2126","targetHints":{"allow":["GET"]}}],"collection":[{"href":"https:\/\/shinemusicrental.com\/es\/wp-json\/wp\/v2\/product"}],"about":[{"href":"https:\/\/shinemusicrental.com\/es\/wp-json\/wp\/v2\/types\/product"}],"replies":[{"embeddable":true,"href":"https:\/\/shinemusicrental.com\/es\/wp-json\/wp\/v2\/comments?post=2126"}],"wp:attachment":[{"href":"https:\/\/shinemusicrental.com\/es\/wp-json\/wp\/v2\/media?parent=2126"}],"wp:term":[{"taxonomy":"product_brand","embeddable":true,"href":"https:\/\/shinemusicrental.com\/es\/wp-json\/wp\/v2\/product_brand?post=2126"},{"taxonomy":"product_cat","embeddable":true,"href":"https:\/\/shinemusicrental.com\/es\/wp-json\/wp\/v2\/product_cat?post=2126"},{"taxonomy":"product_tag","embeddable":true,"href":"https:\/\/shinemusicrental.com\/es\/wp-json\/wp\/v2\/product_tag?post=2126"}],"curies":[{"name":"wp","href":"https:\/\/api.w.org\/{rel}","templated":true}]}}