{"id":2093,"date":"2022-10-28T16:25:38","date_gmt":"2022-10-28T14:25:38","guid":{"rendered":"http:\/\/www.shinemusicrental.com\/product\/mackie-srm450v3-set-de-altavoces-activos\/"},"modified":"2023-03-15T15:21:34","modified_gmt":"2023-03-15T14:21:34","slug":"mackie-srm450v3-set-de-altavoces-activos","status":"publish","type":"product","link":"https:\/\/shinemusicrental.com\/es\/product\/mackie-srm450v3-set-de-altavoces-activos\/","title":{"rendered":"Mackie SRM450v3 Set de Altavoces Activos"},"content":{"rendered":"<p>Los altavoces activos Mackie SRM450v3 se presentan como una opci\u00f3n confiable y altamente eficiente para aquellos que alquilan instrumentos para eventos y presentaciones. Estos altavoces activos est\u00e1n equipados con un woofer de 12 pulgadas de alta potencia y un controlador de compresi\u00f3n de domo de titanio de 1,4 pulgadas, lo que resulta en un impresionante pico de potencia de 1000 vatios.<\/p>\n<p>Los altavoces est\u00e1n dise\u00f1ados para producir un sonido claro y equilibrado, con un procesamiento y ajuste avanzados de DSP que contribuyen a una calidad de sonido elevada. El dise\u00f1o resistente y duradero de los altavoces garantiza que puedan resistir las demandas del uso regular, lo que los convierte en una opci\u00f3n inteligente para las empresas de alquiler de instrumentos.<\/p>\n<p>El uso de los altavoces activos Mackie SRM450v3 es como tener un motor potente debajo del cap\u00f3 de su autom\u00f3vil. Proporcionan la potencia necesaria para llevar su sonido al siguiente nivel. Si es m\u00fasico y busca altavoces confiables para su pr\u00f3ximo concierto o si es un organizador de eventos en busca de refuerzo de sonido de alta calidad, los altavoces activos Mackie SRM450v3 son una excelente opci\u00f3n.<\/p>\n","protected":false},"excerpt":{"rendered":"<p><strong>Dep\u00f3sito: \u20ac140<\/strong><\/p>\n<div id=\"gtx-trans\" style=\"position: absolute; left: 32px; top: 38.3333px;\">\n<div class=\"gtx-trans-icon\"><\/div>\n<\/div>\n","protected":false},"featured_media":2092,"comment_status":"open","ping_status":"closed","template":"","meta":{"_acf_changed":false,"content-type":""},"product_brand":[],"product_cat":[331,347,345],"product_tag":[461,560,584,463,489,591,557,929,795,505,507,511,509,513,503,559],"class_list":{"0":"post-2093","1":"product","2":"type-product","3":"status-publish","4":"has-post-thumbnail","6":"product_cat-equipos-pa-y-de-audiodifusion","7":"product_cat-altavoces","8":"product_cat-altavoces-y-sets-de-pa","9":"product_tag-alquiler-de-instrumentos","10":"product_tag-alquiler-de-instrumentos-es","11":"product_tag-alquiler-de-instrumentos-es-2","12":"product_tag-alquiler-de-instrumentos-barcelona","13":"product_tag-alquiler-de-instrumentos-barcelona-es","14":"product_tag-alquiler-de-instrumentos-espana-es","15":"product_tag-alquiler-de-instrumentos-espana","16":"product_tag-altavoces","17":"product_tag-altavoces-de-alquiler","18":"product_tag-equipo-de-estudio","19":"product_tag-equipo-de-estudio-barcelona","20":"product_tag-equipo-de-estudio-de-alquiler","21":"product_tag-equipo-de-estudio-es","22":"product_tag-equipo-de-estudio-espana","23":"product_tag-estudio","24":"product_tag-instrumentos-de-contratacion","26":"first","27":"instock","28":"sold-individually","29":"shipping-taxable","30":"purchasable","31":"product-type-booking"},"booking_location":"","booking_location_type":"","booking_duration":1,"booking_duration_unit":"day","booking_buffer":0,"booking_cost":0,"booking_resources":[],"exclude_global_add_ons":false,"addons":[{"name":"Dep\u00f3sito","type":"checkbox","position":0,"required":false,"title_format":"hide","default":"","description_enable":false,"description":"","placeholder_enable":false,"placeholder":"","display":"select","restrictions_type":"any_text","adjust_price":false,"price":"","price_type":"flat_fee","restrictions":false,"min":"0","max":"0","options":[{"label":"Dep\u00f3sito","price":"140","price_type":"flat_fee","image":0,"visibility":true}]},{"name":"ALTAVOCES PA","type":"checkbox","position":0,"required":false,"title_format":"label","default":"","description_enable":false,"description":"","placeholder_enable":false,"placeholder":"","display":"select","restrictions_type":"any_text","adjust_price":false,"price":"","price_type":"flat_fee","restrictions":false,"min":"0","max":"0","options":[{"label":"Cable de Instrumento Jack 1\/4","price":"5.00","price_type":"quantity_based","image":0,"visibility":true},{"label":"Cable XLR","price":"5.00","price_type":"quantity_based","image":0,"visibility":true},{"label":"Mesa de Mezclas (est\u00e1ndar)","price":"55.00","price_type":"quantity_based","image":0,"visibility":true},{"label":"Soporte","price":"19.00","price_type":"quantity_based","image":0,"visibility":true},{"label":"DI Box","price":"5","price_type":"quantity_based","image":0,"visibility":true}]}],"acf":{"set_to_be_sold":false,"sale_description":"","sale_price":""},"_links":{"self":[{"href":"https:\/\/shinemusicrental.com\/es\/wp-json\/wp\/v2\/product\/2093","targetHints":{"allow":["GET"]}}],"collection":[{"href":"https:\/\/shinemusicrental.com\/es\/wp-json\/wp\/v2\/product"}],"about":[{"href":"https:\/\/shinemusicrental.com\/es\/wp-json\/wp\/v2\/types\/product"}],"replies":[{"embeddable":true,"href":"https:\/\/shinemusicrental.com\/es\/wp-json\/wp\/v2\/comments?post=2093"}],"wp:featuredmedia":[{"embeddable":true,"href":"https:\/\/shinemusicrental.com\/es\/wp-json\/wp\/v2\/media\/2092"}],"wp:attachment":[{"href":"https:\/\/shinemusicrental.com\/es\/wp-json\/wp\/v2\/media?parent=2093"}],"wp:term":[{"taxonomy":"product_brand","embeddable":true,"href":"https:\/\/shinemusicrental.com\/es\/wp-json\/wp\/v2\/product_brand?post=2093"},{"taxonomy":"product_cat","embeddable":true,"href":"https:\/\/shinemusicrental.com\/es\/wp-json\/wp\/v2\/product_cat?post=2093"},{"taxonomy":"product_tag","embeddable":true,"href":"https:\/\/shinemusicrental.com\/es\/wp-json\/wp\/v2\/product_tag?post=2093"}],"curies":[{"name":"wp","href":"https:\/\/api.w.org\/{rel}","templated":true}]}}