{"id":20821,"date":"2025-04-17T14:40:53","date_gmt":"2025-04-17T12:40:55","guid":{"rendered":"https:\/\/shinemusicrental.com\/?post_type=product&#038;p=20821"},"modified":"2025-04-17T14:46:27","modified_gmt":"2025-04-17T12:46:27","slug":"roland-e-x10-teclado","status":"publish","type":"product","link":"https:\/\/shinemusicrental.com\/es\/product\/roland-e-x10-teclado\/","title":{"rendered":"Roland E-X10 Teclado"},"content":{"rendered":"<p>El Roland E-X10 es un teclado port\u00e1til de 61 teclas dise\u00f1ado para estudiar, practicar o tocar en directo. Cuenta con teclas sensibles a la velocidad, lo que permite una interpretaci\u00f3n expresiva. Incorpora m\u00e1s de 600 sonidos de instrumentos y 140 estilos de acompa\u00f1amiento autom\u00e1tico, adapt\u00e1ndose a m\u00faltiples g\u00e9neros musicales. Incluye metr\u00f3nomo interno, funciones de teclado dividido y doble, as\u00ed como modos de aprendizaje integrados, \u00fatiles para quienes est\u00e1n en formaci\u00f3n. Su dise\u00f1o compacto y altavoces est\u00e9reo incorporados (2,5W + 2,5W) lo hacen f\u00e1cil de transportar y usar en cualquier lugar. Dispone de conexi\u00f3n MIDI por USB para trabajar con software de producci\u00f3n. Disponible mediante programas de Instrument Rental o para quienes buscan Rentar un Teclado por un periodo determinado.<\/p>\n","protected":false},"excerpt":{"rendered":"<p>El Roland E-X10 es un teclado port\u00e1til de 61 teclas dise\u00f1ado para estudiar, practicar o tocar en directo. Cuenta con teclas sensibles a la velocidad, lo que permite una interpretaci\u00f3n expresiva. Incorpora m\u00e1s de 600 sonidos de instrumentos y 140 estilos de acompa\u00f1amiento autom\u00e1tico, adapt\u00e1ndose a m\u00faltiples g\u00e9neros musicales.<\/p>\n","protected":false},"featured_media":20824,"comment_status":"open","ping_status":"closed","template":"","meta":{"_acf_changed":false,"content-type":""},"product_brand":[],"product_cat":[116,376],"product_tag":[661,461,560,584,463,489,591,557,559,477,659,480,487,602,481,483,485,593],"class_list":{"0":"post-20821","1":"product","2":"type-product","3":"status-publish","4":"has-post-thumbnail","6":"product_cat-instrumentos-de-teclado","7":"product_cat-teclados-es","8":"product_tag-alquilar-piano-digital","9":"product_tag-alquiler-de-instrumentos","10":"product_tag-alquiler-de-instrumentos-es","11":"product_tag-alquiler-de-instrumentos-es-2","12":"product_tag-alquiler-de-instrumentos-barcelona","13":"product_tag-alquiler-de-instrumentos-barcelona-es","14":"product_tag-alquiler-de-instrumentos-espana-es","15":"product_tag-alquiler-de-instrumentos-espana","16":"product_tag-instrumentos-de-contratacion","17":"product_tag-piano-es-2","18":"product_tag-piano-digital","19":"product_tag-piano-es-es","20":"product_tag-piano-espana","21":"product_tag-piano-yamaha","22":"product_tag-pianos-es","23":"product_tag-pianos-barcelona-es","24":"product_tag-pianos-de-alquiler","25":"product_tag-yamaha-es","27":"first","28":"instock","29":"featured","30":"sold-individually","31":"shipping-taxable","32":"purchasable","33":"product-type-booking"},"booking_location":"","booking_location_type":"","booking_duration":1,"booking_duration_unit":"day","booking_buffer":0,"booking_cost":0,"booking_resources":[],"exclude_global_add_ons":false,"addons":[{"name":"Deposit","type":"checkbox","position":0,"required":true,"title_format":"hide","default":"","description_enable":false,"description":"","placeholder_enable":false,"placeholder":"","display":"select","restrictions_type":"any_text","adjust_price":false,"price":"","price_type":"flat_fee","restrictions":false,"min":"0","max":"0","options":[{"label":"Deposit","price":"450","price_type":"flat_fee","image":0,"visibility":true}]},{"name":"PIANO EL\u00c9CTRICO","type":"checkbox","position":0,"required":true,"title_format":"label","default":"","description_enable":false,"description":"","placeholder_enable":false,"placeholder":"","display":"select","restrictions_type":"any_text","adjust_price":false,"price":"","price_type":"flat_fee","restrictions":false,"min":"0","max":"0","options":[{"label":"Pedal de Sustain de Calidad","price":"10.00","price_type":"quantity_based","image":0,"visibility":true},{"label":"Soporte","price":"10.00","price_type":"quantity_based","image":0,"visibility":true},{"label":"Taburete de Piano de Calidad","price":"25.00","price_type":"quantity_based","image":0,"visibility":true},{"label":"Taburete de Piano","price":"10.00","price_type":"quantity_based","image":0,"visibility":true}]}],"acf":{"set_to_be_sold":false,"sale_description":"","sale_price":""},"_links":{"self":[{"href":"https:\/\/shinemusicrental.com\/es\/wp-json\/wp\/v2\/product\/20821","targetHints":{"allow":["GET"]}}],"collection":[{"href":"https:\/\/shinemusicrental.com\/es\/wp-json\/wp\/v2\/product"}],"about":[{"href":"https:\/\/shinemusicrental.com\/es\/wp-json\/wp\/v2\/types\/product"}],"replies":[{"embeddable":true,"href":"https:\/\/shinemusicrental.com\/es\/wp-json\/wp\/v2\/comments?post=20821"}],"wp:featuredmedia":[{"embeddable":true,"href":"https:\/\/shinemusicrental.com\/es\/wp-json\/wp\/v2\/media\/20824"}],"wp:attachment":[{"href":"https:\/\/shinemusicrental.com\/es\/wp-json\/wp\/v2\/media?parent=20821"}],"wp:term":[{"taxonomy":"product_brand","embeddable":true,"href":"https:\/\/shinemusicrental.com\/es\/wp-json\/wp\/v2\/product_brand?post=20821"},{"taxonomy":"product_cat","embeddable":true,"href":"https:\/\/shinemusicrental.com\/es\/wp-json\/wp\/v2\/product_cat?post=20821"},{"taxonomy":"product_tag","embeddable":true,"href":"https:\/\/shinemusicrental.com\/es\/wp-json\/wp\/v2\/product_tag?post=20821"}],"curies":[{"name":"wp","href":"https:\/\/api.w.org\/{rel}","templated":true}]}}