{"id":20698,"date":"2025-04-10T14:49:34","date_gmt":"2025-04-10T12:49:35","guid":{"rendered":"https:\/\/shinemusicrental.com\/?post_type=product&#038;p=20698"},"modified":"2025-04-10T14:55:22","modified_gmt":"2025-04-10T12:55:22","slug":"quiles-e2-guitarra-clasica","status":"publish","type":"product","link":"https:\/\/shinemusicrental.com\/es\/product\/quiles-e2-guitarra-clasica\/","title":{"rendered":"Quiles E2 Guitarra Cl\u00e1sica"},"content":{"rendered":"<p>La Quiles E2 Guitarra Cl\u00e1sica es un instrumento de tama\u00f1o completo con cuerdas de nailon, construido seg\u00fan t\u00e9cnicas tradicionales espa\u00f1olas. Cuenta con una tapa de cedro macizo que proporciona un tono c\u00e1lido y resonante, con buena proyecci\u00f3n, ideal para repertorio cl\u00e1sico y t\u00e9cnicas de fingerstyle. Los aros y fondo son de caoba laminada, lo que ofrece estabilidad tonal y un equilibrio en las frecuencias medias. El m\u00e1stil de caoba con diapas\u00f3n de palisandro asegura una ejecuci\u00f3n c\u00f3moda y fluida. Incluye un acabado brillante y fileteado decorativo en madera. Es adecuada tanto para estudiantes de conservatorio como para m\u00fasica de conjunto. Este modelo puede estar disponible mediante servicios de Instrument Rental o para quienes buscan Rentar una Guitarra Cl\u00e1sica en un entorno acad\u00e9mico o esc\u00e9nico.<\/p>\n","protected":false},"excerpt":{"rendered":"<p>La Quiles E2 Guitarra Cl\u00e1sica es un instrumento de tama\u00f1o completo con cuerdas de nailon, construido seg\u00fan t\u00e9cnicas tradicionales espa\u00f1olas. Cuenta con una tapa de cedro macizo que proporciona un tono c\u00e1lido y resonante, con buena proyecci\u00f3n, ideal para repertorio cl\u00e1sico y t\u00e9cnicas de fingerstyle.<\/p>\n","protected":false},"featured_media":20701,"comment_status":"open","ping_status":"closed","template":"","meta":{"_acf_changed":false,"content-type":""},"product_brand":[],"product_cat":[177,193],"product_tag":[560,461,584,463,489,591,557,567,569,571,563,459,565,559],"class_list":{"0":"post-20698","1":"product","2":"type-product","3":"status-publish","4":"has-post-thumbnail","6":"product_cat-guitarras-y-bajos","7":"product_cat-guitarras-clasicas","8":"product_tag-alquiler-de-instrumentos-es","9":"product_tag-alquiler-de-instrumentos","10":"product_tag-alquiler-de-instrumentos-es-2","11":"product_tag-alquiler-de-instrumentos-barcelona","12":"product_tag-alquiler-de-instrumentos-barcelona-es","13":"product_tag-alquiler-de-instrumentos-espana-es","14":"product_tag-alquiler-de-instrumentos-espana","15":"product_tag-guitarra","16":"product_tag-guitarra-barcelona","17":"product_tag-guitarra-de-alquiler","18":"product_tag-guitarra-espana","19":"product_tag-guitarras","20":"product_tag-guitarras-es","21":"product_tag-instrumentos-de-contratacion","23":"first","24":"instock","25":"featured","26":"sold-individually","27":"shipping-taxable","28":"purchasable","29":"product-type-booking"},"booking_location":"","booking_location_type":"","booking_duration":1,"booking_duration_unit":"day","booking_buffer":0,"booking_cost":0,"booking_resources":[],"exclude_global_add_ons":false,"addons":[{"name":"Deposit","type":"checkbox","position":0,"required":true,"title_format":"hide","default":"","description_enable":false,"description":"","placeholder_enable":false,"placeholder":"","display":"select","restrictions_type":"any_text","adjust_price":false,"price":"","price_type":"flat_fee","restrictions":false,"min":"0","max":"0","options":[{"label":"Deposit","price":"450","price_type":"flat_fee","image":0,"visibility":true}]},{"name":"Guitarras Cl\u00e1sicas","type":"checkbox","position":0,"required":false,"title_format":"label","default":"","description_enable":false,"description":"","placeholder_enable":false,"placeholder":"","display":"select","restrictions_type":"any_text","adjust_price":false,"price":"","price_type":"flat_fee","restrictions":false,"min":"0","max":"0","options":[{"label":"Afinador","price":"5.00","price_type":"quantity_based","image":0,"visibility":true},{"label":"Apoyapi\u00e9s para Guitarra de Calidad","price":"9.00","price_type":"quantity_based","image":0,"visibility":true},{"label":"Apoyapi\u00e9s para Guitarra Est\u00e1ndar","price":"5.00","price_type":"quantity_based","image":0,"visibility":true},{"label":"Atril de Calidad","price":"9.00","price_type":"quantity_based","image":0,"visibility":true},{"label":"Atril","price":"5.00","price_type":"quantity_based","image":0,"visibility":true},{"label":"Capo - Guitarra Cl\u00e1sica","price":"5.00","price_type":"quantity_based","image":0,"visibility":true},{"label":"P\u00faa de Calidad","price":"2.00","price_type":"quantity_based","image":0,"visibility":true},{"label":"P\u00faa Est\u00e1ndar","price":"1.00","price_type":"quantity_based","image":0,"visibility":true}]}],"acf":{"set_to_be_sold":false,"sale_description":"","sale_price":""},"_links":{"self":[{"href":"https:\/\/shinemusicrental.com\/es\/wp-json\/wp\/v2\/product\/20698","targetHints":{"allow":["GET"]}}],"collection":[{"href":"https:\/\/shinemusicrental.com\/es\/wp-json\/wp\/v2\/product"}],"about":[{"href":"https:\/\/shinemusicrental.com\/es\/wp-json\/wp\/v2\/types\/product"}],"replies":[{"embeddable":true,"href":"https:\/\/shinemusicrental.com\/es\/wp-json\/wp\/v2\/comments?post=20698"}],"wp:featuredmedia":[{"embeddable":true,"href":"https:\/\/shinemusicrental.com\/es\/wp-json\/wp\/v2\/media\/20701"}],"wp:attachment":[{"href":"https:\/\/shinemusicrental.com\/es\/wp-json\/wp\/v2\/media?parent=20698"}],"wp:term":[{"taxonomy":"product_brand","embeddable":true,"href":"https:\/\/shinemusicrental.com\/es\/wp-json\/wp\/v2\/product_brand?post=20698"},{"taxonomy":"product_cat","embeddable":true,"href":"https:\/\/shinemusicrental.com\/es\/wp-json\/wp\/v2\/product_cat?post=20698"},{"taxonomy":"product_tag","embeddable":true,"href":"https:\/\/shinemusicrental.com\/es\/wp-json\/wp\/v2\/product_tag?post=20698"}],"curies":[{"name":"wp","href":"https:\/\/api.w.org\/{rel}","templated":true}]}}