{"id":2058,"date":"2022-10-28T15:41:16","date_gmt":"2022-10-28T13:41:16","guid":{"rendered":"http:\/\/www.shinemusicrental.com\/product\/gretsch-catalina-club-rock-swg-set-de-bateria\/"},"modified":"2023-03-21T12:25:40","modified_gmt":"2023-03-21T11:25:40","slug":"gretsch-catalina-club-rock-swg-set-de-bateria","status":"publish","type":"product","link":"https:\/\/shinemusicrental.com\/es\/product\/gretsch-catalina-club-rock-swg-set-de-bateria\/","title":{"rendered":"Gretsch Catalina Club Rock -SWG Set de Bater\u00eda"},"content":{"rendered":"<p>El conjunto de bater\u00eda Gretsch Catalina Club Rock-SWG es un instrumento musical vers\u00e1til y confiable, adecuado para una amplia gama de g\u00e9neros musicales. El conjunto incluye un bombo de 14&#215;24 pulgadas, un tom de 9&#215;13 pulgadas, un goliat de 16&#215;16 pulgadas y una caja de 6.5&#215;14 pulgadas a juego, todos con cascos de caoba de 7 capas. Los herrajes cl\u00e1sicos de Gretsch, que incluyen un soporte de tom y espolones de bombo, hacen que la configuraci\u00f3n y el desmontaje sean r\u00e1pidos y f\u00e1ciles. Adem\u00e1s, el acabado SWG (Silver White Glass) del conjunto agrega un toque de clase a su est\u00e9tica vintage.<\/p>\n<p>Este conjunto de bater\u00eda es una excelente opci\u00f3n para servicios de alquiler de instrumentos, ya que es duradero y f\u00e1cil de tocar. Su sonido vers\u00e1til y est\u00e9tica atemporal lo convierten en una elecci\u00f3n ideal para bateristas de todos los niveles de habilidad. Con el conjunto de bater\u00eda Gretsch Catalina Club Rock-SWG, tendr\u00e1s todo lo que necesitas para comenzar tu viaje musical, desde ensayos hasta actuaciones en vivo. Es como tener un compa\u00f1ero confiable a tu lado, preparado para producir un ritmo s\u00f3lido cada vez que te sientas detr\u00e1s de la bater\u00eda.<\/p>\n","protected":false},"excerpt":{"rendered":"<p><strong>Dep\u00f3sito: \u20ac320<\/strong><\/p>\n<p>Platos no incluidos.<\/p>\n<div id=\"gtx-trans\" style=\"position: absolute; left: 34px; top: 38.3333px;\">\n<div class=\"gtx-trans-icon\"><\/div>\n<\/div>\n","protected":false},"featured_media":2056,"comment_status":"open","ping_status":"closed","template":"","meta":{"_acf_changed":false,"content-type":""},"product_brand":[],"product_cat":[160,163],"product_tag":[560,461,584,463,489,591,557,552,457,543,539,541,537,559,917,465,468,469,473,472,475],"class_list":{"0":"post-2058","1":"product","2":"type-product","3":"status-publish","4":"has-post-thumbnail","6":"product_cat-baterias-y-percusion","7":"product_cat-baterias-acusticas","8":"product_tag-alquiler-de-instrumentos-es","9":"product_tag-alquiler-de-instrumentos","10":"product_tag-alquiler-de-instrumentos-es-2","11":"product_tag-alquiler-de-instrumentos-barcelona","12":"product_tag-alquiler-de-instrumentos-barcelona-es","13":"product_tag-alquiler-de-instrumentos-espana-es","14":"product_tag-alquiler-de-instrumentos-espana","15":"product_tag-bateria-es","16":"product_tag-baterias","17":"product_tag-baterias-barcelona","18":"product_tag-baterias-de-alquiler","19":"product_tag-baterias-es","20":"product_tag-baterias-espana","21":"product_tag-instrumentos-de-contratacion","22":"product_tag-pearl-es","23":"product_tag-percusion","24":"product_tag-percusiones","25":"product_tag-percusiones-barcelona","26":"product_tag-percusiones-de-alquiler","27":"product_tag-percusiones-es","28":"product_tag-percusiones-espana","30":"first","31":"instock","32":"sold-individually","33":"shipping-taxable","34":"purchasable","35":"product-type-booking"},"booking_location":"","booking_location_type":"","booking_duration":1,"booking_duration_unit":"day","booking_buffer":0,"booking_cost":0,"booking_resources":[],"exclude_global_add_ons":false,"addons":[{"name":"Dep\u00f3sito","type":"checkbox","position":0,"required":false,"title_format":"hide","default":"","description_enable":false,"description":"","placeholder_enable":false,"placeholder":"","display":"select","restrictions_type":"any_text","adjust_price":false,"price":"","price_type":"flat_fee","restrictions":false,"min":"0","max":"0","options":[{"label":"Dep\u00f3sito","price":"320","price_type":"flat_fee","image":0,"visibility":true}]},{"name":"Todas las Bater\u00edas","type":"checkbox","position":0,"required":false,"title_format":"label","default":"","description_enable":false,"description":"","placeholder_enable":false,"placeholder":"","display":"select","restrictions_type":"any_text","adjust_price":false,"price":"","price_type":"flat_fee","restrictions":false,"min":"0","max":"0","options":[{"label":"Baquetas","price":"6.00","price_type":"quantity_based","image":0,"visibility":true},{"label":"Set de Platillos","price":"48.00","price_type":"quantity_based","image":0,"visibility":true}]}],"acf":{"set_to_be_sold":false,"sale_description":"","sale_price":""},"_links":{"self":[{"href":"https:\/\/shinemusicrental.com\/es\/wp-json\/wp\/v2\/product\/2058","targetHints":{"allow":["GET"]}}],"collection":[{"href":"https:\/\/shinemusicrental.com\/es\/wp-json\/wp\/v2\/product"}],"about":[{"href":"https:\/\/shinemusicrental.com\/es\/wp-json\/wp\/v2\/types\/product"}],"replies":[{"embeddable":true,"href":"https:\/\/shinemusicrental.com\/es\/wp-json\/wp\/v2\/comments?post=2058"}],"wp:featuredmedia":[{"embeddable":true,"href":"https:\/\/shinemusicrental.com\/es\/wp-json\/wp\/v2\/media\/2056"}],"wp:attachment":[{"href":"https:\/\/shinemusicrental.com\/es\/wp-json\/wp\/v2\/media?parent=2058"}],"wp:term":[{"taxonomy":"product_brand","embeddable":true,"href":"https:\/\/shinemusicrental.com\/es\/wp-json\/wp\/v2\/product_brand?post=2058"},{"taxonomy":"product_cat","embeddable":true,"href":"https:\/\/shinemusicrental.com\/es\/wp-json\/wp\/v2\/product_cat?post=2058"},{"taxonomy":"product_tag","embeddable":true,"href":"https:\/\/shinemusicrental.com\/es\/wp-json\/wp\/v2\/product_tag?post=2058"}],"curies":[{"name":"wp","href":"https:\/\/api.w.org\/{rel}","templated":true}]}}