{"id":1978,"date":"2022-10-28T14:40:28","date_gmt":"2022-10-28T12:40:28","guid":{"rendered":"http:\/\/www.shinemusicrental.com\/product\/casio-ctk-3500-teclado-digital\/"},"modified":"2023-03-17T15:12:58","modified_gmt":"2023-03-17T14:12:58","slug":"casio-ctk-3500-teclado-digital","status":"publish","type":"product","link":"https:\/\/shinemusicrental.com\/es\/product\/casio-ctk-3500-teclado-digital\/","title":{"rendered":"Casio CTK-3500 Teclado Digital"},"content":{"rendered":"<p>El teclado Casio CTK-3500 es un instrumento musical vers\u00e1til y port\u00e1til adecuado para principiantes y m\u00fasicos intermedios. Con 61 teclas de tama\u00f1o completo y 400 tonos incorporados, ofrece una amplia gama de sonidos para diferentes g\u00e9neros musicales. Tambi\u00e9n cuenta con 100 ritmos integrados y un modo de m\u00fasica de baile que le permite crear sus propios beats y pistas de m\u00fasica de baile.<\/p>\n<p>El teclado cuenta con la tecnolog\u00eda de fuente de sonido AHL de Casio, que produce un sonido de alta calidad y una sensaci\u00f3n de piano realista. Tambi\u00e9n tiene una rueda de flexi\u00f3n de tono para tocar de manera expresiva y un puerto USB para una f\u00e1cil conectividad a una computadora o dispositivo m\u00f3vil.<\/p>\n<p>Si est\u00e1 buscando probar un nuevo instrumento, el teclado Casio CTK-3500 es una excelente opci\u00f3n para fines de alquiler de instrumentos. Ofrece una variedad de funciones y capacidades sin arruinar el presupuesto. En general, es un teclado s\u00f3lido que puede ayudarlo a desarrollar sus habilidades y creatividad, al igual que un pintor usa diferentes colores para crear una obra maestra.<\/p>\n","protected":false},"excerpt":{"rendered":"<p><strong>Dep\u00f3sito: \u20ac70<\/strong><\/p>\n<div id=\"gtx-trans\" style=\"position: absolute; left: 24px; top: 38.3333px;\">\n<div class=\"gtx-trans-icon\"><\/div>\n<\/div>\n","protected":false},"featured_media":1977,"comment_status":"open","ping_status":"closed","template":"","meta":{"_acf_changed":false,"content-type":""},"product_brand":[],"product_cat":[116,376],"product_tag":[461,560,584,463,489,591,557,559,477,480,487,481,483,485,921,922],"class_list":{"0":"post-1978","1":"product","2":"type-product","3":"status-publish","4":"has-post-thumbnail","6":"product_cat-instrumentos-de-teclado","7":"product_cat-teclados-es","8":"product_tag-alquiler-de-instrumentos","9":"product_tag-alquiler-de-instrumentos-es","10":"product_tag-alquiler-de-instrumentos-es-2","11":"product_tag-alquiler-de-instrumentos-barcelona","12":"product_tag-alquiler-de-instrumentos-barcelona-es","13":"product_tag-alquiler-de-instrumentos-espana-es","14":"product_tag-alquiler-de-instrumentos-espana","15":"product_tag-instrumentos-de-contratacion","16":"product_tag-piano-es-2","17":"product_tag-piano-es-es","18":"product_tag-piano-espana","19":"product_tag-pianos-es","20":"product_tag-pianos-barcelona-es","21":"product_tag-pianos-de-alquiler","22":"product_tag-teclado","23":"product_tag-teclado-de-alquiler","25":"first","26":"instock","27":"sold-individually","28":"shipping-taxable","29":"purchasable","30":"product-type-booking"},"booking_location":"","booking_location_type":"","booking_duration":1,"booking_duration_unit":"day","booking_buffer":0,"booking_cost":0,"booking_resources":[],"exclude_global_add_ons":false,"addons":[{"name":"Dep\u00f3sito","type":"checkbox","position":0,"required":false,"title_format":"hide","default":"","description_enable":false,"description":"","placeholder_enable":false,"placeholder":"","display":"select","restrictions_type":"any_text","adjust_price":false,"price":"","price_type":"flat_fee","restrictions":false,"min":"0","max":"0","options":[{"label":"Dep\u00f3sito","price":"70","price_type":"flat_fee","image":0,"visibility":true}]},{"name":"PIANO EL\u00c9CTRICO","type":"checkbox","position":0,"required":true,"title_format":"label","default":"","description_enable":false,"description":"","placeholder_enable":false,"placeholder":"","display":"select","restrictions_type":"any_text","adjust_price":false,"price":"","price_type":"flat_fee","restrictions":false,"min":"0","max":"0","options":[{"label":"Pedal de Sustain de Calidad","price":"10.00","price_type":"quantity_based","image":0,"visibility":true},{"label":"Soporte","price":"10.00","price_type":"quantity_based","image":0,"visibility":true},{"label":"Taburete de Piano de Calidad","price":"25.00","price_type":"quantity_based","image":0,"visibility":true},{"label":"Taburete de Piano","price":"10.00","price_type":"quantity_based","image":0,"visibility":true}]}],"acf":{"set_to_be_sold":false,"sale_description":"","sale_price":""},"_links":{"self":[{"href":"https:\/\/shinemusicrental.com\/es\/wp-json\/wp\/v2\/product\/1978","targetHints":{"allow":["GET"]}}],"collection":[{"href":"https:\/\/shinemusicrental.com\/es\/wp-json\/wp\/v2\/product"}],"about":[{"href":"https:\/\/shinemusicrental.com\/es\/wp-json\/wp\/v2\/types\/product"}],"replies":[{"embeddable":true,"href":"https:\/\/shinemusicrental.com\/es\/wp-json\/wp\/v2\/comments?post=1978"}],"wp:featuredmedia":[{"embeddable":true,"href":"https:\/\/shinemusicrental.com\/es\/wp-json\/wp\/v2\/media\/1977"}],"wp:attachment":[{"href":"https:\/\/shinemusicrental.com\/es\/wp-json\/wp\/v2\/media?parent=1978"}],"wp:term":[{"taxonomy":"product_brand","embeddable":true,"href":"https:\/\/shinemusicrental.com\/es\/wp-json\/wp\/v2\/product_brand?post=1978"},{"taxonomy":"product_cat","embeddable":true,"href":"https:\/\/shinemusicrental.com\/es\/wp-json\/wp\/v2\/product_cat?post=1978"},{"taxonomy":"product_tag","embeddable":true,"href":"https:\/\/shinemusicrental.com\/es\/wp-json\/wp\/v2\/product_tag?post=1978"}],"curies":[{"name":"wp","href":"https:\/\/api.w.org\/{rel}","templated":true}]}}