{"id":19617,"date":"2025-02-18T10:58:53","date_gmt":"2025-02-18T09:58:53","guid":{"rendered":"https:\/\/shinemusicrental.com\/?post_type=product&#038;p=19617"},"modified":"2025-11-06T17:42:42","modified_gmt":"2025-11-06T16:42:42","slug":"ld-systems-active-di-box","status":"publish","type":"product","link":"https:\/\/shinemusicrental.com\/es\/product\/ld-systems-active-di-box\/","title":{"rendered":"LD Systems Active Caja DI"},"content":{"rendered":"<p>El LD Systems Active DI Box es un dispositivo de inyecci\u00f3n directa profesional y resistente, dise\u00f1ado para convertir se\u00f1ales de instrumentos en se\u00f1ales balanceadas y limpias hacia consolas de mezcla. Cuenta con una entrada de alta impedancia adecuada para guitarras el\u00e9ctricas, bajos y teclados, asegurando respuesta de frecuencia precisa y m\u00ednima p\u00e9rdida de se\u00f1al. El dispositivo puede ser alimentado por phantom power o mediante una bater\u00eda interna de 9V, ofreciendo flexibilidad en escenarios o estudios. Un interruptor de aislamiento de tierra reduce zumbidos causados por bucles de tierra, mientras que un interruptor de atenuaci\u00f3n previene saturaci\u00f3n con se\u00f1ales de alto nivel. Su carcasa met\u00e1lica garantiza durabilidad durante el transporte y uso frecuente. Instrument Rental puede incluir el LD Systems Active DI Box para ensayos y presentaciones en vivo.<\/p>\n","protected":false},"excerpt":{"rendered":"<p>El LD Systems Active DI Box es un dispositivo de inyecci\u00f3n directa profesional y resistente, dise\u00f1ado para convertir se\u00f1ales de instrumentos en se\u00f1ales balanceadas y limpias hacia consolas de mezcla. Cuenta con una entrada de alta impedancia adecuada para guitarras el\u00e9ctricas, bajos y teclados, asegurando respuesta de frecuencia precisa y m\u00ednima p\u00e9rdida de se\u00f1al.<\/p>\n","protected":false},"featured_media":26519,"comment_status":"open","ping_status":"closed","template":"","meta":{"_acf_changed":false,"content-type":""},"product_brand":[],"product_cat":[331,343,348],"product_tag":[560,463,557,781,505,507,511,509,513,503,559],"class_list":{"0":"post-19617","1":"product","2":"type-product","3":"status-publish","4":"has-post-thumbnail","6":"product_cat-equipos-pa-y-de-audiodifusion","7":"product_cat-mesas-mezclas-equipo-dj","8":"product_cat-soportes-y-accesorios","9":"product_tag-alquiler-de-instrumentos-es","10":"product_tag-alquiler-de-instrumentos-barcelona","11":"product_tag-alquiler-de-instrumentos-espana","12":"product_tag-auriculares","13":"product_tag-equipo-de-estudio","14":"product_tag-equipo-de-estudio-barcelona","15":"product_tag-equipo-de-estudio-de-alquiler","16":"product_tag-equipo-de-estudio-es","17":"product_tag-equipo-de-estudio-espana","18":"product_tag-estudio","19":"product_tag-instrumentos-de-contratacion","21":"first","22":"instock","23":"sold-individually","24":"shipping-taxable","25":"purchasable","26":"product-type-booking"},"booking_location":"","booking_location_type":"","booking_duration":1,"booking_duration_unit":"day","booking_buffer":0,"booking_cost":0,"booking_resources":[],"exclude_global_add_ons":false,"addons":[{"name":"Deposit","type":"checkbox","position":0,"required":true,"title_format":"hide","default":"","description_enable":false,"description":"","placeholder_enable":false,"placeholder":"","display":"select","restrictions_type":"any_text","adjust_price":false,"price":"","price_type":"flat_fee","restrictions":false,"min":"0","max":"0","options":[{"label":"Deposit","price":"450","price_type":"flat_fee","image":0,"visibility":true}]},{"name":"ALTAVOCES PA","type":"checkbox","position":0,"required":false,"title_format":"label","default":"","description_enable":false,"description":"","placeholder_enable":false,"placeholder":"","display":"select","restrictions_type":"any_text","adjust_price":false,"price":"","price_type":"flat_fee","restrictions":false,"min":"0","max":"0","options":[{"label":"Cable de Instrumento Jack 1\/4","price":"5.00","price_type":"quantity_based","image":0,"visibility":true},{"label":"Cable XLR","price":"5.00","price_type":"quantity_based","image":0,"visibility":true},{"label":"Mesa de Mezclas (est\u00e1ndar)","price":"55.00","price_type":"quantity_based","image":0,"visibility":true},{"label":"Soporte","price":"19.00","price_type":"quantity_based","image":0,"visibility":true},{"label":"DI Box","price":"5","price_type":"quantity_based","image":0,"visibility":true}]}],"acf":{"set_to_be_sold":false,"sale_description":"","sale_price":""},"_links":{"self":[{"href":"https:\/\/shinemusicrental.com\/es\/wp-json\/wp\/v2\/product\/19617","targetHints":{"allow":["GET"]}}],"collection":[{"href":"https:\/\/shinemusicrental.com\/es\/wp-json\/wp\/v2\/product"}],"about":[{"href":"https:\/\/shinemusicrental.com\/es\/wp-json\/wp\/v2\/types\/product"}],"replies":[{"embeddable":true,"href":"https:\/\/shinemusicrental.com\/es\/wp-json\/wp\/v2\/comments?post=19617"}],"wp:featuredmedia":[{"embeddable":true,"href":"https:\/\/shinemusicrental.com\/es\/wp-json\/wp\/v2\/media\/26519"}],"wp:attachment":[{"href":"https:\/\/shinemusicrental.com\/es\/wp-json\/wp\/v2\/media?parent=19617"}],"wp:term":[{"taxonomy":"product_brand","embeddable":true,"href":"https:\/\/shinemusicrental.com\/es\/wp-json\/wp\/v2\/product_brand?post=19617"},{"taxonomy":"product_cat","embeddable":true,"href":"https:\/\/shinemusicrental.com\/es\/wp-json\/wp\/v2\/product_cat?post=19617"},{"taxonomy":"product_tag","embeddable":true,"href":"https:\/\/shinemusicrental.com\/es\/wp-json\/wp\/v2\/product_tag?post=19617"}],"curies":[{"name":"wp","href":"https:\/\/api.w.org\/{rel}","templated":true}]}}