{"id":1936,"date":"2022-10-28T14:00:25","date_gmt":"2022-10-28T12:00:25","guid":{"rendered":"http:\/\/www.shinemusicrental.com\/product\/bateria-pearl-exl725f-c248\/"},"modified":"2023-07-13T04:59:06","modified_gmt":"2023-07-13T02:59:06","slug":"bateria-pearl-exl725f-c248","status":"publish","type":"product","link":"https:\/\/shinemusicrental.com\/es\/product\/bateria-pearl-exl725f-c248\/","title":{"rendered":"Bater\u00eda Pearl EXL725F C248"},"content":{"rendered":"<p>El set de bater\u00eda Pearl EXL725F C248 se destaca como un set de bater\u00eda ejemplar que satisfar\u00e1 las demandas de cualquier percusionista profesional. Su hardware de primera categor\u00eda y los tambores hechos de madera de calidad superior aseguran que producir\u00e1 una calidad de sonido y durabilidad excepcionales. Este completo set de bater\u00eda consta de un bombo, un tambor de caja, dos tambores de rack, un tom de piso y un par de platillos hi-hat y crash, lo que lo convierte en un kit de bater\u00eda completo. Los tambores est\u00e1n recubiertos con un acabado de laca de alto brillo que proporciona una apariencia cl\u00e1sica y elegante. \u00a1Al alquilar el set de bater\u00eda Pearl EXL725F C248, podr\u00e1s llevar tus habilidades de bater\u00eda a alturas sin precedentes!<\/p>\n","protected":false},"excerpt":{"rendered":"<p><strong>Dep\u00f3sito: \u20ac450<\/strong><\/p>\n<p>Platos No Incluidos<\/p>\n<div id=\"gtx-trans\" style=\"position: absolute; left: 67px; top: 38.3333px;\">\n<div class=\"gtx-trans-icon\"><\/div>\n<\/div>\n","protected":false},"featured_media":1931,"comment_status":"open","ping_status":"closed","template":"","meta":{"_acf_changed":false,"content-type":""},"product_brand":[],"product_cat":[160,163],"product_tag":[560,461,584,463,489,591,557,552,457,543,539,541,537,559,917,465,468,469,473,472,475],"class_list":{"0":"post-1936","1":"product","2":"type-product","3":"status-publish","4":"has-post-thumbnail","6":"product_cat-baterias-y-percusion","7":"product_cat-baterias-acusticas","8":"product_tag-alquiler-de-instrumentos-es","9":"product_tag-alquiler-de-instrumentos","10":"product_tag-alquiler-de-instrumentos-es-2","11":"product_tag-alquiler-de-instrumentos-barcelona","12":"product_tag-alquiler-de-instrumentos-barcelona-es","13":"product_tag-alquiler-de-instrumentos-espana-es","14":"product_tag-alquiler-de-instrumentos-espana","15":"product_tag-bateria-es","16":"product_tag-baterias","17":"product_tag-baterias-barcelona","18":"product_tag-baterias-de-alquiler","19":"product_tag-baterias-es","20":"product_tag-baterias-espana","21":"product_tag-instrumentos-de-contratacion","22":"product_tag-pearl-es","23":"product_tag-percusion","24":"product_tag-percusiones","25":"product_tag-percusiones-barcelona","26":"product_tag-percusiones-de-alquiler","27":"product_tag-percusiones-es","28":"product_tag-percusiones-espana","30":"first","31":"instock","32":"sold-individually","33":"shipping-taxable","34":"purchasable","35":"product-type-booking"},"booking_location":"","booking_location_type":"","booking_duration":1,"booking_duration_unit":"day","booking_buffer":0,"booking_cost":0,"booking_resources":[],"exclude_global_add_ons":false,"addons":[{"name":"Dep\u00f3sito","type":"checkbox","position":0,"required":false,"title_format":"hide","default":"","description_enable":false,"description":"","placeholder_enable":false,"placeholder":"","display":"select","restrictions_type":"any_text","adjust_price":false,"price":"","price_type":"flat_fee","restrictions":false,"min":"0","max":"0","options":[{"label":"Dep\u00f3sito","price":"450","price_type":"flat_fee","image":0,"visibility":true}]},{"name":"Todas las Bater\u00edas","type":"checkbox","position":0,"required":false,"title_format":"label","default":"","description_enable":false,"description":"","placeholder_enable":false,"placeholder":"","display":"select","restrictions_type":"any_text","adjust_price":false,"price":"","price_type":"flat_fee","restrictions":false,"min":"0","max":"0","options":[{"label":"Baquetas","price":"6.00","price_type":"quantity_based","image":0,"visibility":true},{"label":"Set de Platillos","price":"48.00","price_type":"quantity_based","image":0,"visibility":true}]}],"acf":{"set_to_be_sold":false,"sale_description":"","sale_price":""},"_links":{"self":[{"href":"https:\/\/shinemusicrental.com\/es\/wp-json\/wp\/v2\/product\/1936","targetHints":{"allow":["GET"]}}],"collection":[{"href":"https:\/\/shinemusicrental.com\/es\/wp-json\/wp\/v2\/product"}],"about":[{"href":"https:\/\/shinemusicrental.com\/es\/wp-json\/wp\/v2\/types\/product"}],"replies":[{"embeddable":true,"href":"https:\/\/shinemusicrental.com\/es\/wp-json\/wp\/v2\/comments?post=1936"}],"wp:featuredmedia":[{"embeddable":true,"href":"https:\/\/shinemusicrental.com\/es\/wp-json\/wp\/v2\/media\/1931"}],"wp:attachment":[{"href":"https:\/\/shinemusicrental.com\/es\/wp-json\/wp\/v2\/media?parent=1936"}],"wp:term":[{"taxonomy":"product_brand","embeddable":true,"href":"https:\/\/shinemusicrental.com\/es\/wp-json\/wp\/v2\/product_brand?post=1936"},{"taxonomy":"product_cat","embeddable":true,"href":"https:\/\/shinemusicrental.com\/es\/wp-json\/wp\/v2\/product_cat?post=1936"},{"taxonomy":"product_tag","embeddable":true,"href":"https:\/\/shinemusicrental.com\/es\/wp-json\/wp\/v2\/product_tag?post=1936"}],"curies":[{"name":"wp","href":"https:\/\/api.w.org\/{rel}","templated":true}]}}