{"id":19137,"date":"2025-01-13T10:27:05","date_gmt":"2025-01-13T09:27:05","guid":{"rendered":"https:\/\/shinemusicrental.com\/product\/audix-d6-kick-drum-microphone\/"},"modified":"2025-01-13T10:45:57","modified_gmt":"2025-01-13T09:45:57","slug":"audix-d6-microfono-para-bombo","status":"publish","type":"product","link":"https:\/\/shinemusicrental.com\/es\/product\/audix-d6-microfono-para-bombo\/","title":{"rendered":"Audix D6 Micr\u00f3fono para Bombo"},"content":{"rendered":"<div class=\"flex-shrink-0 flex flex-col relative items-end\">\n<div class=\"pt-0\">\n<div class=\"gizmo-bot-avatar flex h-8 w-8 items-center justify-center overflow-hidden rounded-full\">\n<div class=\"relative p-1 rounded-sm flex items-center justify-center bg-token-main-surface-primary text-token-text-primary h-8 w-8\">\n<p>El <strong>Audix D6 Kick Drum Microphone<\/strong> est\u00e1 dise\u00f1ado para capturar instrumentos de bajas frecuencias con precisi\u00f3n. Su <strong>c\u00e1psula din\u00e1mica<\/strong> y su <strong>patr\u00f3n polar cardioide<\/strong> garantizan un sonido enfocado mientras minimizan la interferencia de otros instrumentos. Optimizado para bombos, cuenta con una respuesta de frecuencia de <strong>30 Hz a 15 kHz<\/strong>, ofreciendo graves profundos y un ataque n\u00edtido.<\/p>\n<p>La carcasa de aluminio ligero es resistente, lo que lo hace ideal tanto para presentaciones en vivo como para estudios de grabaci\u00f3n. Con un manejo de SPL alto de <strong>144 dB<\/strong>, el D6 puede captar la potencia de actuaciones intensas sin distorsi\u00f3n. Si necesitas una opci\u00f3n confiable para un evento o grabaci\u00f3n, considera el <strong>alquiler de instrumentos<\/strong> para acceder a micr\u00f3fonos profesionales. Tambi\u00e9n puedes <strong>alquilar un micr\u00f3fono para bater\u00eda<\/strong> para completar tu equipo.<\/p>\n<\/div>\n<\/div>\n<\/div>\n<\/div>\n","protected":false},"excerpt":{"rendered":"<p>El <strong>Audix D6 Kick Drum Microphone<\/strong> est\u00e1 dise\u00f1ado para capturar instrumentos de bajas frecuencias con precisi\u00f3n. Su <strong>c\u00e1psula din\u00e1mica<\/strong> y su <strong>patr\u00f3n polar cardioide<\/strong> garantizan un sonido enfocado mientras minimizan la interferencia de otros instrumentos.<\/p>\n","protected":false},"featured_media":19135,"comment_status":"open","ping_status":"closed","template":"","meta":{"_acf_changed":false,"content-type":""},"product_brand":[],"product_cat":[160,988,331,341],"product_tag":[560,461,584,463,489,591,557,1154,552,457,543,539,541,537,1155,559,917,465,468,469,473,472,475],"class_list":{"0":"post-19137","1":"product","2":"type-product","3":"status-publish","4":"has-post-thumbnail","6":"product_cat-baterias-y-percusion","7":"product_cat-microfonos-para-bateria","8":"product_cat-equipos-pa-y-de-audiodifusion","9":"product_cat-microfonos","10":"product_tag-alquiler-de-instrumentos-es","11":"product_tag-alquiler-de-instrumentos","12":"product_tag-alquiler-de-instrumentos-es-2","13":"product_tag-alquiler-de-instrumentos-barcelona","14":"product_tag-alquiler-de-instrumentos-barcelona-es","15":"product_tag-alquiler-de-instrumentos-espana-es","16":"product_tag-alquiler-de-instrumentos-espana","17":"product_tag-audix-es","18":"product_tag-bateria-es","19":"product_tag-baterias","20":"product_tag-baterias-barcelona","21":"product_tag-baterias-de-alquiler","22":"product_tag-baterias-es","23":"product_tag-baterias-espana","24":"product_tag-d6-es","25":"product_tag-instrumentos-de-contratacion","26":"product_tag-pearl-es","27":"product_tag-percusion","28":"product_tag-percusiones","29":"product_tag-percusiones-barcelona","30":"product_tag-percusiones-de-alquiler","31":"product_tag-percusiones-es","32":"product_tag-percusiones-espana","34":"first","35":"instock","36":"featured","37":"sold-individually","38":"shipping-taxable","39":"purchasable","40":"product-type-booking"},"booking_location":"","booking_location_type":"","booking_duration":1,"booking_duration_unit":"day","booking_buffer":0,"booking_cost":0,"booking_resources":[],"exclude_global_add_ons":false,"addons":[{"name":"Deposit","type":"checkbox","position":0,"required":false,"title_format":"label","default":"","description_enable":false,"description":"","placeholder_enable":false,"placeholder":"","display":"select","restrictions_type":"any_text","adjust_price":false,"price":"","price_type":"flat_fee","restrictions":false,"min":"0","max":"0","options":[{"label":"Deposit","price":"150","price_type":"flat_fee","image":0,"visibility":true}]},{"name":"Todas las Bater\u00edas","type":"checkbox","position":0,"required":false,"title_format":"label","default":"","description_enable":false,"description":"","placeholder_enable":false,"placeholder":"","display":"select","restrictions_type":"any_text","adjust_price":false,"price":"","price_type":"flat_fee","restrictions":false,"min":"0","max":"0","options":[{"label":"Baquetas","price":"6.00","price_type":"quantity_based","image":0,"visibility":true},{"label":"Set de Platillos","price":"48.00","price_type":"quantity_based","image":0,"visibility":true}]}],"acf":{"set_to_be_sold":false,"sale_description":"","sale_price":""},"_links":{"self":[{"href":"https:\/\/shinemusicrental.com\/es\/wp-json\/wp\/v2\/product\/19137","targetHints":{"allow":["GET"]}}],"collection":[{"href":"https:\/\/shinemusicrental.com\/es\/wp-json\/wp\/v2\/product"}],"about":[{"href":"https:\/\/shinemusicrental.com\/es\/wp-json\/wp\/v2\/types\/product"}],"replies":[{"embeddable":true,"href":"https:\/\/shinemusicrental.com\/es\/wp-json\/wp\/v2\/comments?post=19137"}],"wp:featuredmedia":[{"embeddable":true,"href":"https:\/\/shinemusicrental.com\/es\/wp-json\/wp\/v2\/media\/19135"}],"wp:attachment":[{"href":"https:\/\/shinemusicrental.com\/es\/wp-json\/wp\/v2\/media?parent=19137"}],"wp:term":[{"taxonomy":"product_brand","embeddable":true,"href":"https:\/\/shinemusicrental.com\/es\/wp-json\/wp\/v2\/product_brand?post=19137"},{"taxonomy":"product_cat","embeddable":true,"href":"https:\/\/shinemusicrental.com\/es\/wp-json\/wp\/v2\/product_cat?post=19137"},{"taxonomy":"product_tag","embeddable":true,"href":"https:\/\/shinemusicrental.com\/es\/wp-json\/wp\/v2\/product_tag?post=19137"}],"curies":[{"name":"wp","href":"https:\/\/api.w.org\/{rel}","templated":true}]}}