{"id":1908,"date":"2022-10-28T11:15:24","date_gmt":"2022-10-28T09:15:24","guid":{"rendered":"http:\/\/www.shinemusicrental.com\/product\/admira-sara-guitarra-espanola-electrificada\/"},"modified":"2024-04-09T17:02:22","modified_gmt":"2024-04-09T15:02:22","slug":"admira-sara-guitarra-espanola-electrificada","status":"publish","type":"product","link":"https:\/\/shinemusicrental.com\/es\/product\/admira-sara-guitarra-espanola-electrificada\/","title":{"rendered":"Admira Sara Guitarra Espa\u00f1ola Electrificada"},"content":{"rendered":"<p>La guitarra espa\u00f1ola electrificada Admira Sara es un instrumento excepcional de gran calidad, que cuenta con un tono rico y una excepcional capacidad de interpretaci\u00f3n. Consta de una tapa de cedro macizo, junto con fondo y aros de palisandro, creando un sonido c\u00e1lido y bien proporcionado que es muy adecuado para los g\u00e9neros de m\u00fasica cl\u00e1sica y flamenca.<\/p>\n<p>Con su dise\u00f1o de corte, los int\u00e9rpretes de la Admira Sara pueden acceder f\u00e1cilmente a trastes m\u00e1s altos que permiten una interpretaci\u00f3n m\u00e1s intrincada, y el sistema de preamplificador Fishman Presys II otorga a los m\u00fasicos capacidades de amplificaci\u00f3n y control de tono.<\/p>\n<p>Esta guitarra es la elecci\u00f3n perfecta para int\u00e9rpretes intermedios a avanzados, lo que la convierte en una opci\u00f3n impecable para actuaciones en vivo o sesiones de grabaci\u00f3n. Adem\u00e1s, tambi\u00e9n est\u00e1 disponible para alquiler de instrumentos, lo que es una oportunidad perfecta para personas que no est\u00e1n seguras de hacer una compra permanente.<\/p>\n<p>Tocar la Admira Sara se puede comparar con la acci\u00f3n de pintar con un pincel: cada nota es como una pincelada en un lienzo, creando una hermosa obra maestra musical visual. Ya sea que seas un int\u00e9rprete experimentado o que reci\u00e9n est\u00e9s comenzando tu camino musical, la Admira Sara seguramente dejar\u00e1 una impresi\u00f3n indeleble.<\/p>\n","protected":false},"excerpt":{"rendered":"<p><strong>Dep\u00f3sito: \u20ac50<\/strong><\/p>\n<div id=\"gtx-trans\" style=\"position: absolute; left: -166px; top: 38.3333px;\">\n<div class=\"gtx-trans-icon\"><\/div>\n<\/div>\n","protected":false},"featured_media":1907,"comment_status":"open","ping_status":"closed","template":"","meta":{"_acf_changed":false,"content-type":""},"product_brand":[],"product_cat":[177,193,207],"product_tag":[560,461,584,463,489,591,557,567,569,571,563,459,565,559],"class_list":{"0":"post-1908","1":"product","2":"type-product","3":"status-publish","4":"has-post-thumbnail","6":"product_cat-guitarras-y-bajos","7":"product_cat-guitarras-clasicas","8":"product_cat-guitarras-espanolas","9":"product_tag-alquiler-de-instrumentos-es","10":"product_tag-alquiler-de-instrumentos","11":"product_tag-alquiler-de-instrumentos-es-2","12":"product_tag-alquiler-de-instrumentos-barcelona","13":"product_tag-alquiler-de-instrumentos-barcelona-es","14":"product_tag-alquiler-de-instrumentos-espana-es","15":"product_tag-alquiler-de-instrumentos-espana","16":"product_tag-guitarra","17":"product_tag-guitarra-barcelona","18":"product_tag-guitarra-de-alquiler","19":"product_tag-guitarra-espana","20":"product_tag-guitarras","21":"product_tag-guitarras-es","22":"product_tag-instrumentos-de-contratacion","24":"first","25":"instock","26":"sold-individually","27":"shipping-taxable","28":"purchasable","29":"product-type-booking"},"booking_location":"","booking_location_type":"","booking_duration":1,"booking_duration_unit":"day","booking_buffer":0,"booking_cost":0,"booking_resources":[],"exclude_global_add_ons":false,"addons":[{"name":"Dep\u00f3sito","type":"checkbox","position":0,"required":false,"title_format":"hide","default":"","description_enable":false,"description":"","placeholder_enable":false,"placeholder":"","display":"select","restrictions_type":"any_text","adjust_price":false,"price":"","price_type":"flat_fee","restrictions":false,"min":"0","max":"0","options":[{"label":"Dep\u00f3sito","price":"50","price_type":"flat_fee","image":0,"visibility":true}]},{"name":"Guitarras Cl\u00e1sicas","type":"checkbox","position":0,"required":false,"title_format":"label","default":"","description_enable":false,"description":"","placeholder_enable":false,"placeholder":"","display":"select","restrictions_type":"any_text","adjust_price":false,"price":"","price_type":"flat_fee","restrictions":false,"min":"0","max":"0","options":[{"label":"Afinador","price":"5.00","price_type":"quantity_based","image":0,"visibility":true},{"label":"Apoyapi\u00e9s para Guitarra de Calidad","price":"9.00","price_type":"quantity_based","image":0,"visibility":true},{"label":"Apoyapi\u00e9s para Guitarra Est\u00e1ndar","price":"5.00","price_type":"quantity_based","image":0,"visibility":true},{"label":"Atril de Calidad","price":"9.00","price_type":"quantity_based","image":0,"visibility":true},{"label":"Atril","price":"5.00","price_type":"quantity_based","image":0,"visibility":true},{"label":"Capo - Guitarra Cl\u00e1sica","price":"5.00","price_type":"quantity_based","image":0,"visibility":true},{"label":"P\u00faa de Calidad","price":"2.00","price_type":"quantity_based","image":0,"visibility":true},{"label":"P\u00faa Est\u00e1ndar","price":"1.00","price_type":"quantity_based","image":0,"visibility":true}]}],"acf":{"set_to_be_sold":false,"sale_description":"","sale_price":""},"_links":{"self":[{"href":"https:\/\/shinemusicrental.com\/es\/wp-json\/wp\/v2\/product\/1908","targetHints":{"allow":["GET"]}}],"collection":[{"href":"https:\/\/shinemusicrental.com\/es\/wp-json\/wp\/v2\/product"}],"about":[{"href":"https:\/\/shinemusicrental.com\/es\/wp-json\/wp\/v2\/types\/product"}],"replies":[{"embeddable":true,"href":"https:\/\/shinemusicrental.com\/es\/wp-json\/wp\/v2\/comments?post=1908"}],"wp:featuredmedia":[{"embeddable":true,"href":"https:\/\/shinemusicrental.com\/es\/wp-json\/wp\/v2\/media\/1907"}],"wp:attachment":[{"href":"https:\/\/shinemusicrental.com\/es\/wp-json\/wp\/v2\/media?parent=1908"}],"wp:term":[{"taxonomy":"product_brand","embeddable":true,"href":"https:\/\/shinemusicrental.com\/es\/wp-json\/wp\/v2\/product_brand?post=1908"},{"taxonomy":"product_cat","embeddable":true,"href":"https:\/\/shinemusicrental.com\/es\/wp-json\/wp\/v2\/product_cat?post=1908"},{"taxonomy":"product_tag","embeddable":true,"href":"https:\/\/shinemusicrental.com\/es\/wp-json\/wp\/v2\/product_tag?post=1908"}],"curies":[{"name":"wp","href":"https:\/\/api.w.org\/{rel}","templated":true}]}}