{"id":18964,"date":"2024-12-24T13:45:11","date_gmt":"2024-12-24T12:45:14","guid":{"rendered":"https:\/\/shinemusicrental.com\/?post_type=product&#038;p=18964"},"modified":"2024-12-24T13:50:45","modified_gmt":"2024-12-24T12:50:45","slug":"yamaha-rydeen-rdp2f5-set-de-bateria","status":"publish","type":"product","link":"https:\/\/shinemusicrental.com\/es\/product\/yamaha-rydeen-rdp2f5-set-de-bateria\/","title":{"rendered":"Yamaha Rydeen RDP2F5 Set de Bater\u00eda"},"content":{"rendered":"<p>La <strong>Bater\u00eda<\/strong> <strong>Yamaha Rydeen RDP2F5 <\/strong>es una opci\u00f3n confiable para bateristas que buscan calidad y rendimiento. Este kit de 5 piezas incluye un bombo de 22&#8243;, toms montados de 10&#8243; y 12&#8243;, un tom de piso de 16&#8243; y una caja de 14&#8243;, ofreciendo un sonido completo y equilibrado, ideal para diversos estilos. Fabricado con cascos de \u00e1lamo de 6 capas, garantiza una excelente resonancia y durabilidad. El sistema de montaje esf\u00e9rico y abrazaderas permite posicionar los toms con precisi\u00f3n para una ejecuci\u00f3n \u00f3ptima. Complementado con el hardware robusto de Yamaha, el kit est\u00e1 dise\u00f1ado para ofrecer estabilidad durante las actuaciones. Ideal para ensayos o presentaciones, este kit est\u00e1 disponible a trav\u00e9s de servicios de <strong>alquiler de instrumentos<\/strong>, brindando una soluci\u00f3n accesible para m\u00fasicos. Consid\u00e9ralo si necesitas <strong>alquilar una bater\u00eda<\/strong>.<\/p>\n<p>*PLATOS NO INCLUIDOS<\/p>\n","protected":false},"excerpt":{"rendered":"<p>La <strong>Bater\u00eda<\/strong> <strong>Yamaha Rydeen RDP2F5 <\/strong>es una opci\u00f3n confiable para bateristas que buscan calidad y rendimiento. Este kit de 5 piezas incluye un bombo de 22&#8243;, toms montados de 10&#8243; y 12&#8243;, un tom de piso de 16&#8243; y una caja de 14&#8243;, ofreciendo un sonido completo y equilibrado, ideal para diversos estilos.<\/p>\n<p>*PLATOS NO INCLUIDOS<\/p>\n","protected":false},"featured_media":18967,"comment_status":"open","ping_status":"closed","template":"","meta":{"_acf_changed":false,"content-type":""},"product_brand":[],"product_cat":[160,163],"product_tag":[560,461,584,463,489,591,557,552,457,543,539,541,537,559,917,465,468,469,473,472,475,593],"class_list":{"0":"post-18964","1":"product","2":"type-product","3":"status-publish","4":"has-post-thumbnail","6":"product_cat-baterias-y-percusion","7":"product_cat-baterias-acusticas","8":"product_tag-alquiler-de-instrumentos-es","9":"product_tag-alquiler-de-instrumentos","10":"product_tag-alquiler-de-instrumentos-es-2","11":"product_tag-alquiler-de-instrumentos-barcelona","12":"product_tag-alquiler-de-instrumentos-barcelona-es","13":"product_tag-alquiler-de-instrumentos-espana-es","14":"product_tag-alquiler-de-instrumentos-espana","15":"product_tag-bateria-es","16":"product_tag-baterias","17":"product_tag-baterias-barcelona","18":"product_tag-baterias-de-alquiler","19":"product_tag-baterias-es","20":"product_tag-baterias-espana","21":"product_tag-instrumentos-de-contratacion","22":"product_tag-pearl-es","23":"product_tag-percusion","24":"product_tag-percusiones","25":"product_tag-percusiones-barcelona","26":"product_tag-percusiones-de-alquiler","27":"product_tag-percusiones-es","28":"product_tag-percusiones-espana","29":"product_tag-yamaha-es","31":"first","32":"instock","33":"featured","34":"sold-individually","35":"shipping-taxable","36":"purchasable","37":"product-type-booking"},"booking_location":"","booking_location_type":"","booking_duration":1,"booking_duration_unit":"day","booking_buffer":0,"booking_cost":0,"booking_resources":[],"exclude_global_add_ons":false,"addons":[{"name":"Deposit","type":"checkbox","position":0,"required":true,"title_format":"hide","default":"","description_enable":false,"description":"","placeholder_enable":false,"placeholder":"","display":"select","restrictions_type":"any_text","adjust_price":false,"price":"","price_type":"flat_fee","restrictions":false,"min":"0","max":"0","options":[{"label":"Deposit","price":"450","price_type":"flat_fee","image":0,"visibility":true}]},{"name":"Todas las Bater\u00edas","type":"checkbox","position":0,"required":false,"title_format":"label","default":"","description_enable":false,"description":"","placeholder_enable":false,"placeholder":"","display":"select","restrictions_type":"any_text","adjust_price":false,"price":"","price_type":"flat_fee","restrictions":false,"min":"0","max":"0","options":[{"label":"Baquetas","price":"6.00","price_type":"quantity_based","image":0,"visibility":true},{"label":"Set de Platillos","price":"48.00","price_type":"quantity_based","image":0,"visibility":true}]}],"acf":{"set_to_be_sold":false,"sale_description":"","sale_price":""},"_links":{"self":[{"href":"https:\/\/shinemusicrental.com\/es\/wp-json\/wp\/v2\/product\/18964","targetHints":{"allow":["GET"]}}],"collection":[{"href":"https:\/\/shinemusicrental.com\/es\/wp-json\/wp\/v2\/product"}],"about":[{"href":"https:\/\/shinemusicrental.com\/es\/wp-json\/wp\/v2\/types\/product"}],"replies":[{"embeddable":true,"href":"https:\/\/shinemusicrental.com\/es\/wp-json\/wp\/v2\/comments?post=18964"}],"wp:featuredmedia":[{"embeddable":true,"href":"https:\/\/shinemusicrental.com\/es\/wp-json\/wp\/v2\/media\/18967"}],"wp:attachment":[{"href":"https:\/\/shinemusicrental.com\/es\/wp-json\/wp\/v2\/media?parent=18964"}],"wp:term":[{"taxonomy":"product_brand","embeddable":true,"href":"https:\/\/shinemusicrental.com\/es\/wp-json\/wp\/v2\/product_brand?post=18964"},{"taxonomy":"product_cat","embeddable":true,"href":"https:\/\/shinemusicrental.com\/es\/wp-json\/wp\/v2\/product_cat?post=18964"},{"taxonomy":"product_tag","embeddable":true,"href":"https:\/\/shinemusicrental.com\/es\/wp-json\/wp\/v2\/product_tag?post=18964"}],"curies":[{"name":"wp","href":"https:\/\/api.w.org\/{rel}","templated":true}]}}