{"id":18781,"date":"2024-11-29T17:46:22","date_gmt":"2024-11-29T16:46:23","guid":{"rendered":"https:\/\/shinemusicrental.com\/?post_type=product&#038;p=18781"},"modified":"2024-12-03T13:46:58","modified_gmt":"2024-12-03T12:46:58","slug":"epiphone-j-200-ec-studio-black-guitarra-acustica","status":"publish","type":"product","link":"https:\/\/shinemusicrental.com\/es\/product\/epiphone-j-200-ec-studio-black-guitarra-acustica\/","title":{"rendered":"Epiphone J-200 EC Studio Black Guitarra Ac\u00fastica"},"content":{"rendered":"<p>La guitarra ac\u00fastica Epiphone J-200 EC Studio Black ofrece un sonido rico y con cuerpo con un atractivo visual distintivo. Con una tapa de abeto macizo combinada con fondo y aros de arce selectos, esta guitarra garantiza una excelente proyecci\u00f3n y claridad tonal. Su m\u00e1stil de perfil en D SlimTaper y su diapas\u00f3n de Pau Ferro ofrecen una ejecuci\u00f3n suave, ideal tanto para rasguear como para tocar con los dedos. El sistema electr\u00f3nico Fishman Sonitone incorporado proporciona una amplificaci\u00f3n confiable para presentaciones en vivo, con controles ubicados discretamente para un f\u00e1cil acceso. Ya sea que est\u00e9 grabando o tocando en vivo, esta guitarra se adapta a la perfecci\u00f3n. Considere el alquiler de instrumentos para tener acceso a corto plazo a instrumentos premium o alquile una guitarra ac\u00fastica para proyectos espec\u00edficos. El cuerpo jumbo y el dise\u00f1o con corte de la J-200 EC Studio combinan estilo, comodidad y sonido potente en un solo paquete.<\/p>\n","protected":false},"excerpt":{"rendered":"<p>La guitarra ac\u00fastica Epiphone J-200 EC Studio Black ofrece un sonido rico y con cuerpo con un atractivo visual distintivo. Con una tapa de abeto macizo combinada con fondo y aros de arce selectos, esta guitarra garantiza una excelente proyecci\u00f3n y claridad tonal.<\/p>\n","protected":false},"featured_media":18784,"comment_status":"open","ping_status":"closed","template":"","meta":{"_acf_changed":false,"content-type":""},"product_brand":[],"product_cat":[177,181],"product_tag":[560,461,584,463,489,591,557,606,567,569,571,563,459,565,559],"class_list":{"0":"post-18781","1":"product","2":"type-product","3":"status-publish","4":"has-post-thumbnail","6":"product_cat-guitarras-y-bajos","7":"product_cat-guitarras-acusticas","8":"product_tag-alquiler-de-instrumentos-es","9":"product_tag-alquiler-de-instrumentos","10":"product_tag-alquiler-de-instrumentos-es-2","11":"product_tag-alquiler-de-instrumentos-barcelona","12":"product_tag-alquiler-de-instrumentos-barcelona-es","13":"product_tag-alquiler-de-instrumentos-espana-es","14":"product_tag-alquiler-de-instrumentos-espana","15":"product_tag-electroacustica-es","16":"product_tag-guitarra","17":"product_tag-guitarra-barcelona","18":"product_tag-guitarra-de-alquiler","19":"product_tag-guitarra-espana","20":"product_tag-guitarras","21":"product_tag-guitarras-es","22":"product_tag-instrumentos-de-contratacion","24":"first","25":"instock","26":"featured","27":"sold-individually","28":"shipping-taxable","29":"purchasable","30":"product-type-booking"},"booking_location":"","booking_location_type":"","booking_duration":1,"booking_duration_unit":"day","booking_buffer":0,"booking_cost":0,"booking_resources":[],"exclude_global_add_ons":false,"addons":[{"name":"Deposit","type":"checkbox","position":0,"required":true,"title_format":"hide","default":"","description_enable":false,"description":"","placeholder_enable":false,"placeholder":"","display":"select","restrictions_type":"any_text","adjust_price":false,"price":"","price_type":"flat_fee","restrictions":false,"min":"0","max":"0","options":[{"label":"Deposit","price":"450","price_type":"flat_fee","image":0,"visibility":true}]},{"name":"Guitarras Ac\u00fasticas","type":"checkbox","position":0,"required":false,"title_format":"label","default":"","description_enable":false,"description":"","placeholder_enable":false,"placeholder":"","display":"select","restrictions_type":"any_text","adjust_price":false,"price":"","price_type":"flat_fee","restrictions":false,"min":"0","max":"0","options":[{"label":"Cable de Instrumento Jack 1\/4","price":"5.00","price_type":"quantity_based","image":0,"visibility":true},{"label":"P\u00faa de Calidad","price":"2.00","price_type":"quantity_based","image":0,"visibility":true},{"label":"P\u00faa Est\u00e1ndar","price":"1.00","price_type":"quantity_based","image":0,"visibility":true},{"label":"Correa","price":"5.00","price_type":"quantity_based","image":0,"visibility":true},{"label":"Capo","price":"5.00","price_type":"quantity_based","image":0,"visibility":true},{"label":"Afinador","price":"5.00","price_type":"quantity_based","image":0,"visibility":true},{"label":"Atril de Calidad","price":"9.00","price_type":"quantity_based","image":0,"visibility":true},{"label":"Atril","price":"5.00","price_type":"quantity_based","image":0,"visibility":true}]}],"acf":{"set_to_be_sold":false,"sale_description":"","sale_price":""},"_links":{"self":[{"href":"https:\/\/shinemusicrental.com\/es\/wp-json\/wp\/v2\/product\/18781","targetHints":{"allow":["GET"]}}],"collection":[{"href":"https:\/\/shinemusicrental.com\/es\/wp-json\/wp\/v2\/product"}],"about":[{"href":"https:\/\/shinemusicrental.com\/es\/wp-json\/wp\/v2\/types\/product"}],"replies":[{"embeddable":true,"href":"https:\/\/shinemusicrental.com\/es\/wp-json\/wp\/v2\/comments?post=18781"}],"wp:featuredmedia":[{"embeddable":true,"href":"https:\/\/shinemusicrental.com\/es\/wp-json\/wp\/v2\/media\/18784"}],"wp:attachment":[{"href":"https:\/\/shinemusicrental.com\/es\/wp-json\/wp\/v2\/media?parent=18781"}],"wp:term":[{"taxonomy":"product_brand","embeddable":true,"href":"https:\/\/shinemusicrental.com\/es\/wp-json\/wp\/v2\/product_brand?post=18781"},{"taxonomy":"product_cat","embeddable":true,"href":"https:\/\/shinemusicrental.com\/es\/wp-json\/wp\/v2\/product_cat?post=18781"},{"taxonomy":"product_tag","embeddable":true,"href":"https:\/\/shinemusicrental.com\/es\/wp-json\/wp\/v2\/product_tag?post=18781"}],"curies":[{"name":"wp","href":"https:\/\/api.w.org\/{rel}","templated":true}]}}