{"id":1772,"date":"2022-10-27T15:34:20","date_gmt":"2022-10-27T13:34:20","guid":{"rendered":"http:\/\/www.shinemusicrental.com\/product\/thomann-classic-tb500-gl-trombon\/"},"modified":"2023-03-17T16:29:21","modified_gmt":"2023-03-17T15:29:21","slug":"thomann-classic-tb500-gl-trombon","status":"publish","type":"product","link":"https:\/\/shinemusicrental.com\/es\/product\/thomann-classic-tb500-gl-trombon\/","title":{"rendered":"Thomann Classic TB500 GL Tromb\u00f3n"},"content":{"rendered":"<p>El Thomann Classic TB500 GL Trombone es un instrumento musical supremo que es adecuado tanto para principiantes como para int\u00e9rpretes expertos. El instrumento est\u00e1 equipado con una campana y un tubo de plomo de lat\u00f3n dorado, que le otorgan un tono melodioso y opulento, y un tobog\u00e1n de n\u00edquel plateado, que es f\u00e1cil y sin esfuerzo para tocar. El TB500 GL tiene un tama\u00f1o de perforaci\u00f3n moderado, lo que le otorga una aplicaci\u00f3n vers\u00e1til en una variedad de g\u00e9neros musicales.<\/p>\n<p>El proceso de arrendar un tromb\u00f3n, como el Thomann Classic TB500 GL, puede servir como una v\u00eda excepcional para explorar el dominio de los instrumentos de viento metal. Tocar el tromb\u00f3n es similar a crear un lenguaje musical \u00fanico y expresivo con sus cuerdas vocales, con la capacidad de transmitir una gran cantidad de emociones y sentimientos. El TB500 GL es un dispositivo confiable y bien construido que puede infundir alegr\u00eda y creatividad en cualquier int\u00e9rprete.<\/p>\n","protected":false},"excerpt":{"rendered":"<p><strong>Dep\u00f3sito: \u20ac120<\/strong><\/p>\n<p class=\"prod\">Tromb\u00f3n Tenor en Bb<\/p>\n<div id=\"gtx-trans\" style=\"position: absolute; left: 71px; top: 38.3333px;\">\n<div class=\"gtx-trans-icon\"><\/div>\n<\/div>\n","protected":false},"featured_media":1771,"comment_status":"open","ping_status":"closed","template":"","meta":{"_acf_changed":false,"content-type":""},"product_brand":[],"product_cat":[353,370],"product_tag":[461,560,584,463,489,591,557,515,559,517,519,523,521,525,890],"class_list":{"0":"post-1772","1":"product","2":"type-product","3":"status-publish","4":"has-post-thumbnail","6":"product_cat-instrumentos-de-viento","7":"product_cat-trombones-es","8":"product_tag-alquiler-de-instrumentos","9":"product_tag-alquiler-de-instrumentos-es","10":"product_tag-alquiler-de-instrumentos-es-2","11":"product_tag-alquiler-de-instrumentos-barcelona","12":"product_tag-alquiler-de-instrumentos-barcelona-es","13":"product_tag-alquiler-de-instrumentos-espana-es","14":"product_tag-alquiler-de-instrumentos-espana","15":"product_tag-instrumento-de-viento","16":"product_tag-instrumentos-de-contratacion","17":"product_tag-instrumentos-de-viento-es","18":"product_tag-instrumentos-de-viento-barcelona","19":"product_tag-instrumentos-de-viento-de-alquiler","20":"product_tag-instrumentos-de-viento-es-es","21":"product_tag-instrumentos-de-viento-espana","22":"product_tag-trombon","24":"first","25":"instock","26":"sold-individually","27":"shipping-taxable","28":"purchasable","29":"product-type-booking"},"booking_location":"","booking_location_type":"","booking_duration":1,"booking_duration_unit":"day","booking_buffer":0,"booking_cost":0,"booking_resources":[],"exclude_global_add_ons":false,"addons":[{"name":"Dep\u00f3sito","type":"checkbox","position":0,"required":false,"title_format":"hide","default":"","description_enable":false,"description":"","placeholder_enable":false,"placeholder":"","display":"select","restrictions_type":"any_text","adjust_price":false,"price":"","price_type":"flat_fee","restrictions":false,"min":"0","max":"0","options":[{"label":"Dep\u00f3sito","price":"120","price_type":"flat_fee","image":0,"visibility":true}]},{"name":"INSTRUMENTOS DE VIENTO (todos)","type":"checkbox","position":0,"required":false,"title_format":"label","default":"","description_enable":false,"description":"","placeholder_enable":false,"placeholder":"","display":"select","restrictions_type":"any_text","adjust_price":false,"price":"","price_type":"flat_fee","restrictions":false,"min":"0","max":"0","options":[{"label":"Leng\u00fceta","price":"5.00","price_type":"quantity_based","image":0,"visibility":true},{"label":"Atril","price":"5.00","price_type":"flat_fee","image":0,"visibility":true},{"label":"Atril de Calidad","price":"9.00","price_type":"flat_fee","image":0,"visibility":true}]}],"acf":{"set_to_be_sold":false,"sale_description":"","sale_price":""},"_links":{"self":[{"href":"https:\/\/shinemusicrental.com\/es\/wp-json\/wp\/v2\/product\/1772","targetHints":{"allow":["GET"]}}],"collection":[{"href":"https:\/\/shinemusicrental.com\/es\/wp-json\/wp\/v2\/product"}],"about":[{"href":"https:\/\/shinemusicrental.com\/es\/wp-json\/wp\/v2\/types\/product"}],"replies":[{"embeddable":true,"href":"https:\/\/shinemusicrental.com\/es\/wp-json\/wp\/v2\/comments?post=1772"}],"wp:featuredmedia":[{"embeddable":true,"href":"https:\/\/shinemusicrental.com\/es\/wp-json\/wp\/v2\/media\/1771"}],"wp:attachment":[{"href":"https:\/\/shinemusicrental.com\/es\/wp-json\/wp\/v2\/media?parent=1772"}],"wp:term":[{"taxonomy":"product_brand","embeddable":true,"href":"https:\/\/shinemusicrental.com\/es\/wp-json\/wp\/v2\/product_brand?post=1772"},{"taxonomy":"product_cat","embeddable":true,"href":"https:\/\/shinemusicrental.com\/es\/wp-json\/wp\/v2\/product_cat?post=1772"},{"taxonomy":"product_tag","embeddable":true,"href":"https:\/\/shinemusicrental.com\/es\/wp-json\/wp\/v2\/product_tag?post=1772"}],"curies":[{"name":"wp","href":"https:\/\/api.w.org\/{rel}","templated":true}]}}