{"id":1721,"date":"2022-10-27T14:49:18","date_gmt":"2022-10-27T12:49:18","guid":{"rendered":"http:\/\/www.shinemusicrental.com\/product\/casio-px160-bk-privia-piano-digital\/"},"modified":"2023-03-17T15:22:34","modified_gmt":"2023-03-17T14:22:34","slug":"casio-px160-bk-privia-piano-digital","status":"publish","type":"product","link":"https:\/\/shinemusicrental.com\/es\/product\/casio-px160-bk-privia-piano-digital\/","title":{"rendered":"Casio PX160 BK Privia Piano Digital"},"content":{"rendered":"<p>El Piano Digital Casio PX160 BK Privia es un instrumento musical excepcional que ofrece una sensaci\u00f3n y sonido realistas. Incorpora 88 teclas ponderadas y una acci\u00f3n de martillo escalado de tres sensores que brinda una experiencia de interpretaci\u00f3n aut\u00e9ntica similar a la de un piano ac\u00fastico. Adem\u00e1s, cuenta con 18 tonos de instrumentos distintos, como piano de cola, cuerdas y \u00f3rganos, que se pueden seleccionar f\u00e1cilmente con solo presionar un bot\u00f3n.<\/p>\n<p>Asimismo, este piano digital cuenta con un puerto USB que permite la conexi\u00f3n sencilla a una computadora o dispositivo m\u00f3vil, as\u00ed como dos salidas para aud\u00edfonos para practicar en privado o para interpretaciones de duetos. El Piano Digital Casio PX160 BK Privia es una excelente opci\u00f3n para aquellos que desean explorar un nuevo instrumento musical, especialmente si se inclinan hacia el prop\u00f3sito de renta de instrumentos.<\/p>\n<p>Tocar este piano es como tener una conversaci\u00f3n \u00edntima con un amigo cercano, ya que responde con precisi\u00f3n y sensibilidad a cada toque. Sin lugar a dudas, el Piano Digital Casio PX160 BK Privia es un instrumento confiable y vers\u00e1til que puede facilitar el desarrollo de habilidades musicales y permitir la expresi\u00f3n creativa.<\/p>\n","protected":false},"excerpt":{"rendered":"<p><strong>Dep\u00f3sito: \u20ac190<\/strong><\/p>\n<div id=\"gtx-trans\" style=\"position: absolute; left: 71px; top: 38.3333px;\">\n<div class=\"gtx-trans-icon\"><\/div>\n<\/div>\n","protected":false},"featured_media":1720,"comment_status":"open","ping_status":"closed","template":"","meta":{"_acf_changed":false,"content-type":""},"product_brand":[],"product_cat":[116,117],"product_tag":[661,461,560,584,463,489,591,557,559,477,659,480,487,481,483,485],"class_list":{"0":"post-1721","1":"product","2":"type-product","3":"status-publish","4":"has-post-thumbnail","6":"product_cat-instrumentos-de-teclado","7":"product_cat-pianos-digitales","8":"product_tag-alquilar-piano-digital","9":"product_tag-alquiler-de-instrumentos","10":"product_tag-alquiler-de-instrumentos-es","11":"product_tag-alquiler-de-instrumentos-es-2","12":"product_tag-alquiler-de-instrumentos-barcelona","13":"product_tag-alquiler-de-instrumentos-barcelona-es","14":"product_tag-alquiler-de-instrumentos-espana-es","15":"product_tag-alquiler-de-instrumentos-espana","16":"product_tag-instrumentos-de-contratacion","17":"product_tag-piano-es-2","18":"product_tag-piano-digital","19":"product_tag-piano-es-es","20":"product_tag-piano-espana","21":"product_tag-pianos-es","22":"product_tag-pianos-barcelona-es","23":"product_tag-pianos-de-alquiler","25":"first","26":"instock","27":"sold-individually","28":"shipping-taxable","29":"purchasable","30":"product-type-booking"},"booking_location":"","booking_location_type":"","booking_duration":1,"booking_duration_unit":"day","booking_buffer":0,"booking_cost":0,"booking_resources":[],"exclude_global_add_ons":false,"addons":[{"name":"Dep\u00f3sito","type":"checkbox","position":0,"required":false,"title_format":"hide","default":"","description_enable":false,"description":"","placeholder_enable":false,"placeholder":"","display":"select","restrictions_type":"any_text","adjust_price":false,"price":"","price_type":"flat_fee","restrictions":false,"min":"0","max":"0","options":[{"label":"Dep\u00f3sito","price":"190","price_type":"flat_fee","image":0,"visibility":true}]},{"name":"PIANO EL\u00c9CTRICO","type":"checkbox","position":0,"required":true,"title_format":"label","default":"","description_enable":false,"description":"","placeholder_enable":false,"placeholder":"","display":"select","restrictions_type":"any_text","adjust_price":false,"price":"","price_type":"flat_fee","restrictions":false,"min":"0","max":"0","options":[{"label":"Pedal de Sustain de Calidad","price":"10.00","price_type":"quantity_based","image":0,"visibility":true},{"label":"Soporte","price":"10.00","price_type":"quantity_based","image":0,"visibility":true},{"label":"Taburete de Piano de Calidad","price":"25.00","price_type":"quantity_based","image":0,"visibility":true},{"label":"Taburete de Piano","price":"10.00","price_type":"quantity_based","image":0,"visibility":true}]}],"acf":{"set_to_be_sold":false,"sale_description":"","sale_price":""},"_links":{"self":[{"href":"https:\/\/shinemusicrental.com\/es\/wp-json\/wp\/v2\/product\/1721","targetHints":{"allow":["GET"]}}],"collection":[{"href":"https:\/\/shinemusicrental.com\/es\/wp-json\/wp\/v2\/product"}],"about":[{"href":"https:\/\/shinemusicrental.com\/es\/wp-json\/wp\/v2\/types\/product"}],"replies":[{"embeddable":true,"href":"https:\/\/shinemusicrental.com\/es\/wp-json\/wp\/v2\/comments?post=1721"}],"wp:featuredmedia":[{"embeddable":true,"href":"https:\/\/shinemusicrental.com\/es\/wp-json\/wp\/v2\/media\/1720"}],"wp:attachment":[{"href":"https:\/\/shinemusicrental.com\/es\/wp-json\/wp\/v2\/media?parent=1721"}],"wp:term":[{"taxonomy":"product_brand","embeddable":true,"href":"https:\/\/shinemusicrental.com\/es\/wp-json\/wp\/v2\/product_brand?post=1721"},{"taxonomy":"product_cat","embeddable":true,"href":"https:\/\/shinemusicrental.com\/es\/wp-json\/wp\/v2\/product_cat?post=1721"},{"taxonomy":"product_tag","embeddable":true,"href":"https:\/\/shinemusicrental.com\/es\/wp-json\/wp\/v2\/product_tag?post=1721"}],"curies":[{"name":"wp","href":"https:\/\/api.w.org\/{rel}","templated":true}]}}