{"id":1706,"date":"2022-10-27T14:38:05","date_gmt":"2022-10-27T12:38:05","guid":{"rendered":"http:\/\/www.shinemusicrental.com\/product\/piano-yamaha-u1\/"},"modified":"2023-03-17T16:05:56","modified_gmt":"2023-03-17T15:05:56","slug":"piano-yamaha-u1","status":"publish","type":"product","link":"https:\/\/shinemusicrental.com\/es\/product\/piano-yamaha-u1\/","title":{"rendered":"Piano Yamaha U1"},"content":{"rendered":"<p>El Yamaha U1 es un piano vertical ejemplar impregnado de un timbre opulento y expresivo, ideal tanto para pianistas principiantes como profesionales. Cuenta con un teclado completo con 88 teclas ponderadas que proporcionan una experiencia de juego realista y receptiva. Su tabla de resonancia y costillas est\u00e1n fabricadas con abeto cuidadosamente seleccionado, mientras que los martillos y cuerdas est\u00e1n hechos con materiales de alta calidad, lo que garantiza un tono claro y resonante.<\/p>\n<p>Alquilar un piano como el Yamaha U1 puede ser una excelente manera de explorar la alegr\u00eda de tocar este magn\u00edfico instrumento. Tocar el piano es como pintar un cuadro con sonido, creando una expresi\u00f3n musical \u00fanica y personal que puede conmover los corazones de los oyentes. El Yamaha U1 es un instrumento confiable y muy respetado que puede brindar a\u00f1os de disfrute y de inspiraci\u00f3n musical a cualquier m\u00fasico.<\/p>\n","protected":false},"excerpt":{"rendered":"<p><strong>Dep\u00f3sito: \u20ac450<\/strong><\/p>\n<div id=\"gtx-trans\" style=\"position: absolute; left: 71px; top: 38.3333px;\">\n<div class=\"gtx-trans-icon\"><\/div>\n<\/div>\n","protected":false},"featured_media":1705,"comment_status":"open","ping_status":"closed","template":"","meta":{"_acf_changed":false,"content-type":""},"product_brand":[],"product_cat":[116,217],"product_tag":[461,560,584,463,489,591,557,559,477,480,487,481,483,485],"class_list":{"0":"post-1706","1":"product","2":"type-product","3":"status-publish","4":"has-post-thumbnail","6":"product_cat-instrumentos-de-teclado","7":"product_cat-pianos-acusticos","8":"product_tag-alquiler-de-instrumentos","9":"product_tag-alquiler-de-instrumentos-es","10":"product_tag-alquiler-de-instrumentos-es-2","11":"product_tag-alquiler-de-instrumentos-barcelona","12":"product_tag-alquiler-de-instrumentos-barcelona-es","13":"product_tag-alquiler-de-instrumentos-espana-es","14":"product_tag-alquiler-de-instrumentos-espana","15":"product_tag-instrumentos-de-contratacion","16":"product_tag-piano-es-2","17":"product_tag-piano-es-es","18":"product_tag-piano-espana","19":"product_tag-pianos-es","20":"product_tag-pianos-barcelona-es","21":"product_tag-pianos-de-alquiler","23":"first","24":"instock","25":"sold-individually","26":"shipping-taxable","27":"purchasable","28":"product-type-booking"},"booking_location":"","booking_location_type":"","booking_duration":1,"booking_duration_unit":"day","booking_buffer":0,"booking_cost":0,"booking_resources":[],"exclude_global_add_ons":false,"addons":[{"name":"Dep\u00f3sito","type":"checkbox","position":0,"required":false,"title_format":"hide","default":"","description_enable":false,"description":"","placeholder_enable":false,"placeholder":"","display":"select","restrictions_type":"any_text","adjust_price":false,"price":"","price_type":"flat_fee","restrictions":false,"min":"0","max":"0","options":[{"label":"Dep\u00f3sito","price":"450","price_type":"flat_fee","image":0,"visibility":true}]},{"name":"PIANO","type":"checkbox","position":0,"required":true,"title_format":"label","default":"","description_enable":false,"description":"","placeholder_enable":false,"placeholder":"","display":"select","restrictions_type":"any_text","adjust_price":false,"price":"","price_type":"flat_fee","restrictions":false,"min":"0","max":"0","options":[{"label":"Taburete de Piano de Calidad","price":"25.00","price_type":"quantity_based","image":0,"visibility":true},{"label":"Taburete de Piano Est\u00e1ndar","price":"10.00","price_type":"quantity_based","image":0,"visibility":true}]}],"acf":{"set_to_be_sold":false,"sale_description":"","sale_price":""},"_links":{"self":[{"href":"https:\/\/shinemusicrental.com\/es\/wp-json\/wp\/v2\/product\/1706","targetHints":{"allow":["GET"]}}],"collection":[{"href":"https:\/\/shinemusicrental.com\/es\/wp-json\/wp\/v2\/product"}],"about":[{"href":"https:\/\/shinemusicrental.com\/es\/wp-json\/wp\/v2\/types\/product"}],"replies":[{"embeddable":true,"href":"https:\/\/shinemusicrental.com\/es\/wp-json\/wp\/v2\/comments?post=1706"}],"wp:featuredmedia":[{"embeddable":true,"href":"https:\/\/shinemusicrental.com\/es\/wp-json\/wp\/v2\/media\/1705"}],"wp:attachment":[{"href":"https:\/\/shinemusicrental.com\/es\/wp-json\/wp\/v2\/media?parent=1706"}],"wp:term":[{"taxonomy":"product_brand","embeddable":true,"href":"https:\/\/shinemusicrental.com\/es\/wp-json\/wp\/v2\/product_brand?post=1706"},{"taxonomy":"product_cat","embeddable":true,"href":"https:\/\/shinemusicrental.com\/es\/wp-json\/wp\/v2\/product_cat?post=1706"},{"taxonomy":"product_tag","embeddable":true,"href":"https:\/\/shinemusicrental.com\/es\/wp-json\/wp\/v2\/product_tag?post=1706"}],"curies":[{"name":"wp","href":"https:\/\/api.w.org\/{rel}","templated":true}]}}