{"id":1658,"date":"2022-10-27T13:23:18","date_gmt":"2022-10-27T11:23:18","guid":{"rendered":"http:\/\/www.shinemusicrental.com\/product\/shure-sm57lce-microfono-para-instrumento\/"},"modified":"2023-03-16T12:19:06","modified_gmt":"2023-03-16T11:19:06","slug":"shure-sm57lce-microfono-para-instrumento","status":"publish","type":"product","link":"https:\/\/shinemusicrental.com\/es\/product\/shure-sm57lce-microfono-para-instrumento\/","title":{"rendered":"Shure SM57LCE Micr\u00f3fono para Instrumento"},"content":{"rendered":"<p>El micr\u00f3fono Shure SM57LCE es un micr\u00f3fono din\u00e1mico altamente adaptable creado para grabar y amplificar instrumentos. Su respuesta de frecuencia ha sido espec\u00edficamente dise\u00f1ada para ofrecer un sonido claro y vivo, lo que lo convierte en una opci\u00f3n de primera calidad para bater\u00edas, guitarras y otros instrumentos. El patr\u00f3n de captaci\u00f3n cardioide del micr\u00f3fono tiene la ventaja adicional de disminuir cualquier ruido ambiental y reverberaci\u00f3n, y su construcci\u00f3n resistente garantiza su confiabilidad incluso en los ambientes m\u00e1s hostiles. Debido a su excepcional manejo del nivel de presi\u00f3n sonora (SPL) y baja distorsi\u00f3n, el SM57LCE es ampliamente favorecido tanto para presentaciones en vivo como para grabaciones en estudio. Ya sea que busque capturar el sonido de un tambor de caja o un amplificador, este micr\u00f3fono es m\u00e1s que capaz de manejar la tarea. Adquirir el alquiler de este micr\u00f3fono para su pr\u00f3xima presentaci\u00f3n o sesi\u00f3n de grabaci\u00f3n podr\u00eda marcar la diferencia en lograr un sonido altamente profesional y pulido.<\/p>\n","protected":false},"excerpt":{"rendered":"<p><strong>Dep\u00f3sito: \u20ac40<\/strong><\/p>\n","protected":false},"featured_media":1657,"comment_status":"open","ping_status":"closed","template":"","meta":{"_acf_changed":false,"content-type":""},"product_brand":[],"product_cat":[331,341],"product_tag":[461,560,584,463,489,591,557,505,507,511,509,513,503,559,772,776,774,872],"class_list":{"0":"post-1658","1":"product","2":"type-product","3":"status-publish","4":"has-post-thumbnail","6":"product_cat-equipos-pa-y-de-audiodifusion","7":"product_cat-microfonos","8":"product_tag-alquiler-de-instrumentos","9":"product_tag-alquiler-de-instrumentos-es","10":"product_tag-alquiler-de-instrumentos-es-2","11":"product_tag-alquiler-de-instrumentos-barcelona","12":"product_tag-alquiler-de-instrumentos-barcelona-es","13":"product_tag-alquiler-de-instrumentos-espana-es","14":"product_tag-alquiler-de-instrumentos-espana","15":"product_tag-equipo-de-estudio","16":"product_tag-equipo-de-estudio-barcelona","17":"product_tag-equipo-de-estudio-de-alquiler","18":"product_tag-equipo-de-estudio-es","19":"product_tag-equipo-de-estudio-espana","20":"product_tag-estudio","21":"product_tag-instrumentos-de-contratacion","22":"product_tag-micro","23":"product_tag-microfono","24":"product_tag-microfono-de-alquiler","25":"product_tag-shure-sm57-es","27":"first","28":"instock","29":"sold-individually","30":"shipping-taxable","31":"purchasable","32":"product-type-booking"},"booking_location":"","booking_location_type":"","booking_duration":1,"booking_duration_unit":"day","booking_buffer":0,"booking_cost":0,"booking_resources":[],"exclude_global_add_ons":false,"addons":[{"name":"Dep\u00f3sito","type":"checkbox","position":0,"required":false,"title_format":"hide","default":"","description_enable":false,"description":"","placeholder_enable":false,"placeholder":"","display":"select","restrictions_type":"any_text","adjust_price":false,"price":"","price_type":"flat_fee","restrictions":false,"min":"0","max":"0","options":[{"label":"Dep\u00f3sito","price":"40","price_type":"flat_fee","image":0,"visibility":true}]}],"acf":{"set_to_be_sold":false,"sale_description":"","sale_price":""},"_links":{"self":[{"href":"https:\/\/shinemusicrental.com\/es\/wp-json\/wp\/v2\/product\/1658","targetHints":{"allow":["GET"]}}],"collection":[{"href":"https:\/\/shinemusicrental.com\/es\/wp-json\/wp\/v2\/product"}],"about":[{"href":"https:\/\/shinemusicrental.com\/es\/wp-json\/wp\/v2\/types\/product"}],"replies":[{"embeddable":true,"href":"https:\/\/shinemusicrental.com\/es\/wp-json\/wp\/v2\/comments?post=1658"}],"wp:featuredmedia":[{"embeddable":true,"href":"https:\/\/shinemusicrental.com\/es\/wp-json\/wp\/v2\/media\/1657"}],"wp:attachment":[{"href":"https:\/\/shinemusicrental.com\/es\/wp-json\/wp\/v2\/media?parent=1658"}],"wp:term":[{"taxonomy":"product_brand","embeddable":true,"href":"https:\/\/shinemusicrental.com\/es\/wp-json\/wp\/v2\/product_brand?post=1658"},{"taxonomy":"product_cat","embeddable":true,"href":"https:\/\/shinemusicrental.com\/es\/wp-json\/wp\/v2\/product_cat?post=1658"},{"taxonomy":"product_tag","embeddable":true,"href":"https:\/\/shinemusicrental.com\/es\/wp-json\/wp\/v2\/product_tag?post=1658"}],"curies":[{"name":"wp","href":"https:\/\/api.w.org\/{rel}","templated":true}]}}