{"id":15790,"date":"2024-04-02T16:39:08","date_gmt":"2024-04-02T14:39:08","guid":{"rendered":"https:\/\/shinemusicrental.com\/product\/jackson-pro-series-dk2qm-dinky-electric-guitar\/"},"modified":"2024-12-17T12:43:33","modified_gmt":"2024-12-17T11:43:33","slug":"jackson-pro-series-dk2qm-dinky-guitarra-electrica","status":"publish","type":"product","link":"https:\/\/shinemusicrental.com\/es\/product\/jackson-pro-series-dk2qm-dinky-guitarra-electrica\/","title":{"rendered":"Jackson Pro Series DK2QM Dinky Guitarra El\u00e9ctrica"},"content":{"rendered":"<div class=\"flex-shrink-0 flex flex-col relative items-end\">\n<div>\n<div class=\"pt-0\">\n<div class=\"gizmo-bot-avatar flex h-8 w-8 items-center justify-center overflow-hidden rounded-full\">\n<div class=\"relative p-1 rounded-sm flex items-center justify-center bg-token-main-surface-primary text-token-text-primary h-8 w-8\">La <strong>Jackson Pro Series DK2QM Dinky Electric Guitar<\/strong> es un instrumento de alto rendimiento dise\u00f1ado para precisi\u00f3n y velocidad. Cuenta con un cuerpo de aliso con una impresionante tapa de arce acolchado y un m\u00e1stil de arce atornillado reforzado con grafito para mayor estabilidad. El diapas\u00f3n de \u00e9bano con radio compuesto de 12\u201d-16\u201d y 24 trastes jumbo ofrece una ejecuci\u00f3n suave, ideal para solos r\u00e1pidos y riffs complejos. Equipada con un par de pastillas humbucker Seymour Duncan\u2014JB TB-4 (puente) y \u201959 SH-1N (m\u00e1stil)\u2014esta guitarra proporciona tonos potentes y vers\u00e1tiles adecuados para distintos g\u00e9neros. Su tr\u00e9molo Floyd Rose 1000 Series de doble bloqueo garantiza estabilidad de afinaci\u00f3n en ejecuciones agresivas. Para quienes buscan <strong>alquiler de instrumentos<\/strong> o desean <strong>alquilar una guitarra el\u00e9ctrica<\/strong>, la Jackson DK2QM es una opci\u00f3n fiable y enfocada en el rendimiento para m\u00fasicos exigentes.<\/div>\n<\/div>\n<\/div>\n<\/div>\n<\/div>\n","protected":false},"excerpt":{"rendered":"<p>La <strong>Jackson Pro Series DK2QM Dinky Electric Guitar<\/strong> es un instrumento de alto rendimiento dise\u00f1ado para precisi\u00f3n y velocidad. Cuenta con un cuerpo de aliso con una impresionante tapa de arce acolchado y un m\u00e1stil de arce atornillado reforzado con grafito para mayor estabilidad.<\/p>\n","protected":false},"featured_media":15782,"comment_status":"open","ping_status":"closed","template":"","meta":{"_acf_changed":false,"content-type":""},"product_brand":[],"product_cat":[177,195],"product_tag":[560,584,461,463,591,557,567,569,571,535,563,459,565,805],"class_list":{"0":"post-15790","1":"product","2":"type-product","3":"status-publish","4":"has-post-thumbnail","6":"product_cat-guitarras-y-bajos","7":"product_cat-guitarras-electricas","8":"product_tag-alquiler-de-instrumentos-es","9":"product_tag-alquiler-de-instrumentos-es-2","10":"product_tag-alquiler-de-instrumentos","11":"product_tag-alquiler-de-instrumentos-barcelona","12":"product_tag-alquiler-de-instrumentos-espana-es","13":"product_tag-alquiler-de-instrumentos-espana","14":"product_tag-guitarra","15":"product_tag-guitarra-barcelona","16":"product_tag-guitarra-de-alquiler","17":"product_tag-guitarra-electrica","18":"product_tag-guitarra-espana","19":"product_tag-guitarras","20":"product_tag-guitarras-es","21":"product_tag-set-de-guitarra","23":"first","24":"instock","25":"featured","26":"sold-individually","27":"shipping-taxable","28":"purchasable","29":"product-type-booking"},"booking_location":"","booking_location_type":"","booking_duration":1,"booking_duration_unit":"day","booking_buffer":0,"booking_cost":0,"booking_resources":[],"exclude_global_add_ons":false,"addons":[{"name":"Deposit","type":"checkbox","position":0,"required":true,"title_format":"hide","default":"","description_enable":true,"description":"","placeholder_enable":false,"placeholder":"","display":"select","restrictions_type":"any_text","adjust_price":false,"price":"","price_type":"flat_fee","restrictions":false,"min":"0","max":"0","options":[{"label":"Deposit","price":"300","price_type":"flat_fee","image":0,"visibility":true}]},{"name":"Guitarras El\u00e9ctricas","type":"checkbox","position":0,"required":false,"title_format":"label","default":"","description_enable":false,"description":"","placeholder_enable":false,"placeholder":"","display":"select","restrictions_type":"any_text","adjust_price":false,"price":"","price_type":"flat_fee","restrictions":false,"min":"0","max":"0","options":[{"label":"Cable de Instrumento Jack 1\/4","price":"5.00","price_type":"quantity_based","image":0,"visibility":true},{"label":"P\u00faa de Calidad","price":"2.00","price_type":"quantity_based","image":0,"visibility":true},{"label":"P\u00faa Est\u00e1ndar","price":"1.00","price_type":"quantity_based","image":0,"visibility":true},{"label":"Correa","price":"5.00","price_type":"quantity_based","image":0,"visibility":true},{"label":"Capo - Guitarra El\u00e9ctrica","price":"5.00","price_type":"quantity_based","image":0,"visibility":true},{"label":"Afinador","price":"5.00","price_type":"flat_fee","image":0,"visibility":true},{"label":"Atril de Calidad","price":"9.00","price_type":"quantity_based","image":0,"visibility":true},{"label":"Atril","price":"5.00","price_type":"quantity_based","image":0,"visibility":true}]}],"acf":{"set_to_be_sold":false,"sale_description":"","sale_price":""},"_links":{"self":[{"href":"https:\/\/shinemusicrental.com\/es\/wp-json\/wp\/v2\/product\/15790","targetHints":{"allow":["GET"]}}],"collection":[{"href":"https:\/\/shinemusicrental.com\/es\/wp-json\/wp\/v2\/product"}],"about":[{"href":"https:\/\/shinemusicrental.com\/es\/wp-json\/wp\/v2\/types\/product"}],"replies":[{"embeddable":true,"href":"https:\/\/shinemusicrental.com\/es\/wp-json\/wp\/v2\/comments?post=15790"}],"wp:featuredmedia":[{"embeddable":true,"href":"https:\/\/shinemusicrental.com\/es\/wp-json\/wp\/v2\/media\/15782"}],"wp:attachment":[{"href":"https:\/\/shinemusicrental.com\/es\/wp-json\/wp\/v2\/media?parent=15790"}],"wp:term":[{"taxonomy":"product_brand","embeddable":true,"href":"https:\/\/shinemusicrental.com\/es\/wp-json\/wp\/v2\/product_brand?post=15790"},{"taxonomy":"product_cat","embeddable":true,"href":"https:\/\/shinemusicrental.com\/es\/wp-json\/wp\/v2\/product_cat?post=15790"},{"taxonomy":"product_tag","embeddable":true,"href":"https:\/\/shinemusicrental.com\/es\/wp-json\/wp\/v2\/product_tag?post=15790"}],"curies":[{"name":"wp","href":"https:\/\/api.w.org\/{rel}","templated":true}]}}