{"id":1576,"date":"2022-10-26T16:12:54","date_gmt":"2022-10-26T14:12:54","guid":{"rendered":"http:\/\/www.shinemusicrental.com\/product\/camps-preludio-guitarra-espanola\/"},"modified":"2023-03-17T15:44:11","modified_gmt":"2023-03-17T14:44:11","slug":"camps-preludio-guitarra-espanola","status":"publish","type":"product","link":"https:\/\/shinemusicrental.com\/es\/product\/camps-preludio-guitarra-espanola\/","title":{"rendered":"Camps Preludio Guitarra Espa\u00f1ola"},"content":{"rendered":"<p>La Guitarra Espa\u00f1ola Camps Preludio, un soberbio instrumento que emana un sonido genuino y delicioso, es de una calidad excepcional. Esta guitarra est\u00e1 fabricada en Espa\u00f1a, utilizando maderas tonales seleccionadas y procedimientos de construcci\u00f3n convencionales, generando un tono c\u00e1lido y sim\u00e9trico que se adapta a una amplia gama de estilos musicales. Su m\u00e1stil es c\u00f3modo y su acci\u00f3n es baja, lo que lo hace f\u00e1cil de tocar, lo que lo hace ideal tanto para principiantes como para profesionales.<\/p>\n<p>Esta guitarra espa\u00f1ola cuenta con una tapa de cedro macizo, aros y fondo de palisandro y un diapas\u00f3n de palisandro, lo que le da un aspecto elegante y tradicional. Su notable proyecci\u00f3n y capacidad para mantener el sonido lo convierten en una opci\u00f3n confiable tanto para presentaciones en vivo como para sesiones de grabaci\u00f3n.<\/p>\n<p>Alquilar una guitarra espa\u00f1ola, como la Camps Preludio, puede ser una excelente alternativa para quienes deseen experimentar con un nuevo instrumento. Tocar esta guitarra es como conversar en un hermoso idioma con los dedos, transmitir las emociones y la inventiva a trav\u00e9s de la m\u00fasica. En general, este es un instrumento magn\u00edfico y adaptable que puede aportar un toque espa\u00f1ol a cualquier composici\u00f3n mel\u00f3dica.<\/p>\n","protected":false},"excerpt":{"rendered":"<p><strong>Dep\u00f3sito: \u20ac140<\/strong><\/p>\n<div id=\"gtx-trans\" style=\"position: absolute; left: 67px; top: 38.3333px;\">\n<div class=\"gtx-trans-icon\"><\/div>\n<\/div>\n","protected":false},"featured_media":1575,"comment_status":"open","ping_status":"closed","template":"","meta":{"_acf_changed":false,"content-type":""},"product_brand":[],"product_cat":[177,193,207],"product_tag":[560,461,584,463,489,591,557,567,569,571,563,459,565,559],"class_list":{"0":"post-1576","1":"product","2":"type-product","3":"status-publish","4":"has-post-thumbnail","6":"product_cat-guitarras-y-bajos","7":"product_cat-guitarras-clasicas","8":"product_cat-guitarras-espanolas","9":"product_tag-alquiler-de-instrumentos-es","10":"product_tag-alquiler-de-instrumentos","11":"product_tag-alquiler-de-instrumentos-es-2","12":"product_tag-alquiler-de-instrumentos-barcelona","13":"product_tag-alquiler-de-instrumentos-barcelona-es","14":"product_tag-alquiler-de-instrumentos-espana-es","15":"product_tag-alquiler-de-instrumentos-espana","16":"product_tag-guitarra","17":"product_tag-guitarra-barcelona","18":"product_tag-guitarra-de-alquiler","19":"product_tag-guitarra-espana","20":"product_tag-guitarras","21":"product_tag-guitarras-es","22":"product_tag-instrumentos-de-contratacion","24":"first","25":"instock","26":"sold-individually","27":"shipping-taxable","28":"purchasable","29":"product-type-booking"},"booking_location":"","booking_location_type":"","booking_duration":1,"booking_duration_unit":"day","booking_buffer":0,"booking_cost":0,"booking_resources":[],"exclude_global_add_ons":false,"addons":[{"name":"Dep\u00f3sito","type":"checkbox","position":0,"required":false,"title_format":"hide","default":"","description_enable":false,"description":"","placeholder_enable":false,"placeholder":"","display":"select","restrictions_type":"any_text","adjust_price":false,"price":"","price_type":"flat_fee","restrictions":false,"min":"0","max":"0","options":[{"label":"Dep\u00f3sito","price":"140","price_type":"flat_fee","image":0,"visibility":true}]},{"name":"Guitarras Cl\u00e1sicas","type":"checkbox","position":0,"required":false,"title_format":"label","default":"","description_enable":false,"description":"","placeholder_enable":false,"placeholder":"","display":"select","restrictions_type":"any_text","adjust_price":false,"price":"","price_type":"flat_fee","restrictions":false,"min":"0","max":"0","options":[{"label":"Afinador","price":"5.00","price_type":"quantity_based","image":0,"visibility":true},{"label":"Apoyapi\u00e9s para Guitarra de Calidad","price":"9.00","price_type":"quantity_based","image":0,"visibility":true},{"label":"Apoyapi\u00e9s para Guitarra Est\u00e1ndar","price":"5.00","price_type":"quantity_based","image":0,"visibility":true},{"label":"Atril de Calidad","price":"9.00","price_type":"quantity_based","image":0,"visibility":true},{"label":"Atril","price":"5.00","price_type":"quantity_based","image":0,"visibility":true},{"label":"Capo - Guitarra Cl\u00e1sica","price":"5.00","price_type":"quantity_based","image":0,"visibility":true},{"label":"P\u00faa de Calidad","price":"2.00","price_type":"quantity_based","image":0,"visibility":true},{"label":"P\u00faa Est\u00e1ndar","price":"1.00","price_type":"quantity_based","image":0,"visibility":true}]}],"acf":{"set_to_be_sold":false,"sale_description":"","sale_price":""},"_links":{"self":[{"href":"https:\/\/shinemusicrental.com\/es\/wp-json\/wp\/v2\/product\/1576","targetHints":{"allow":["GET"]}}],"collection":[{"href":"https:\/\/shinemusicrental.com\/es\/wp-json\/wp\/v2\/product"}],"about":[{"href":"https:\/\/shinemusicrental.com\/es\/wp-json\/wp\/v2\/types\/product"}],"replies":[{"embeddable":true,"href":"https:\/\/shinemusicrental.com\/es\/wp-json\/wp\/v2\/comments?post=1576"}],"wp:featuredmedia":[{"embeddable":true,"href":"https:\/\/shinemusicrental.com\/es\/wp-json\/wp\/v2\/media\/1575"}],"wp:attachment":[{"href":"https:\/\/shinemusicrental.com\/es\/wp-json\/wp\/v2\/media?parent=1576"}],"wp:term":[{"taxonomy":"product_brand","embeddable":true,"href":"https:\/\/shinemusicrental.com\/es\/wp-json\/wp\/v2\/product_brand?post=1576"},{"taxonomy":"product_cat","embeddable":true,"href":"https:\/\/shinemusicrental.com\/es\/wp-json\/wp\/v2\/product_cat?post=1576"},{"taxonomy":"product_tag","embeddable":true,"href":"https:\/\/shinemusicrental.com\/es\/wp-json\/wp\/v2\/product_tag?post=1576"}],"curies":[{"name":"wp","href":"https:\/\/api.w.org\/{rel}","templated":true}]}}