{"id":1570,"date":"2022-10-26T16:02:05","date_gmt":"2022-10-26T14:02:05","guid":{"rendered":"http:\/\/www.shinemusicrental.com\/product\/piano-yamaha-c108\/"},"modified":"2023-12-15T15:59:26","modified_gmt":"2023-12-15T14:59:26","slug":"piano-yamaha-c108","status":"publish","type":"product","link":"https:\/\/shinemusicrental.com\/es\/product\/piano-yamaha-c108\/","title":{"rendered":"Piano Yamaha C108"},"content":{"rendered":"<p>El Piano Yamaha C108 sirve como una opci\u00f3n excepcional para m\u00fasicos que buscan un instrumento de calidad superior para alquilar para una actuaci\u00f3n u ocasi\u00f3n. Su dise\u00f1o compacto lo hace f\u00e1cilmente port\u00e1til, pero a\u00fan emite un sonido lleno de cuerpo que seguramente dejar\u00e1 una impresi\u00f3n duradera. El C108 contiene una tabla de sonido de abeto que genera un tono v\u00edvido y sonoro, adem\u00e1s de un teclado completo de 88 teclas con acci\u00f3n de martillo graduado, proporcionando una sensaci\u00f3n realista para los int\u00e9rpretes. Adem\u00e1s, contiene una cubierta de teclas deslizante que protege las teclas cuando no se utilizan. Un atributo distintivo de este piano es su pedal de sostenido, que imita la sensaci\u00f3n de presionar el pedal amortiguador en un piano de cola, lo que permite una interpretaci\u00f3n m\u00e1s expresiva. En general, el Yamaha C108 demuestra ser un instrumento confiable y adaptable adecuado para todas las necesidades de alquiler.<\/p>\n","protected":false},"excerpt":{"rendered":"<p><strong>Dep\u00f3sito: \u20ac450<\/strong><\/p>\n<div id=\"gtx-trans\" style=\"position: absolute; left: -50px; top: -10.6667px;\">\n<div class=\"gtx-trans-icon\"><\/div>\n<\/div>\n","protected":false},"featured_media":1562,"comment_status":"open","ping_status":"closed","template":"","meta":{"_acf_changed":false,"content-type":""},"product_brand":[],"product_cat":[116,217],"product_tag":[461,560,584,463,489,591,557,559,477,480,487,481,483,485],"class_list":{"0":"post-1570","1":"product","2":"type-product","3":"status-publish","4":"has-post-thumbnail","6":"product_cat-instrumentos-de-teclado","7":"product_cat-pianos-acusticos","8":"product_tag-alquiler-de-instrumentos","9":"product_tag-alquiler-de-instrumentos-es","10":"product_tag-alquiler-de-instrumentos-es-2","11":"product_tag-alquiler-de-instrumentos-barcelona","12":"product_tag-alquiler-de-instrumentos-barcelona-es","13":"product_tag-alquiler-de-instrumentos-espana-es","14":"product_tag-alquiler-de-instrumentos-espana","15":"product_tag-instrumentos-de-contratacion","16":"product_tag-piano-es-2","17":"product_tag-piano-es-es","18":"product_tag-piano-espana","19":"product_tag-pianos-es","20":"product_tag-pianos-barcelona-es","21":"product_tag-pianos-de-alquiler","23":"first","24":"instock","25":"sold-individually","26":"shipping-taxable","27":"purchasable","28":"product-type-booking"},"booking_location":"","booking_location_type":"","booking_duration":1,"booking_duration_unit":"day","booking_buffer":0,"booking_cost":0,"booking_resources":[],"exclude_global_add_ons":false,"addons":[{"name":"Dep\u00f3sito","type":"checkbox","position":0,"required":false,"title_format":"hide","default":"","description_enable":false,"description":"","placeholder_enable":false,"placeholder":"","display":"select","restrictions_type":"any_text","adjust_price":false,"price":"","price_type":"flat_fee","restrictions":false,"min":"0","max":"0","options":[{"label":"Dep\u00f3sito","price":"450","price_type":"flat_fee","image":0,"visibility":true}]},{"name":"PIANO","type":"checkbox","position":0,"required":true,"title_format":"label","default":"","description_enable":false,"description":"","placeholder_enable":false,"placeholder":"","display":"select","restrictions_type":"any_text","adjust_price":false,"price":"","price_type":"flat_fee","restrictions":false,"min":"0","max":"0","options":[{"label":"Taburete de Piano de Calidad","price":"25.00","price_type":"quantity_based","image":0,"visibility":true},{"label":"Taburete de Piano Est\u00e1ndar","price":"10.00","price_type":"quantity_based","image":0,"visibility":true}]}],"acf":{"set_to_be_sold":false,"sale_description":"","sale_price":""},"_links":{"self":[{"href":"https:\/\/shinemusicrental.com\/es\/wp-json\/wp\/v2\/product\/1570","targetHints":{"allow":["GET"]}}],"collection":[{"href":"https:\/\/shinemusicrental.com\/es\/wp-json\/wp\/v2\/product"}],"about":[{"href":"https:\/\/shinemusicrental.com\/es\/wp-json\/wp\/v2\/types\/product"}],"replies":[{"embeddable":true,"href":"https:\/\/shinemusicrental.com\/es\/wp-json\/wp\/v2\/comments?post=1570"}],"wp:featuredmedia":[{"embeddable":true,"href":"https:\/\/shinemusicrental.com\/es\/wp-json\/wp\/v2\/media\/1562"}],"wp:attachment":[{"href":"https:\/\/shinemusicrental.com\/es\/wp-json\/wp\/v2\/media?parent=1570"}],"wp:term":[{"taxonomy":"product_brand","embeddable":true,"href":"https:\/\/shinemusicrental.com\/es\/wp-json\/wp\/v2\/product_brand?post=1570"},{"taxonomy":"product_cat","embeddable":true,"href":"https:\/\/shinemusicrental.com\/es\/wp-json\/wp\/v2\/product_cat?post=1570"},{"taxonomy":"product_tag","embeddable":true,"href":"https:\/\/shinemusicrental.com\/es\/wp-json\/wp\/v2\/product_tag?post=1570"}],"curies":[{"name":"wp","href":"https:\/\/api.w.org\/{rel}","templated":true}]}}