{"id":1530,"date":"2022-10-26T14:56:32","date_gmt":"2022-10-26T12:56:32","guid":{"rendered":"http:\/\/www.shinemusicrental.com\/product\/ibanez-ew20wne-nt-guitarra-electroacustica\/"},"modified":"2023-03-16T12:11:45","modified_gmt":"2023-03-16T11:11:45","slug":"ibanez-ew20wne-nt-guitarra-electroacustica","status":"publish","type":"product","link":"https:\/\/shinemusicrental.com\/es\/product\/ibanez-ew20wne-nt-guitarra-electroacustica\/","title":{"rendered":"Ibanez EW20WNE NT Guitarra Electroac\u00fastica"},"content":{"rendered":"<p>La guitarra electro-ac\u00fastica Ibanez EW20WNE NT es una excelente opci\u00f3n para m\u00fasicos que buscan un instrumento vers\u00e1til. Cuenta con una tapa de abeto macizo y una parte trasera y laterales de caoba, lo que le brinda un sonido c\u00e1lido y equilibrado. La guitarra tambi\u00e9n viene con una pastilla Fishman Sonicore y un sistema de preamplificador Ibanez AEQ-SP2, lo que la hace f\u00e1cil de enchufar y tocar en el escenario o en el estudio.<\/p>\n<p>El dise\u00f1o \u00fanico de la guitarra con un cuerpo con corte y una roseta de madera decorativa le da un aspecto ex\u00f3tico. La EW20WNE NT tambi\u00e9n tiene un m\u00e1stil delgado de caoba y un diapas\u00f3n de palisandro con 20 trastes, lo que proporciona una comodidad de juego durante horas.<\/p>\n<p>Si est\u00e1s buscando alquilar una guitarra electro-ac\u00fastica que suene genial y tenga una apariencia impresionante, definitivamente vale la pena considerar la Ibanez EW20WNE NT.<\/p>\n","protected":false},"excerpt":{"rendered":"<p><strong>Dep\u00f3sito: \u20ac160<\/strong><\/p>\n","protected":false},"featured_media":1529,"comment_status":"open","ping_status":"closed","template":"","meta":{"_acf_changed":false,"content-type":""},"product_brand":[],"product_cat":[177,181],"product_tag":[560,461,584,463,489,591,557,606,567,569,571,563,459,565,559],"class_list":{"0":"post-1530","1":"product","2":"type-product","3":"status-publish","4":"has-post-thumbnail","6":"product_cat-guitarras-y-bajos","7":"product_cat-guitarras-acusticas","8":"product_tag-alquiler-de-instrumentos-es","9":"product_tag-alquiler-de-instrumentos","10":"product_tag-alquiler-de-instrumentos-es-2","11":"product_tag-alquiler-de-instrumentos-barcelona","12":"product_tag-alquiler-de-instrumentos-barcelona-es","13":"product_tag-alquiler-de-instrumentos-espana-es","14":"product_tag-alquiler-de-instrumentos-espana","15":"product_tag-electroacustica-es","16":"product_tag-guitarra","17":"product_tag-guitarra-barcelona","18":"product_tag-guitarra-de-alquiler","19":"product_tag-guitarra-espana","20":"product_tag-guitarras","21":"product_tag-guitarras-es","22":"product_tag-instrumentos-de-contratacion","24":"first","25":"instock","26":"sold-individually","27":"shipping-taxable","28":"purchasable","29":"product-type-booking"},"booking_location":"","booking_location_type":"","booking_duration":1,"booking_duration_unit":"day","booking_buffer":0,"booking_cost":0,"booking_resources":[],"exclude_global_add_ons":false,"addons":[{"name":"Dep\u00f3sito","type":"checkbox","position":0,"required":false,"title_format":"hide","default":"","description_enable":false,"description":"","placeholder_enable":false,"placeholder":"","display":"select","restrictions_type":"any_text","adjust_price":false,"price":"","price_type":"flat_fee","restrictions":false,"min":"0","max":"0","options":[{"label":"Dep\u00f3sito","price":"160","price_type":"flat_fee","image":0,"visibility":true}]},{"name":"Guitarras Ac\u00fasticas","type":"checkbox","position":0,"required":false,"title_format":"label","default":"","description_enable":false,"description":"","placeholder_enable":false,"placeholder":"","display":"select","restrictions_type":"any_text","adjust_price":false,"price":"","price_type":"flat_fee","restrictions":false,"min":"0","max":"0","options":[{"label":"Cable de Instrumento Jack 1\/4","price":"5.00","price_type":"quantity_based","image":0,"visibility":true},{"label":"P\u00faa de Calidad","price":"2.00","price_type":"quantity_based","image":0,"visibility":true},{"label":"P\u00faa Est\u00e1ndar","price":"1.00","price_type":"quantity_based","image":0,"visibility":true},{"label":"Correa","price":"5.00","price_type":"quantity_based","image":0,"visibility":true},{"label":"Capo","price":"5.00","price_type":"quantity_based","image":0,"visibility":true},{"label":"Afinador","price":"5.00","price_type":"quantity_based","image":0,"visibility":true},{"label":"Atril de Calidad","price":"9.00","price_type":"quantity_based","image":0,"visibility":true},{"label":"Atril","price":"5.00","price_type":"quantity_based","image":0,"visibility":true}]}],"acf":{"set_to_be_sold":false,"sale_description":"","sale_price":""},"_links":{"self":[{"href":"https:\/\/shinemusicrental.com\/es\/wp-json\/wp\/v2\/product\/1530","targetHints":{"allow":["GET"]}}],"collection":[{"href":"https:\/\/shinemusicrental.com\/es\/wp-json\/wp\/v2\/product"}],"about":[{"href":"https:\/\/shinemusicrental.com\/es\/wp-json\/wp\/v2\/types\/product"}],"replies":[{"embeddable":true,"href":"https:\/\/shinemusicrental.com\/es\/wp-json\/wp\/v2\/comments?post=1530"}],"wp:featuredmedia":[{"embeddable":true,"href":"https:\/\/shinemusicrental.com\/es\/wp-json\/wp\/v2\/media\/1529"}],"wp:attachment":[{"href":"https:\/\/shinemusicrental.com\/es\/wp-json\/wp\/v2\/media?parent=1530"}],"wp:term":[{"taxonomy":"product_brand","embeddable":true,"href":"https:\/\/shinemusicrental.com\/es\/wp-json\/wp\/v2\/product_brand?post=1530"},{"taxonomy":"product_cat","embeddable":true,"href":"https:\/\/shinemusicrental.com\/es\/wp-json\/wp\/v2\/product_cat?post=1530"},{"taxonomy":"product_tag","embeddable":true,"href":"https:\/\/shinemusicrental.com\/es\/wp-json\/wp\/v2\/product_tag?post=1530"}],"curies":[{"name":"wp","href":"https:\/\/api.w.org\/{rel}","templated":true}]}}