{"id":14950,"date":"2023-12-22T12:22:39","date_gmt":"2023-12-22T11:22:39","guid":{"rendered":"https:\/\/shinemusicrental.com\/product\/austin-ajb300-bass-guitar\/"},"modified":"2024-08-09T23:07:03","modified_gmt":"2024-08-09T21:07:03","slug":"austin-ajb300-bajo-electrico","status":"publish","type":"product","link":"https:\/\/shinemusicrental.com\/es\/product\/austin-ajb300-bajo-electrico\/","title":{"rendered":"Austin AJB300 Bajo El\u00e9ctrico"},"content":{"rendered":"<p>Conozca el bajo Austin AJB300, una opci\u00f3n s\u00f3lida para los entusiastas del bajo. Elaborado con un c\u00f3modo m\u00e1stil de arce y un diapas\u00f3n de palisandro, garantiza una tocabilidad suave, similar a un viaje musical sin obst\u00e1culos. El cuerpo de agathis contribuye a un tono c\u00e1lido y resonante, que se asemeja a un latido fundamental en la secci\u00f3n r\u00edtmica. Su pastilla de bobina dividida proporciona una gama vers\u00e1til de tonos, similar a un camale\u00f3n s\u00f3nico. El ecualizador activo permite dar forma tonal precisa, similar a un escultor refinando su obra maestra. Explore su potencial a trav\u00e9s del alquiler de instrumentos o considere alquilar un bajo para su exploraci\u00f3n musical. Libera tu destreza en el bajo con este instrumento confiable.<\/p>\n","protected":false},"excerpt":{"rendered":"<p>Conozca el bajo Austin AJB300, una opci\u00f3n s\u00f3lida para los entusiastas del bajo. Elaborado con un c\u00f3modo m\u00e1stil de arce [&hellip;]<\/p>\n","protected":false},"featured_media":14948,"comment_status":"open","ping_status":"closed","template":"","meta":{"_acf_changed":false,"content-type":""},"product_brand":[],"product_cat":[177,187],"product_tag":[461,560,584,463,591,557,527,531,453,455,529,559,632],"class_list":{"0":"post-14950","1":"product","2":"type-product","3":"status-publish","4":"has-post-thumbnail","6":"product_cat-guitarras-y-bajos","7":"product_cat-bajos-electricos","8":"product_tag-alquiler-de-instrumentos","9":"product_tag-alquiler-de-instrumentos-es","10":"product_tag-alquiler-de-instrumentos-es-2","11":"product_tag-alquiler-de-instrumentos-barcelona","12":"product_tag-alquiler-de-instrumentos-espana-es","13":"product_tag-alquiler-de-instrumentos-espana","14":"product_tag-bajos-barcelona","15":"product_tag-bajos-de-alquiler","16":"product_tag-bajos-electricos","17":"product_tag-bajos-electricos-es","18":"product_tag-bajos-espana","19":"product_tag-instrumentos-de-contratacion","20":"product_tag-renting-instruments-barcelona-share-es","22":"first","23":"instock","24":"featured","25":"sold-individually","26":"shipping-taxable","27":"purchasable","28":"product-type-booking"},"booking_location":"","booking_location_type":"","booking_duration":1,"booking_duration_unit":"day","booking_buffer":0,"booking_cost":0,"booking_resources":[],"exclude_global_add_ons":false,"addons":[{"name":"Deposit","type":"checkbox","position":0,"required":true,"title_format":"hide","default":"","description_enable":false,"description":"","placeholder_enable":false,"placeholder":"","display":"select","restrictions_type":"any_text","adjust_price":false,"price":"","price_type":"flat_fee","restrictions":false,"min":"0","max":"0","options":[{"label":"Deposit","price":"80","price_type":"flat_fee","image":0,"visibility":true}]}],"acf":{"set_to_be_sold":false,"sale_description":"","sale_price":""},"_links":{"self":[{"href":"https:\/\/shinemusicrental.com\/es\/wp-json\/wp\/v2\/product\/14950","targetHints":{"allow":["GET"]}}],"collection":[{"href":"https:\/\/shinemusicrental.com\/es\/wp-json\/wp\/v2\/product"}],"about":[{"href":"https:\/\/shinemusicrental.com\/es\/wp-json\/wp\/v2\/types\/product"}],"replies":[{"embeddable":true,"href":"https:\/\/shinemusicrental.com\/es\/wp-json\/wp\/v2\/comments?post=14950"}],"wp:featuredmedia":[{"embeddable":true,"href":"https:\/\/shinemusicrental.com\/es\/wp-json\/wp\/v2\/media\/14948"}],"wp:attachment":[{"href":"https:\/\/shinemusicrental.com\/es\/wp-json\/wp\/v2\/media?parent=14950"}],"wp:term":[{"taxonomy":"product_brand","embeddable":true,"href":"https:\/\/shinemusicrental.com\/es\/wp-json\/wp\/v2\/product_brand?post=14950"},{"taxonomy":"product_cat","embeddable":true,"href":"https:\/\/shinemusicrental.com\/es\/wp-json\/wp\/v2\/product_cat?post=14950"},{"taxonomy":"product_tag","embeddable":true,"href":"https:\/\/shinemusicrental.com\/es\/wp-json\/wp\/v2\/product_tag?post=14950"}],"curies":[{"name":"wp","href":"https:\/\/api.w.org\/{rel}","templated":true}]}}