{"id":1483,"date":"2022-10-26T14:16:42","date_gmt":"2022-10-26T12:16:44","guid":{"rendered":"http:\/\/www.shinemusicrental.com\/?post_type=product&#038;p=1483"},"modified":"2024-04-09T16:02:45","modified_gmt":"2024-04-09T14:02:45","slug":"admira-alba-guitarra-clasica-3-4-para-ninos","status":"publish","type":"product","link":"https:\/\/shinemusicrental.com\/es\/product\/admira-alba-guitarra-clasica-3-4-para-ninos\/","title":{"rendered":"Admira Alba Guitarra Cl\u00e1sica 3\/4 para Ni\u00f1os"},"content":{"rendered":"","protected":false},"excerpt":{"rendered":"<p><strong>Dep\u00f3sito: \u20ac40<\/strong><\/p>\n<div id=\"gtx-trans\" style=\"position: absolute; left: 71px; top: 38.3333px;\">\n<div class=\"gtx-trans-icon\"><\/div>\n<\/div>\n","protected":false},"featured_media":1410,"comment_status":"open","ping_status":"closed","template":"","meta":{"_acf_changed":false,"content-type":""},"product_brand":[],"product_cat":[177,193,191],"product_tag":[560,461,584,463,489,591,557,567,569,571,563,617,459,565,559],"class_list":{"0":"post-1483","1":"product","2":"type-product","3":"status-publish","4":"has-post-thumbnail","6":"product_cat-guitarras-y-bajos","7":"product_cat-guitarras-clasicas","8":"product_cat-guitarra-para-ninos","9":"product_tag-alquiler-de-instrumentos-es","10":"product_tag-alquiler-de-instrumentos","11":"product_tag-alquiler-de-instrumentos-es-2","12":"product_tag-alquiler-de-instrumentos-barcelona","13":"product_tag-alquiler-de-instrumentos-barcelona-es","14":"product_tag-alquiler-de-instrumentos-espana-es","15":"product_tag-alquiler-de-instrumentos-espana","16":"product_tag-guitarra","17":"product_tag-guitarra-barcelona","18":"product_tag-guitarra-de-alquiler","19":"product_tag-guitarra-espana","20":"product_tag-guitarra-para-ninos","21":"product_tag-guitarras","22":"product_tag-guitarras-es","23":"product_tag-instrumentos-de-contratacion","25":"first","26":"instock","27":"sold-individually","28":"shipping-taxable","29":"purchasable","30":"product-type-booking"},"booking_location":"","booking_location_type":"","booking_duration":1,"booking_duration_unit":"day","booking_buffer":0,"booking_cost":0,"booking_resources":[],"exclude_global_add_ons":false,"addons":[{"name":"Dep\u00f3sito","type":"checkbox","position":0,"required":false,"title_format":"hide","default":"","description_enable":false,"description":"","placeholder_enable":false,"placeholder":"","display":"select","restrictions_type":"any_text","adjust_price":false,"price":"","price_type":"flat_fee","restrictions":false,"min":"0","max":"0","options":[{"label":"Dep\u00f3sito","price":"40","price_type":"flat_fee","image":0,"visibility":true}]},{"name":"Guitarras Cl\u00e1sicas","type":"checkbox","position":0,"required":false,"title_format":"label","default":"","description_enable":false,"description":"","placeholder_enable":false,"placeholder":"","display":"select","restrictions_type":"any_text","adjust_price":false,"price":"","price_type":"flat_fee","restrictions":false,"min":"0","max":"0","options":[{"label":"Afinador","price":"5.00","price_type":"quantity_based","image":0,"visibility":true},{"label":"Apoyapi\u00e9s para Guitarra de Calidad","price":"9.00","price_type":"quantity_based","image":0,"visibility":true},{"label":"Apoyapi\u00e9s para Guitarra Est\u00e1ndar","price":"5.00","price_type":"quantity_based","image":0,"visibility":true},{"label":"Atril de Calidad","price":"9.00","price_type":"quantity_based","image":0,"visibility":true},{"label":"Atril","price":"5.00","price_type":"quantity_based","image":0,"visibility":true},{"label":"Capo - Guitarra Cl\u00e1sica","price":"5.00","price_type":"quantity_based","image":0,"visibility":true},{"label":"P\u00faa de Calidad","price":"2.00","price_type":"quantity_based","image":0,"visibility":true},{"label":"P\u00faa Est\u00e1ndar","price":"1.00","price_type":"quantity_based","image":0,"visibility":true}]}],"acf":{"set_to_be_sold":false,"sale_description":"","sale_price":""},"_links":{"self":[{"href":"https:\/\/shinemusicrental.com\/es\/wp-json\/wp\/v2\/product\/1483","targetHints":{"allow":["GET"]}}],"collection":[{"href":"https:\/\/shinemusicrental.com\/es\/wp-json\/wp\/v2\/product"}],"about":[{"href":"https:\/\/shinemusicrental.com\/es\/wp-json\/wp\/v2\/types\/product"}],"replies":[{"embeddable":true,"href":"https:\/\/shinemusicrental.com\/es\/wp-json\/wp\/v2\/comments?post=1483"}],"wp:featuredmedia":[{"embeddable":true,"href":"https:\/\/shinemusicrental.com\/es\/wp-json\/wp\/v2\/media\/1410"}],"wp:attachment":[{"href":"https:\/\/shinemusicrental.com\/es\/wp-json\/wp\/v2\/media?parent=1483"}],"wp:term":[{"taxonomy":"product_brand","embeddable":true,"href":"https:\/\/shinemusicrental.com\/es\/wp-json\/wp\/v2\/product_brand?post=1483"},{"taxonomy":"product_cat","embeddable":true,"href":"https:\/\/shinemusicrental.com\/es\/wp-json\/wp\/v2\/product_cat?post=1483"},{"taxonomy":"product_tag","embeddable":true,"href":"https:\/\/shinemusicrental.com\/es\/wp-json\/wp\/v2\/product_tag?post=1483"}],"curies":[{"name":"wp","href":"https:\/\/api.w.org\/{rel}","templated":true}]}}