{"id":1424,"date":"2022-10-26T12:32:14","date_gmt":"2022-10-26T10:32:14","guid":{"rendered":"http:\/\/www.shinemusicrental.com\/product\/roland-cube-street-bk-amplificador\/"},"modified":"2024-04-09T16:07:47","modified_gmt":"2024-04-09T14:07:47","slug":"roland-cube-street-amplificador","status":"publish","type":"product","link":"https:\/\/shinemusicrental.com\/es\/product\/roland-cube-street-amplificador\/","title":{"rendered":"Roland Cube Street BK Amplificador"},"content":{"rendered":"<p>Si eres un m\u00fasico que est\u00e1 en movimiento, el nuevo CUBE Street es para ti. Ya sea que vaya a un ensayo, a una clase, a un concierto en la calle o a cualquier situaci\u00f3n que requiera portabilidad y versatilidad, CUBE Street es una maravilla alimentada por bater\u00edas que est\u00e1 listo para viajar r\u00e1pido. El CUBE Street suena incre\u00edble y es capaz de producir un volumen alto gracias a los amplificadores de potencia digitales duales y un par de altavoces de alto rendimiento. \u00a1Y espere hasta que escuche los efectos incorporados y los modelos de amplificador! Alquile este amplificador o similar a nuestra muy competitiva tarifa.<\/p>\n","protected":false},"excerpt":{"rendered":"<p><strong>Dep\u00f3sito: \u20ac120<\/strong><\/p>\n<p>Si eres un m\u00fasico que est\u00e1 en movimiento, el nuevo CUBE Street es para ti. Ya sea que vaya a un ensayo, a una clase, a un concierto en la calle o a cualquier situaci\u00f3n que requiera portabilidad y versatilidad.<\/p>\n","protected":false},"featured_media":1422,"comment_status":"open","ping_status":"closed","template":"","meta":{"_acf_changed":false,"content-type":""},"product_brand":[],"product_cat":[177,201,331,347],"product_tag":[560,461,584,463,489,591,557,680,682,567,569,571,563,459,565,559],"class_list":{"0":"post-1424","1":"product","2":"type-product","3":"status-publish","4":"has-post-thumbnail","6":"product_cat-guitarras-y-bajos","7":"product_cat-amplificadores-de-guitarra-electrica","8":"product_cat-equipos-pa-y-de-audiodifusion","9":"product_cat-altavoces","10":"product_tag-alquiler-de-instrumentos-es","11":"product_tag-alquiler-de-instrumentos","12":"product_tag-alquiler-de-instrumentos-es-2","13":"product_tag-alquiler-de-instrumentos-barcelona","14":"product_tag-alquiler-de-instrumentos-barcelona-es","15":"product_tag-alquiler-de-instrumentos-espana-es","16":"product_tag-alquiler-de-instrumentos-espana","17":"product_tag-amplificador","18":"product_tag-amplificador-de-guitarra","19":"product_tag-guitarra","20":"product_tag-guitarra-barcelona","21":"product_tag-guitarra-de-alquiler","22":"product_tag-guitarra-espana","23":"product_tag-guitarras","24":"product_tag-guitarras-es","25":"product_tag-instrumentos-de-contratacion","27":"first","28":"instock","29":"sold-individually","30":"shipping-taxable","31":"purchasable","32":"product-type-booking"},"booking_location":"","booking_location_type":"","booking_duration":1,"booking_duration_unit":"day","booking_buffer":0,"booking_cost":0,"booking_resources":[],"exclude_global_add_ons":false,"addons":[{"name":"Dep\u00f3sito","type":"checkbox","position":0,"required":false,"title_format":"hide","default":"","description_enable":false,"description":"","placeholder_enable":false,"placeholder":"","display":"select","restrictions_type":"any_text","adjust_price":false,"price":"","price_type":"flat_fee","restrictions":false,"min":"0","max":"0","options":[{"label":"Dep\u00f3sito","price":"120","price_type":"flat_fee","image":0,"visibility":true}]},{"name":"AMPLIFICADORES (todos)","type":"checkbox","position":0,"required":false,"title_format":"label","default":"","description_enable":false,"description":"","placeholder_enable":false,"placeholder":"","display":"select","restrictions_type":"any_text","adjust_price":false,"price":"","price_type":"flat_fee","restrictions":false,"min":"0","max":"0","options":[{"label":"Cable de Instrumento Jack 1\/4","price":"5.00","price_type":"quantity_based","image":0,"visibility":true},{"label":"DI Box","price":"5.00","price_type":"quantity_based","image":0,"visibility":true}]},{"name":"ALTAVOCES PA","type":"checkbox","position":0,"required":false,"title_format":"label","default":"","description_enable":false,"description":"","placeholder_enable":false,"placeholder":"","display":"select","restrictions_type":"any_text","adjust_price":false,"price":"","price_type":"flat_fee","restrictions":false,"min":"0","max":"0","options":[{"label":"Cable de Instrumento Jack 1\/4","price":"5.00","price_type":"quantity_based","image":0,"visibility":true},{"label":"Cable XLR","price":"5.00","price_type":"quantity_based","image":0,"visibility":true},{"label":"Mesa de Mezclas (est\u00e1ndar)","price":"55.00","price_type":"quantity_based","image":0,"visibility":true},{"label":"Soporte","price":"19.00","price_type":"quantity_based","image":0,"visibility":true},{"label":"DI Box","price":"5","price_type":"quantity_based","image":0,"visibility":true}]}],"acf":{"set_to_be_sold":false,"sale_description":"","sale_price":""},"_links":{"self":[{"href":"https:\/\/shinemusicrental.com\/es\/wp-json\/wp\/v2\/product\/1424","targetHints":{"allow":["GET"]}}],"collection":[{"href":"https:\/\/shinemusicrental.com\/es\/wp-json\/wp\/v2\/product"}],"about":[{"href":"https:\/\/shinemusicrental.com\/es\/wp-json\/wp\/v2\/types\/product"}],"replies":[{"embeddable":true,"href":"https:\/\/shinemusicrental.com\/es\/wp-json\/wp\/v2\/comments?post=1424"}],"wp:featuredmedia":[{"embeddable":true,"href":"https:\/\/shinemusicrental.com\/es\/wp-json\/wp\/v2\/media\/1422"}],"wp:attachment":[{"href":"https:\/\/shinemusicrental.com\/es\/wp-json\/wp\/v2\/media?parent=1424"}],"wp:term":[{"taxonomy":"product_brand","embeddable":true,"href":"https:\/\/shinemusicrental.com\/es\/wp-json\/wp\/v2\/product_brand?post=1424"},{"taxonomy":"product_cat","embeddable":true,"href":"https:\/\/shinemusicrental.com\/es\/wp-json\/wp\/v2\/product_cat?post=1424"},{"taxonomy":"product_tag","embeddable":true,"href":"https:\/\/shinemusicrental.com\/es\/wp-json\/wp\/v2\/product_tag?post=1424"}],"curies":[{"name":"wp","href":"https:\/\/api.w.org\/{rel}","templated":true}]}}