{"id":14168,"date":"2023-10-23T15:46:37","date_gmt":"2023-10-23T13:46:37","guid":{"rendered":"https:\/\/shinemusicrental.com\/product\/meinl-hcaj1nt-cajon\/"},"modified":"2024-04-11T15:01:25","modified_gmt":"2024-04-11T13:01:25","slug":"meinl-hcaj1nt-cajon","status":"publish","type":"product","link":"https:\/\/shinemusicrental.com\/es\/product\/meinl-hcaj1nt-cajon\/","title":{"rendered":"Meinl HCAJ1NT Caj\u00f3n"},"content":{"rendered":"<p>El Caj\u00f3n Meinl HCAJ1NT ofrece una soluci\u00f3n directa en percusi\u00f3n, dise\u00f1ado para la practicidad y confiabilidad. Construido con una placa frontal de madera de caucho y un cuerpo de MDF, este caj\u00f3n ofrece durabilidad y una c\u00e1lida resonancia tonal. Los alambres internos de sordina son ajustables, permitiendo a los m\u00fasicos personalizar la respuesta de sordina. Las esquinas superiores son ajustables para alterar el sonido de palmada. Con dimensiones de 11.75&#8243; x 19.75&#8243; x 12&#8243;, el HCAJ1NT Caj\u00f3n es compacto y f\u00e1cilmente portable. Los m\u00fasicos que deseen incorporar temporalmente este caj\u00f3n a su configuraci\u00f3n pueden explorar los servicios de alquiler de instrumentos, brindando la oportunidad de experimentar sus capacidades de percusi\u00f3n equilibradas y vers\u00e1tiles en diversos entornos musicales.<\/p>\n","protected":false},"excerpt":{"rendered":"<p>El Caj\u00f3n Meinl HCAJ1NT ofrece una soluci\u00f3n directa en percusi\u00f3n, dise\u00f1ado para la practicidad y confiabilidad. Construido con una placa [&hellip;]<\/p>\n","protected":false},"featured_media":14160,"comment_status":"open","ping_status":"closed","template":"","meta":{"_acf_changed":false,"content-type":""},"product_brand":[],"product_cat":[160,173],"product_tag":[560,461,584,463,489,591,557,552,457,543,539,541,537,766,559,465,468,469,473,472,475],"class_list":{"0":"post-14168","1":"product","2":"type-product","3":"status-publish","4":"has-post-thumbnail","6":"product_cat-baterias-y-percusion","7":"product_cat-percusion","8":"product_tag-alquiler-de-instrumentos-es","9":"product_tag-alquiler-de-instrumentos","10":"product_tag-alquiler-de-instrumentos-es-2","11":"product_tag-alquiler-de-instrumentos-barcelona","12":"product_tag-alquiler-de-instrumentos-barcelona-es","13":"product_tag-alquiler-de-instrumentos-espana-es","14":"product_tag-alquiler-de-instrumentos-espana","15":"product_tag-bateria-es","16":"product_tag-baterias","17":"product_tag-baterias-barcelona","18":"product_tag-baterias-de-alquiler","19":"product_tag-baterias-es","20":"product_tag-baterias-espana","21":"product_tag-cajon-es","22":"product_tag-instrumentos-de-contratacion","23":"product_tag-percusion","24":"product_tag-percusiones","25":"product_tag-percusiones-barcelona","26":"product_tag-percusiones-de-alquiler","27":"product_tag-percusiones-es","28":"product_tag-percusiones-espana","30":"first","31":"instock","32":"sold-individually","33":"shipping-taxable","34":"purchasable","35":"product-type-booking"},"booking_location":"","booking_location_type":"","booking_duration":1,"booking_duration_unit":"day","booking_buffer":0,"booking_cost":0,"booking_resources":[],"exclude_global_add_ons":false,"addons":[{"name":"Deposit","type":"checkbox","position":0,"required":true,"title_format":"hide","default":"","description_enable":false,"description":"","placeholder_enable":false,"placeholder":"","display":"select","restrictions_type":"any_text","adjust_price":false,"price":"","price_type":"flat_fee","restrictions":false,"min":"0","max":"0","options":[{"label":"Deposit","price":"50","price_type":"flat_fee","image":0,"visibility":true}]},{"name":"Todas las Bater\u00edas","type":"checkbox","position":0,"required":false,"title_format":"label","default":"","description_enable":false,"description":"","placeholder_enable":false,"placeholder":"","display":"select","restrictions_type":"any_text","adjust_price":false,"price":"","price_type":"flat_fee","restrictions":false,"min":"0","max":"0","options":[{"label":"Baquetas","price":"6.00","price_type":"quantity_based","image":0,"visibility":true},{"label":"Set de Platillos","price":"48.00","price_type":"quantity_based","image":0,"visibility":true}]},{"name":"All Percussion","type":"checkbox","position":0,"required":false,"title_format":"label","default":"","description_enable":false,"description":"","placeholder_enable":false,"placeholder":"","display":"select","restrictions_type":"any_text","adjust_price":false,"price":"","price_type":"flat_fee","restrictions":false,"min":"0","max":"0","options":[{"label":"Stand","price":"10","price_type":"quantity_based","image":0,"visibility":true}]}],"acf":{"set_to_be_sold":false,"sale_description":"","sale_price":""},"_links":{"self":[{"href":"https:\/\/shinemusicrental.com\/es\/wp-json\/wp\/v2\/product\/14168","targetHints":{"allow":["GET"]}}],"collection":[{"href":"https:\/\/shinemusicrental.com\/es\/wp-json\/wp\/v2\/product"}],"about":[{"href":"https:\/\/shinemusicrental.com\/es\/wp-json\/wp\/v2\/types\/product"}],"replies":[{"embeddable":true,"href":"https:\/\/shinemusicrental.com\/es\/wp-json\/wp\/v2\/comments?post=14168"}],"wp:featuredmedia":[{"embeddable":true,"href":"https:\/\/shinemusicrental.com\/es\/wp-json\/wp\/v2\/media\/14160"}],"wp:attachment":[{"href":"https:\/\/shinemusicrental.com\/es\/wp-json\/wp\/v2\/media?parent=14168"}],"wp:term":[{"taxonomy":"product_brand","embeddable":true,"href":"https:\/\/shinemusicrental.com\/es\/wp-json\/wp\/v2\/product_brand?post=14168"},{"taxonomy":"product_cat","embeddable":true,"href":"https:\/\/shinemusicrental.com\/es\/wp-json\/wp\/v2\/product_cat?post=14168"},{"taxonomy":"product_tag","embeddable":true,"href":"https:\/\/shinemusicrental.com\/es\/wp-json\/wp\/v2\/product_tag?post=14168"}],"curies":[{"name":"wp","href":"https:\/\/api.w.org\/{rel}","templated":true}]}}