{"id":13839,"date":"2023-09-19T11:55:00","date_gmt":"2023-09-19T09:55:00","guid":{"rendered":"https:\/\/shinemusicrental.com\/product\/ld-systems-road-jack-10-wireless-speaker\/"},"modified":"2025-05-06T15:27:56","modified_gmt":"2025-05-06T13:27:56","slug":"ld-systems-road-jack-10-altavoz","status":"publish","type":"product","link":"https:\/\/shinemusicrental.com\/es\/product\/ld-systems-road-jack-10-altavoz\/","title":{"rendered":"LD Systems Road Jack 10 Altavoz"},"content":{"rendered":"<p>El altavoz inal\u00e1mbrico Road Jack 10 de LD Systems es una soluci\u00f3n de audio port\u00e1til para diversos usos. Con una bater\u00eda recargable incorporada, ofrece hasta 20 horas de funcionamiento, similar al tiempo de funcionamiento extendido. El woofer de 10&#8243; y el controlador de alta frecuencia ofrecen un sonido claro con una respuesta de frecuencia de 65 Hz &#8211; 18 kHz, similar a un lienzo sonoro equilibrado. Su mezclador de 3 canales permite una conectividad vers\u00e1til, asemej\u00e1ndose a un centro de audio vers\u00e1til.\u00a0 Con su construcci\u00f3n robusta y asa de transporte, es adecuado para uso mientras viaja, similar a un compa\u00f1ero musical para eventos. Considere el alquiler de instrumentos para explorar su potencial para su pr\u00f3ximo concierto o evento.<\/p>\n","protected":false},"excerpt":{"rendered":"<p>El altavoz inal\u00e1mbrico Road Jack 10 de LD Systems es una soluci\u00f3n de audio port\u00e1til para diversos usos. Con una [&hellip;]<\/p>\n","protected":false},"featured_media":13836,"comment_status":"open","ping_status":"closed","template":"","meta":{"_acf_changed":false,"content-type":""},"product_brand":[],"product_cat":[331,347],"product_tag":[461,560,584,463,489,591,557,929,795,505,507,511,509,513,503,559],"class_list":{"0":"post-13839","1":"product","2":"type-product","3":"status-publish","4":"has-post-thumbnail","6":"product_cat-equipos-pa-y-de-audiodifusion","7":"product_cat-altavoces","8":"product_tag-alquiler-de-instrumentos","9":"product_tag-alquiler-de-instrumentos-es","10":"product_tag-alquiler-de-instrumentos-es-2","11":"product_tag-alquiler-de-instrumentos-barcelona","12":"product_tag-alquiler-de-instrumentos-barcelona-es","13":"product_tag-alquiler-de-instrumentos-espana-es","14":"product_tag-alquiler-de-instrumentos-espana","15":"product_tag-altavoces","16":"product_tag-altavoces-de-alquiler","17":"product_tag-equipo-de-estudio","18":"product_tag-equipo-de-estudio-barcelona","19":"product_tag-equipo-de-estudio-de-alquiler","20":"product_tag-equipo-de-estudio-es","21":"product_tag-equipo-de-estudio-espana","22":"product_tag-estudio","23":"product_tag-instrumentos-de-contratacion","25":"first","26":"instock","27":"featured","28":"sold-individually","29":"shipping-taxable","30":"purchasable","31":"product-type-booking"},"booking_location":"","booking_location_type":"","booking_duration":1,"booking_duration_unit":"day","booking_buffer":0,"booking_cost":0,"booking_resources":[],"exclude_global_add_ons":false,"addons":[{"name":"Deposit","type":"checkbox","position":0,"required":true,"title_format":"hide","default":"","description_enable":false,"description":"","placeholder_enable":false,"placeholder":"","display":"select","restrictions_type":"any_text","adjust_price":false,"price":"","price_type":"flat_fee","restrictions":false,"min":"0","max":"0","options":[{"label":"Deposit","price":"110","price_type":"flat_fee","image":0,"visibility":true}]},{"name":"ALTAVOCES PA","type":"checkbox","position":0,"required":false,"title_format":"label","default":"","description_enable":false,"description":"","placeholder_enable":false,"placeholder":"","display":"select","restrictions_type":"any_text","adjust_price":false,"price":"","price_type":"flat_fee","restrictions":false,"min":"0","max":"0","options":[{"label":"Cable de Instrumento Jack 1\/4","price":"5.00","price_type":"quantity_based","image":0,"visibility":true},{"label":"Cable XLR","price":"5.00","price_type":"quantity_based","image":0,"visibility":true},{"label":"Mesa de Mezclas (est\u00e1ndar)","price":"55.00","price_type":"quantity_based","image":0,"visibility":true},{"label":"Soporte","price":"19.00","price_type":"quantity_based","image":0,"visibility":true},{"label":"DI Box","price":"5","price_type":"quantity_based","image":0,"visibility":true}]}],"acf":{"set_to_be_sold":false,"sale_description":"","sale_price":""},"_links":{"self":[{"href":"https:\/\/shinemusicrental.com\/es\/wp-json\/wp\/v2\/product\/13839","targetHints":{"allow":["GET"]}}],"collection":[{"href":"https:\/\/shinemusicrental.com\/es\/wp-json\/wp\/v2\/product"}],"about":[{"href":"https:\/\/shinemusicrental.com\/es\/wp-json\/wp\/v2\/types\/product"}],"replies":[{"embeddable":true,"href":"https:\/\/shinemusicrental.com\/es\/wp-json\/wp\/v2\/comments?post=13839"}],"wp:featuredmedia":[{"embeddable":true,"href":"https:\/\/shinemusicrental.com\/es\/wp-json\/wp\/v2\/media\/13836"}],"wp:attachment":[{"href":"https:\/\/shinemusicrental.com\/es\/wp-json\/wp\/v2\/media?parent=13839"}],"wp:term":[{"taxonomy":"product_brand","embeddable":true,"href":"https:\/\/shinemusicrental.com\/es\/wp-json\/wp\/v2\/product_brand?post=13839"},{"taxonomy":"product_cat","embeddable":true,"href":"https:\/\/shinemusicrental.com\/es\/wp-json\/wp\/v2\/product_cat?post=13839"},{"taxonomy":"product_tag","embeddable":true,"href":"https:\/\/shinemusicrental.com\/es\/wp-json\/wp\/v2\/product_tag?post=13839"}],"curies":[{"name":"wp","href":"https:\/\/api.w.org\/{rel}","templated":true}]}}