{"id":13705,"date":"2023-08-31T15:12:25","date_gmt":"2023-08-31T13:12:25","guid":{"rendered":"https:\/\/shinemusicrental.com\/product\/sabian-aax-cymbals-set\/"},"modified":"2024-04-12T14:29:58","modified_gmt":"2024-04-12T12:29:58","slug":"sabian-aax-set-de-platos","status":"publish","type":"product","link":"https:\/\/shinemusicrental.com\/es\/product\/sabian-aax-set-de-platos\/","title":{"rendered":"Sabian AAX Set de Platos"},"content":{"rendered":"<p>El juego de platillos Sabian AAX comprende una colecci\u00f3n de platillos de alta calidad adecuados para una variedad de aplicaciones musicales, lo que lo convierte en una opci\u00f3n muy solicitada para el alquiler de instrumentos. Estos platillos est\u00e1n fabricados con una aleaci\u00f3n de bronce B20 y cuentan con elementos de dise\u00f1o innovadores para mejorar el sonido.<\/p>\n<p>El conjunto generalmente incluye un par de charles de 14&#8243;, un crash de 16&#8243; y un platillo ride de 20&#8243;. La serie AAX es conocida por sus tonos brillantes y cortantes con un amplio rango din\u00e1mico. Estos platillos ofrecen una mezcla equilibrada de platillos tradicionales y caracter\u00edsticas de sonido modernas.<\/p>\n<p>Utilizando la innovadora tecnolog\u00eda Auto-Focus Response de Sabian, estos platillos responden con precisi\u00f3n en todos los niveles din\u00e1micos. Con un peso medio a pesado, ofrecen un rendimiento consistente y un sonido claro y articulado. Ya sea que est\u00e9 alquilando un juego de platillos para una sesi\u00f3n de estudio o un concierto en vivo, el juego de platillos Sabian AAX garantiza confiabilidad y sonido de nivel profesional.<\/p>\n","protected":false},"excerpt":{"rendered":"<p>El juego de platillos Sabian AAX comprende una colecci\u00f3n de platillos de alta calidad adecuados para una variedad de aplicaciones [&hellip;]<\/p>\n","protected":false},"featured_media":13703,"comment_status":"open","ping_status":"closed","template":"","meta":{"_acf_changed":false,"content-type":""},"product_brand":[],"product_cat":[160,165],"product_tag":[560,461,584,463,489,591,557,552,457,543,539,541,537,559,465,468,469,473,472,475,843],"class_list":{"0":"post-13705","1":"product","2":"type-product","3":"status-publish","4":"has-post-thumbnail","6":"product_cat-baterias-y-percusion","7":"product_cat-platillos","8":"product_tag-alquiler-de-instrumentos-es","9":"product_tag-alquiler-de-instrumentos","10":"product_tag-alquiler-de-instrumentos-es-2","11":"product_tag-alquiler-de-instrumentos-barcelona","12":"product_tag-alquiler-de-instrumentos-barcelona-es","13":"product_tag-alquiler-de-instrumentos-espana-es","14":"product_tag-alquiler-de-instrumentos-espana","15":"product_tag-bateria-es","16":"product_tag-baterias","17":"product_tag-baterias-barcelona","18":"product_tag-baterias-de-alquiler","19":"product_tag-baterias-es","20":"product_tag-baterias-espana","21":"product_tag-instrumentos-de-contratacion","22":"product_tag-percusion","23":"product_tag-percusiones","24":"product_tag-percusiones-barcelona","25":"product_tag-percusiones-de-alquiler","26":"product_tag-percusiones-es","27":"product_tag-percusiones-espana","28":"product_tag-platillo","30":"first","31":"instock","32":"sold-individually","33":"shipping-taxable","34":"purchasable","35":"product-type-booking"},"booking_location":"","booking_location_type":"","booking_duration":1,"booking_duration_unit":"day","booking_buffer":0,"booking_cost":0,"booking_resources":[],"exclude_global_add_ons":false,"addons":[{"name":"Deposit","type":"checkbox","position":0,"required":true,"title_format":"hide","default":"","description_enable":false,"description":"","placeholder_enable":false,"placeholder":"","display":"select","restrictions_type":"any_text","adjust_price":false,"price":"","price_type":"flat_fee","restrictions":false,"min":"0","max":"0","options":[{"label":"Deposit","price":"380","price_type":"flat_fee","image":0,"visibility":true}]},{"name":"Todas las Bater\u00edas","type":"checkbox","position":0,"required":false,"title_format":"label","default":"","description_enable":false,"description":"","placeholder_enable":false,"placeholder":"","display":"select","restrictions_type":"any_text","adjust_price":false,"price":"","price_type":"flat_fee","restrictions":false,"min":"0","max":"0","options":[{"label":"Baquetas","price":"6.00","price_type":"quantity_based","image":0,"visibility":true},{"label":"Set de Platillos","price":"48.00","price_type":"quantity_based","image":0,"visibility":true}]}],"acf":{"set_to_be_sold":false,"sale_description":"","sale_price":""},"_links":{"self":[{"href":"https:\/\/shinemusicrental.com\/es\/wp-json\/wp\/v2\/product\/13705","targetHints":{"allow":["GET"]}}],"collection":[{"href":"https:\/\/shinemusicrental.com\/es\/wp-json\/wp\/v2\/product"}],"about":[{"href":"https:\/\/shinemusicrental.com\/es\/wp-json\/wp\/v2\/types\/product"}],"replies":[{"embeddable":true,"href":"https:\/\/shinemusicrental.com\/es\/wp-json\/wp\/v2\/comments?post=13705"}],"wp:featuredmedia":[{"embeddable":true,"href":"https:\/\/shinemusicrental.com\/es\/wp-json\/wp\/v2\/media\/13703"}],"wp:attachment":[{"href":"https:\/\/shinemusicrental.com\/es\/wp-json\/wp\/v2\/media?parent=13705"}],"wp:term":[{"taxonomy":"product_brand","embeddable":true,"href":"https:\/\/shinemusicrental.com\/es\/wp-json\/wp\/v2\/product_brand?post=13705"},{"taxonomy":"product_cat","embeddable":true,"href":"https:\/\/shinemusicrental.com\/es\/wp-json\/wp\/v2\/product_cat?post=13705"},{"taxonomy":"product_tag","embeddable":true,"href":"https:\/\/shinemusicrental.com\/es\/wp-json\/wp\/v2\/product_tag?post=13705"}],"curies":[{"name":"wp","href":"https:\/\/api.w.org\/{rel}","templated":true}]}}