{"id":13699,"date":"2023-08-31T14:15:54","date_gmt":"2023-08-31T12:15:54","guid":{"rendered":"https:\/\/shinemusicrental.com\/product\/zildjian-20-k-custom-ride\/"},"modified":"2024-04-12T14:27:22","modified_gmt":"2024-04-12T12:27:22","slug":"zildjian-20-k-custom-ride","status":"publish","type":"product","link":"https:\/\/shinemusicrental.com\/es\/product\/zildjian-20-k-custom-ride\/","title":{"rendered":"Zildjian 20&#8243; K-Custom Ride"},"content":{"rendered":"<p>El Zildjian 20&#8243; K-Custom Ride es un platillo vers\u00e1til adecuado para una amplia gama de g\u00e9neros musicales. Elaborado con precisi\u00f3n, este platillo ride ofrece una combinaci\u00f3n \u00fanica de caracter\u00edsticas tradicionales y modernas.<\/p>\n<p>Con su car\u00e1cter tonal oscuro y c\u00e1lido y una definici\u00f3n de baqueta clara y definida, el K-Custom Ride es ideal tanto para grabaciones de estudio como para actuaciones en directo. Su peso medio-fino y su campana grande proporcionan una excelente capacidad de choque y un sostenido equilibrado.<\/p>\n<p>Construido con una aleaci\u00f3n de bronce B20, este platillo cuenta con durabilidad y capacidad de respuesta. La superficie sin tornear y martillada a mano a\u00f1ade complejidad y car\u00e1cter a su sonido. Ya sea que est\u00e9 buscando alquilar un platillo Ride para jazz, rock o cualquier g\u00e9nero intermedio, el Zildjian K-Custom Ride de 20&#8243; ofrece un instrumento de calidad profesional que complementa su estilo de bater\u00eda.<\/p>\n","protected":false},"excerpt":{"rendered":"<p>El Zildjian 20&#8243; K-Custom Ride es un platillo vers\u00e1til adecuado para una amplia gama de g\u00e9neros musicales. Elaborado con precisi\u00f3n, [&hellip;]<\/p>\n","protected":false},"featured_media":13697,"comment_status":"open","ping_status":"closed","template":"","meta":{"_acf_changed":false,"content-type":""},"product_brand":[],"product_cat":[160,165],"product_tag":[560,461,584,463,489,591,557,552,457,543,539,541,537,559,465,468,469,473,472,475,843],"class_list":{"0":"post-13699","1":"product","2":"type-product","3":"status-publish","4":"has-post-thumbnail","6":"product_cat-baterias-y-percusion","7":"product_cat-platillos","8":"product_tag-alquiler-de-instrumentos-es","9":"product_tag-alquiler-de-instrumentos","10":"product_tag-alquiler-de-instrumentos-es-2","11":"product_tag-alquiler-de-instrumentos-barcelona","12":"product_tag-alquiler-de-instrumentos-barcelona-es","13":"product_tag-alquiler-de-instrumentos-espana-es","14":"product_tag-alquiler-de-instrumentos-espana","15":"product_tag-bateria-es","16":"product_tag-baterias","17":"product_tag-baterias-barcelona","18":"product_tag-baterias-de-alquiler","19":"product_tag-baterias-es","20":"product_tag-baterias-espana","21":"product_tag-instrumentos-de-contratacion","22":"product_tag-percusion","23":"product_tag-percusiones","24":"product_tag-percusiones-barcelona","25":"product_tag-percusiones-de-alquiler","26":"product_tag-percusiones-es","27":"product_tag-percusiones-espana","28":"product_tag-platillo","30":"first","31":"instock","32":"sold-individually","33":"shipping-taxable","34":"purchasable","35":"product-type-booking"},"booking_location":"","booking_location_type":"","booking_duration":1,"booking_duration_unit":"day","booking_buffer":0,"booking_cost":0,"booking_resources":[],"exclude_global_add_ons":false,"addons":[{"name":"Deposit","type":"checkbox","position":0,"required":true,"title_format":"hide","default":"","description_enable":false,"description":"","placeholder_enable":false,"placeholder":"","display":"select","restrictions_type":"any_text","adjust_price":false,"price":"","price_type":"flat_fee","restrictions":false,"min":"0","max":"0","options":[{"label":"Deposit","price":"400","price_type":"flat_fee","image":0,"visibility":true}]},{"name":"Todas las Bater\u00edas","type":"checkbox","position":0,"required":false,"title_format":"label","default":"","description_enable":false,"description":"","placeholder_enable":false,"placeholder":"","display":"select","restrictions_type":"any_text","adjust_price":false,"price":"","price_type":"flat_fee","restrictions":false,"min":"0","max":"0","options":[{"label":"Baquetas","price":"6.00","price_type":"quantity_based","image":0,"visibility":true},{"label":"Set de Platillos","price":"48.00","price_type":"quantity_based","image":0,"visibility":true}]}],"acf":{"set_to_be_sold":false,"sale_description":"","sale_price":""},"_links":{"self":[{"href":"https:\/\/shinemusicrental.com\/es\/wp-json\/wp\/v2\/product\/13699","targetHints":{"allow":["GET"]}}],"collection":[{"href":"https:\/\/shinemusicrental.com\/es\/wp-json\/wp\/v2\/product"}],"about":[{"href":"https:\/\/shinemusicrental.com\/es\/wp-json\/wp\/v2\/types\/product"}],"replies":[{"embeddable":true,"href":"https:\/\/shinemusicrental.com\/es\/wp-json\/wp\/v2\/comments?post=13699"}],"wp:featuredmedia":[{"embeddable":true,"href":"https:\/\/shinemusicrental.com\/es\/wp-json\/wp\/v2\/media\/13697"}],"wp:attachment":[{"href":"https:\/\/shinemusicrental.com\/es\/wp-json\/wp\/v2\/media?parent=13699"}],"wp:term":[{"taxonomy":"product_brand","embeddable":true,"href":"https:\/\/shinemusicrental.com\/es\/wp-json\/wp\/v2\/product_brand?post=13699"},{"taxonomy":"product_cat","embeddable":true,"href":"https:\/\/shinemusicrental.com\/es\/wp-json\/wp\/v2\/product_cat?post=13699"},{"taxonomy":"product_tag","embeddable":true,"href":"https:\/\/shinemusicrental.com\/es\/wp-json\/wp\/v2\/product_tag?post=13699"}],"curies":[{"name":"wp","href":"https:\/\/api.w.org\/{rel}","templated":true}]}}