{"id":13617,"date":"2023-08-25T10:15:17","date_gmt":"2023-08-25T08:15:17","guid":{"rendered":"https:\/\/shinemusicrental.com\/product\/roland-juno-ds61-synthesizer\/"},"modified":"2024-04-12T14:09:46","modified_gmt":"2024-04-12T12:09:46","slug":"roland-juno-ds61-sintetizador","status":"publish","type":"product","link":"https:\/\/shinemusicrental.com\/es\/product\/roland-juno-ds61-sintetizador\/","title":{"rendered":"Roland JUNO-DS61 Sintetizador"},"content":{"rendered":"<p>Presentamos el Sintetizador Roland JUNO-DS61: un vers\u00e1til instrumento de teclado. Con m\u00e1s de 1000 sonidos de alta calidad, ofrece una amplia paleta sonora, parecido a un arsenal creativo. El teclado de 61 teclas sensibles a la velocidad brinda una interpretaci\u00f3n expresiva, similar a un lienzo sensible. La interfaz intuitiva permite una manipulaci\u00f3n sencilla de los sonidos, como un cuaderno de bocetos musicales. Los pads de frase incorporados a\u00f1aden texturas din\u00e1micas, parecido a un toque art\u00edstico. La opci\u00f3n de funcionamiento con bater\u00eda mejora la portabilidad, similar a un compa\u00f1ero musical en movimiento. Explora su potencial musical a trav\u00e9s del Alquiler de Instrumentos, o considera Alquilar un Teclado para tus proyectos creativos. Emb\u00e1rcate en un viaje de exploraci\u00f3n sonora con este notable sintetizador.<\/p>\n","protected":false},"excerpt":{"rendered":"<p>Presentamos el Sintetizador Roland JUNO-DS61: un vers\u00e1til instrumento de teclado. Con m\u00e1s de 1000 sonidos de alta calidad, ofrece una [&hellip;]<\/p>\n","protected":false},"featured_media":13615,"comment_status":"open","ping_status":"closed","template":"","meta":{"_acf_changed":false,"content-type":""},"product_brand":[],"product_cat":[116,376,223],"product_tag":[461,560,584,463,489,591,557,559,477,480,487,481,483,485,945,575,947,922,593],"class_list":{"0":"post-13617","1":"product","2":"type-product","3":"status-publish","4":"has-post-thumbnail","6":"product_cat-instrumentos-de-teclado","7":"product_cat-teclados-es","8":"product_cat-sintetizadores","9":"product_tag-alquiler-de-instrumentos","10":"product_tag-alquiler-de-instrumentos-es","11":"product_tag-alquiler-de-instrumentos-es-2","12":"product_tag-alquiler-de-instrumentos-barcelona","13":"product_tag-alquiler-de-instrumentos-barcelona-es","14":"product_tag-alquiler-de-instrumentos-espana-es","15":"product_tag-alquiler-de-instrumentos-espana","16":"product_tag-instrumentos-de-contratacion","17":"product_tag-piano-es-2","18":"product_tag-piano-es-es","19":"product_tag-piano-espana","20":"product_tag-pianos-es","21":"product_tag-pianos-barcelona-es","22":"product_tag-pianos-de-alquiler","23":"product_tag-sintetizador-es","24":"product_tag-sintetizador","25":"product_tag-sintetizador-de-alquiler","26":"product_tag-teclado-de-alquiler","27":"product_tag-yamaha-es","29":"first","30":"instock","31":"sold-individually","32":"shipping-taxable","33":"purchasable","34":"product-type-booking"},"booking_location":"","booking_location_type":"","booking_duration":1,"booking_duration_unit":"day","booking_buffer":0,"booking_cost":0,"booking_resources":[],"exclude_global_add_ons":false,"addons":[{"name":"Deposit","type":"checkbox","position":0,"required":true,"title_format":"hide","default":"","description_enable":false,"description":"","placeholder_enable":false,"placeholder":"","display":"select","restrictions_type":"any_text","adjust_price":false,"price":"","price_type":"flat_fee","restrictions":false,"min":"0","max":"0","options":[{"label":"Deposit","price":"240","price_type":"flat_fee","image":0,"visibility":true}]},{"name":"PIANO EL\u00c9CTRICO","type":"checkbox","position":0,"required":true,"title_format":"label","default":"","description_enable":false,"description":"","placeholder_enable":false,"placeholder":"","display":"select","restrictions_type":"any_text","adjust_price":false,"price":"","price_type":"flat_fee","restrictions":false,"min":"0","max":"0","options":[{"label":"Pedal de Sustain de Calidad","price":"10.00","price_type":"quantity_based","image":0,"visibility":true},{"label":"Soporte","price":"10.00","price_type":"quantity_based","image":0,"visibility":true},{"label":"Taburete de Piano de Calidad","price":"25.00","price_type":"quantity_based","image":0,"visibility":true},{"label":"Taburete de Piano","price":"10.00","price_type":"quantity_based","image":0,"visibility":true}]}],"acf":{"set_to_be_sold":false,"sale_description":"","sale_price":""},"_links":{"self":[{"href":"https:\/\/shinemusicrental.com\/es\/wp-json\/wp\/v2\/product\/13617","targetHints":{"allow":["GET"]}}],"collection":[{"href":"https:\/\/shinemusicrental.com\/es\/wp-json\/wp\/v2\/product"}],"about":[{"href":"https:\/\/shinemusicrental.com\/es\/wp-json\/wp\/v2\/types\/product"}],"replies":[{"embeddable":true,"href":"https:\/\/shinemusicrental.com\/es\/wp-json\/wp\/v2\/comments?post=13617"}],"wp:featuredmedia":[{"embeddable":true,"href":"https:\/\/shinemusicrental.com\/es\/wp-json\/wp\/v2\/media\/13615"}],"wp:attachment":[{"href":"https:\/\/shinemusicrental.com\/es\/wp-json\/wp\/v2\/media?parent=13617"}],"wp:term":[{"taxonomy":"product_brand","embeddable":true,"href":"https:\/\/shinemusicrental.com\/es\/wp-json\/wp\/v2\/product_brand?post=13617"},{"taxonomy":"product_cat","embeddable":true,"href":"https:\/\/shinemusicrental.com\/es\/wp-json\/wp\/v2\/product_cat?post=13617"},{"taxonomy":"product_tag","embeddable":true,"href":"https:\/\/shinemusicrental.com\/es\/wp-json\/wp\/v2\/product_tag?post=13617"}],"curies":[{"name":"wp","href":"https:\/\/api.w.org\/{rel}","templated":true}]}}