{"id":13591,"date":"2023-08-22T15:35:12","date_gmt":"2023-08-22T13:35:12","guid":{"rendered":"https:\/\/shinemusicrental.com\/product\/handpan-in-dm-handmade\/"},"modified":"2024-04-12T14:08:32","modified_gmt":"2024-04-12T12:08:32","slug":"handpan-en-dm-hecho-a-mano","status":"publish","type":"product","link":"https:\/\/shinemusicrental.com\/es\/product\/handpan-en-dm-hecho-a-mano\/","title":{"rendered":"Handpan en Dm Hecho a Mano"},"content":{"rendered":"<p>Presentamos el Handpan Artesanal en Dm: un instrumento de percusi\u00f3n \u00fanico. Elaborado con precisi\u00f3n, ofrece sonidos et\u00e9reos y resonantes, parecido a un viaje hipnotizante. El dise\u00f1o de 7 notas permite un juego vers\u00e1til, similar a un narrador musical. La construcci\u00f3n de acero nitrurado asegura durabilidad y tonos perdurables, como un compa\u00f1ero confiable. El dise\u00f1o intrincado resulta en una pieza visualmente cautivadora, parecido a una obra maestra art\u00edstica. Afinado en la tonalidad de Dm, lleva un tono emotivo y cautivador, semejante a una conversaci\u00f3n sincera. Explora posibilidades mel\u00f3dicas a trav\u00e9s del Alquiler de Instrumentos, o considera Alquilar un Handpan para tu exploraci\u00f3n musical. Sum\u00e9rgete en el mundo encantador de este instrumento \u00fanico en su clase.<\/p>\n","protected":false},"excerpt":{"rendered":"<p>Presentamos el Handpan Artesanal en Dm: un instrumento de percusi\u00f3n \u00fanico. Elaborado con precisi\u00f3n, ofrece sonidos et\u00e9reos y resonantes, parecido [&hellip;]<\/p>\n","protected":false},"featured_media":13589,"comment_status":"open","ping_status":"closed","template":"","meta":{"_acf_changed":false,"content-type":""},"product_brand":[],"product_cat":[160,173],"product_tag":[560,461,584,463,489,591,557,552,457,543,539,541,537,559,465,468,469,473,472,475],"class_list":{"0":"post-13591","1":"product","2":"type-product","3":"status-publish","4":"has-post-thumbnail","6":"product_cat-baterias-y-percusion","7":"product_cat-percusion","8":"product_tag-alquiler-de-instrumentos-es","9":"product_tag-alquiler-de-instrumentos","10":"product_tag-alquiler-de-instrumentos-es-2","11":"product_tag-alquiler-de-instrumentos-barcelona","12":"product_tag-alquiler-de-instrumentos-barcelona-es","13":"product_tag-alquiler-de-instrumentos-espana-es","14":"product_tag-alquiler-de-instrumentos-espana","15":"product_tag-bateria-es","16":"product_tag-baterias","17":"product_tag-baterias-barcelona","18":"product_tag-baterias-de-alquiler","19":"product_tag-baterias-es","20":"product_tag-baterias-espana","21":"product_tag-instrumentos-de-contratacion","22":"product_tag-percusion","23":"product_tag-percusiones","24":"product_tag-percusiones-barcelona","25":"product_tag-percusiones-de-alquiler","26":"product_tag-percusiones-es","27":"product_tag-percusiones-espana","29":"first","30":"instock","31":"sold-individually","32":"shipping-taxable","33":"purchasable","34":"product-type-booking"},"booking_location":"","booking_location_type":"","booking_duration":1,"booking_duration_unit":"day","booking_buffer":0,"booking_cost":0,"booking_resources":[],"exclude_global_add_ons":false,"addons":[{"name":"Deposit","type":"checkbox","position":0,"required":true,"title_format":"hide","default":"","description_enable":false,"description":"","placeholder_enable":false,"placeholder":"","display":"select","restrictions_type":"any_text","adjust_price":false,"price":"","price_type":"flat_fee","restrictions":false,"min":"0","max":"0","options":[{"label":"Deposit","price":"280","price_type":"flat_fee","image":0,"visibility":true}]},{"name":"Todas las Bater\u00edas","type":"checkbox","position":0,"required":false,"title_format":"label","default":"","description_enable":false,"description":"","placeholder_enable":false,"placeholder":"","display":"select","restrictions_type":"any_text","adjust_price":false,"price":"","price_type":"flat_fee","restrictions":false,"min":"0","max":"0","options":[{"label":"Baquetas","price":"6.00","price_type":"quantity_based","image":0,"visibility":true},{"label":"Set de Platillos","price":"48.00","price_type":"quantity_based","image":0,"visibility":true}]},{"name":"All Percussion","type":"checkbox","position":0,"required":false,"title_format":"label","default":"","description_enable":false,"description":"","placeholder_enable":false,"placeholder":"","display":"select","restrictions_type":"any_text","adjust_price":false,"price":"","price_type":"flat_fee","restrictions":false,"min":"0","max":"0","options":[{"label":"Stand","price":"10","price_type":"quantity_based","image":0,"visibility":true}]}],"acf":{"set_to_be_sold":false,"sale_description":"","sale_price":""},"_links":{"self":[{"href":"https:\/\/shinemusicrental.com\/es\/wp-json\/wp\/v2\/product\/13591","targetHints":{"allow":["GET"]}}],"collection":[{"href":"https:\/\/shinemusicrental.com\/es\/wp-json\/wp\/v2\/product"}],"about":[{"href":"https:\/\/shinemusicrental.com\/es\/wp-json\/wp\/v2\/types\/product"}],"replies":[{"embeddable":true,"href":"https:\/\/shinemusicrental.com\/es\/wp-json\/wp\/v2\/comments?post=13591"}],"wp:featuredmedia":[{"embeddable":true,"href":"https:\/\/shinemusicrental.com\/es\/wp-json\/wp\/v2\/media\/13589"}],"wp:attachment":[{"href":"https:\/\/shinemusicrental.com\/es\/wp-json\/wp\/v2\/media?parent=13591"}],"wp:term":[{"taxonomy":"product_brand","embeddable":true,"href":"https:\/\/shinemusicrental.com\/es\/wp-json\/wp\/v2\/product_brand?post=13591"},{"taxonomy":"product_cat","embeddable":true,"href":"https:\/\/shinemusicrental.com\/es\/wp-json\/wp\/v2\/product_cat?post=13591"},{"taxonomy":"product_tag","embeddable":true,"href":"https:\/\/shinemusicrental.com\/es\/wp-json\/wp\/v2\/product_tag?post=13591"}],"curies":[{"name":"wp","href":"https:\/\/api.w.org\/{rel}","templated":true}]}}