{"id":13481,"date":"2023-08-16T13:31:05","date_gmt":"2023-08-16T11:31:05","guid":{"rendered":"https:\/\/shinemusicrental.com\/product\/ibanez-gsr205-5-string-bass-guitar\/"},"modified":"2024-04-11T14:56:09","modified_gmt":"2024-04-11T12:56:09","slug":"ibanez-gsr205-bajo-electrico-de-5-cuerdas","status":"publish","type":"product","link":"https:\/\/shinemusicrental.com\/es\/product\/ibanez-gsr205-bajo-electrico-de-5-cuerdas\/","title":{"rendered":"Ibanez GSR205 Bajo El\u00e9ctrico de 5 Cuerdas"},"content":{"rendered":"<p>Presentamos el Bajo de 5 Cuerdas Ibanez GSR205: un instrumento vers\u00e1til para los entusiastas del bajo. Con un cuerpo de caoba y m\u00e1stil de arce, ofrece un rico extremo grave, parecido a una base s\u00f3lida. El EQ Phat II a\u00f1ade flexibilidad sonora, semejante a una paleta de colores de un artista. Las pastillas de bobina dividida y de bobina simple ofrecen un rango din\u00e1mico, como el rango vocal de un narrador. El diapas\u00f3n de palisandro proporciona una ejecuci\u00f3n suave, similar a un viaje c\u00f3modo. La configuraci\u00f3n de 5 cuerdas ampl\u00eda las opciones tonales, parecida a un lienzo m\u00e1s amplio para la expresi\u00f3n. Explora diversos tonos de bajo a trav\u00e9s del Alquiler de Instrumentos, o considera Alquilar un Bajo para tus empe\u00f1os musicales. Eleva tu sonido de frecuencias bajas con este confiable bajo.<\/p>\n","protected":false},"excerpt":{"rendered":"<p>Presentamos el Bajo de 5 Cuerdas Ibanez GSR205: un instrumento vers\u00e1til para los entusiastas del bajo. Con un cuerpo de [&hellip;]<\/p>\n","protected":false},"featured_media":13479,"comment_status":"open","ping_status":"closed","template":"","meta":{"_acf_changed":false,"content-type":""},"product_brand":[],"product_cat":[177,187],"product_tag":[461,560,584,463,591,557,527,531,453,455,529,559,632],"class_list":{"0":"post-13481","1":"product","2":"type-product","3":"status-publish","4":"has-post-thumbnail","6":"product_cat-guitarras-y-bajos","7":"product_cat-bajos-electricos","8":"product_tag-alquiler-de-instrumentos","9":"product_tag-alquiler-de-instrumentos-es","10":"product_tag-alquiler-de-instrumentos-es-2","11":"product_tag-alquiler-de-instrumentos-barcelona","12":"product_tag-alquiler-de-instrumentos-espana-es","13":"product_tag-alquiler-de-instrumentos-espana","14":"product_tag-bajos-barcelona","15":"product_tag-bajos-de-alquiler","16":"product_tag-bajos-electricos","17":"product_tag-bajos-electricos-es","18":"product_tag-bajos-espana","19":"product_tag-instrumentos-de-contratacion","20":"product_tag-renting-instruments-barcelona-share-es","22":"first","23":"instock","24":"sold-individually","25":"shipping-taxable","26":"purchasable","27":"product-type-booking"},"booking_location":"","booking_location_type":"","booking_duration":1,"booking_duration_unit":"day","booking_buffer":0,"booking_cost":0,"booking_resources":[],"exclude_global_add_ons":false,"addons":[{"name":"Deposit","type":"checkbox","position":0,"required":true,"title_format":"hide","default":"","description_enable":false,"description":"","placeholder_enable":false,"placeholder":"","display":"select","restrictions_type":"any_text","adjust_price":false,"price":"","price_type":"flat_fee","restrictions":false,"min":"0","max":"0","options":[{"label":"Deposit","price":"130","price_type":"flat_fee","image":0,"visibility":true}]}],"acf":{"set_to_be_sold":false,"sale_description":"","sale_price":""},"_links":{"self":[{"href":"https:\/\/shinemusicrental.com\/es\/wp-json\/wp\/v2\/product\/13481","targetHints":{"allow":["GET"]}}],"collection":[{"href":"https:\/\/shinemusicrental.com\/es\/wp-json\/wp\/v2\/product"}],"about":[{"href":"https:\/\/shinemusicrental.com\/es\/wp-json\/wp\/v2\/types\/product"}],"replies":[{"embeddable":true,"href":"https:\/\/shinemusicrental.com\/es\/wp-json\/wp\/v2\/comments?post=13481"}],"wp:featuredmedia":[{"embeddable":true,"href":"https:\/\/shinemusicrental.com\/es\/wp-json\/wp\/v2\/media\/13479"}],"wp:attachment":[{"href":"https:\/\/shinemusicrental.com\/es\/wp-json\/wp\/v2\/media?parent=13481"}],"wp:term":[{"taxonomy":"product_brand","embeddable":true,"href":"https:\/\/shinemusicrental.com\/es\/wp-json\/wp\/v2\/product_brand?post=13481"},{"taxonomy":"product_cat","embeddable":true,"href":"https:\/\/shinemusicrental.com\/es\/wp-json\/wp\/v2\/product_cat?post=13481"},{"taxonomy":"product_tag","embeddable":true,"href":"https:\/\/shinemusicrental.com\/es\/wp-json\/wp\/v2\/product_tag?post=13481"}],"curies":[{"name":"wp","href":"https:\/\/api.w.org\/{rel}","templated":true}]}}