{"id":13475,"date":"2023-08-16T11:56:27","date_gmt":"2023-08-16T09:56:27","guid":{"rendered":"https:\/\/shinemusicrental.com\/product\/pioneer-xdj-rx3-dj-set\/"},"modified":"2024-04-11T14:27:47","modified_gmt":"2024-04-11T12:27:47","slug":"pioneer-xdj-rx3-dj-set","status":"publish","type":"product","link":"https:\/\/shinemusicrental.com\/es\/product\/pioneer-xdj-rx3-dj-set\/","title":{"rendered":"Pioneer XDJ-RX3 DJ Set"},"content":{"rendered":"<p>Presentamos el Set de DJ Pioneer XDJ-RX3: un conjunto completo para DJs. Con una pantalla t\u00e1ctil de 7 pulgadas, ofrece un control intuitivo, parecido a una actuaci\u00f3n sin problemas. La mezcladora de 4 canales permite transiciones suaves, como un director maestro. Los 16 pads de rendimiento multicolores proporcionan opciones creativas, parecidos a una paleta de pintura. Las entradas USB duales permiten cambios de DJ, similares a una carrera de relevos. Los efectos incorporados y los Sound Color FX ofrecen versatilidad sonora, como un camale\u00f3n musical. La construcci\u00f3n robusta garantiza durabilidad, parecida a un compa\u00f1ero confiable. Explora posibilidades de mezcla a trav\u00e9s del Alquiler de Instrumentos, o considera Alquilar un Set de DJ para tus aventuras musicales. Eleva tu experiencia de DJ con esta configuraci\u00f3n confiable.<\/p>\n","protected":false},"excerpt":{"rendered":"<p>Presentamos el Set de DJ Pioneer XDJ-RX3: un conjunto completo para DJs. Con una pantalla t\u00e1ctil de 7 pulgadas, ofrece [&hellip;]<\/p>\n","protected":false},"featured_media":13377,"comment_status":"open","ping_status":"closed","template":"","meta":{"_acf_changed":false,"content-type":""},"product_brand":[],"product_cat":[331,343],"product_tag":[461,584,560,463,489,591,557,981,505,507,511,509,503,559],"class_list":{"0":"post-13475","1":"product","2":"type-product","3":"status-publish","4":"has-post-thumbnail","6":"product_cat-equipos-pa-y-de-audiodifusion","7":"product_cat-mesas-mezclas-equipo-dj","8":"product_tag-alquiler-de-instrumentos","9":"product_tag-alquiler-de-instrumentos-es-2","10":"product_tag-alquiler-de-instrumentos-es","11":"product_tag-alquiler-de-instrumentos-barcelona","12":"product_tag-alquiler-de-instrumentos-barcelona-es","13":"product_tag-alquiler-de-instrumentos-espana-es","14":"product_tag-alquiler-de-instrumentos-espana","15":"product_tag-dj-set-es","16":"product_tag-equipo-de-estudio","17":"product_tag-equipo-de-estudio-barcelona","18":"product_tag-equipo-de-estudio-de-alquiler","19":"product_tag-equipo-de-estudio-es","20":"product_tag-estudio","21":"product_tag-instrumentos-de-contratacion","23":"first","24":"instock","25":"sold-individually","26":"shipping-taxable","27":"purchasable","28":"product-type-booking"},"booking_location":"","booking_location_type":"","booking_duration":1,"booking_duration_unit":"day","booking_buffer":0,"booking_cost":0,"booking_resources":[],"exclude_global_add_ons":false,"addons":[{"name":"Deposit","type":"checkbox","position":0,"required":true,"title_format":"hide","default":"","description_enable":false,"description":"","placeholder_enable":false,"placeholder":"","display":"select","restrictions_type":"any_text","adjust_price":false,"price":"","price_type":"flat_fee","restrictions":false,"min":"0","max":"0","options":[{"label":"Deposit","price":"450","price_type":"flat_fee","image":0,"visibility":true}]},{"name":"ALTAVOCES PA","type":"checkbox","position":0,"required":false,"title_format":"label","default":"","description_enable":false,"description":"","placeholder_enable":false,"placeholder":"","display":"select","restrictions_type":"any_text","adjust_price":false,"price":"","price_type":"flat_fee","restrictions":false,"min":"0","max":"0","options":[{"label":"Cable de Instrumento Jack 1\/4","price":"5.00","price_type":"quantity_based","image":0,"visibility":true},{"label":"Cable XLR","price":"5.00","price_type":"quantity_based","image":0,"visibility":true},{"label":"Mesa de Mezclas (est\u00e1ndar)","price":"55.00","price_type":"quantity_based","image":0,"visibility":true},{"label":"Soporte","price":"19.00","price_type":"quantity_based","image":0,"visibility":true},{"label":"DI Box","price":"5","price_type":"quantity_based","image":0,"visibility":true}]}],"acf":{"set_to_be_sold":false,"sale_description":"","sale_price":""},"_links":{"self":[{"href":"https:\/\/shinemusicrental.com\/es\/wp-json\/wp\/v2\/product\/13475","targetHints":{"allow":["GET"]}}],"collection":[{"href":"https:\/\/shinemusicrental.com\/es\/wp-json\/wp\/v2\/product"}],"about":[{"href":"https:\/\/shinemusicrental.com\/es\/wp-json\/wp\/v2\/types\/product"}],"replies":[{"embeddable":true,"href":"https:\/\/shinemusicrental.com\/es\/wp-json\/wp\/v2\/comments?post=13475"}],"wp:featuredmedia":[{"embeddable":true,"href":"https:\/\/shinemusicrental.com\/es\/wp-json\/wp\/v2\/media\/13377"}],"wp:attachment":[{"href":"https:\/\/shinemusicrental.com\/es\/wp-json\/wp\/v2\/media?parent=13475"}],"wp:term":[{"taxonomy":"product_brand","embeddable":true,"href":"https:\/\/shinemusicrental.com\/es\/wp-json\/wp\/v2\/product_brand?post=13475"},{"taxonomy":"product_cat","embeddable":true,"href":"https:\/\/shinemusicrental.com\/es\/wp-json\/wp\/v2\/product_cat?post=13475"},{"taxonomy":"product_tag","embeddable":true,"href":"https:\/\/shinemusicrental.com\/es\/wp-json\/wp\/v2\/product_tag?post=13475"}],"curies":[{"name":"wp","href":"https:\/\/api.w.org\/{rel}","templated":true}]}}