{"id":13420,"date":"2023-08-14T14:46:08","date_gmt":"2023-08-14T12:46:08","guid":{"rendered":"https:\/\/shinemusicrental.com\/product\/lp-bongo-galaxy-giovanni-series-lp793x\/"},"modified":"2024-04-11T14:52:16","modified_gmt":"2024-04-11T12:52:16","slug":"lp-bongo-galaxy-giovanni-series-lp793x","status":"publish","type":"product","link":"https:\/\/shinemusicrental.com\/es\/product\/lp-bongo-galaxy-giovanni-series-lp793x\/","title":{"rendered":"LP Bongo Galaxy Giovanni Series LP793X"},"content":{"rendered":"<p>Presentamos el Bongo LP Galaxy Serie Giovanni LP793X: un set de bongo de calidad profesional. Con cascos de madera seleccionada premium, ofrece tonos c\u00e1lidos y resonantes, parecidos a una conversaci\u00f3n entre dos amigos. Los parches naturales de piel brindan un sonido aut\u00e9ntico, como ecos de tradici\u00f3n. Los tambores de 7.25&#8243; y 8.63&#8243; de di\u00e1metro ofrecen opciones de tono vers\u00e1tiles, similares al rango vocal de un cantante. El acabado \u00fanico Galaxy a\u00f1ade un atractivo visual, parecido a una obra de arte cautivadora. Las bases de acero aseguran estabilidad y proyecci\u00f3n, semejante a una base s\u00f3lida. Explora posibilidades r\u00edtmicas a trav\u00e9s del Alquiler de Instrumentos, o considera Alquilar un Bongo para tu exploraci\u00f3n musical. Mejora tu experiencia percusiva con este fiable set de bongo.<\/p>\n","protected":false},"excerpt":{"rendered":"<p>Presentamos el Bongo LP Galaxy Serie Giovanni LP793X: un set de bongo de calidad profesional. Con cascos de madera seleccionada [&hellip;]<\/p>\n","protected":false},"featured_media":13418,"comment_status":"open","ping_status":"closed","template":"","meta":{"_acf_changed":false,"content-type":""},"product_brand":[],"product_cat":[160,173],"product_tag":[461,560,584,463,489,557,591,552,457,543,539,541,537,545,559,465,468,469,473,472,475],"class_list":{"0":"post-13420","1":"product","2":"type-product","3":"status-publish","4":"has-post-thumbnail","6":"product_cat-baterias-y-percusion","7":"product_cat-percusion","8":"product_tag-alquiler-de-instrumentos","9":"product_tag-alquiler-de-instrumentos-es","10":"product_tag-alquiler-de-instrumentos-es-2","11":"product_tag-alquiler-de-instrumentos-barcelona","12":"product_tag-alquiler-de-instrumentos-barcelona-es","13":"product_tag-alquiler-de-instrumentos-espana","14":"product_tag-alquiler-de-instrumentos-espana-es","15":"product_tag-bateria-es","16":"product_tag-baterias","17":"product_tag-baterias-barcelona","18":"product_tag-baterias-de-alquiler","19":"product_tag-baterias-es","20":"product_tag-baterias-espana","21":"product_tag-bongos-es","22":"product_tag-instrumentos-de-contratacion","23":"product_tag-percusion","24":"product_tag-percusiones","25":"product_tag-percusiones-barcelona","26":"product_tag-percusiones-de-alquiler","27":"product_tag-percusiones-es","28":"product_tag-percusiones-espana","30":"first","31":"instock","32":"sold-individually","33":"shipping-taxable","34":"purchasable","35":"product-type-booking"},"booking_location":"","booking_location_type":"","booking_duration":1,"booking_duration_unit":"day","booking_buffer":0,"booking_cost":0,"booking_resources":[],"exclude_global_add_ons":false,"addons":[{"name":"Deposit","type":"checkbox","position":0,"required":true,"title_format":"hide","default":"","description_enable":false,"description":"","placeholder_enable":false,"placeholder":"","display":"select","restrictions_type":"any_text","adjust_price":false,"price":"","price_type":"flat_fee","restrictions":false,"min":"0","max":"0","options":[{"label":"Deposit","price":"240","price_type":"flat_fee","image":0,"visibility":true}]},{"name":"Todas las Bater\u00edas","type":"checkbox","position":0,"required":false,"title_format":"label","default":"","description_enable":false,"description":"","placeholder_enable":false,"placeholder":"","display":"select","restrictions_type":"any_text","adjust_price":false,"price":"","price_type":"flat_fee","restrictions":false,"min":"0","max":"0","options":[{"label":"Baquetas","price":"6.00","price_type":"quantity_based","image":0,"visibility":true},{"label":"Set de Platillos","price":"48.00","price_type":"quantity_based","image":0,"visibility":true}]},{"name":"All Percussion","type":"checkbox","position":0,"required":false,"title_format":"label","default":"","description_enable":false,"description":"","placeholder_enable":false,"placeholder":"","display":"select","restrictions_type":"any_text","adjust_price":false,"price":"","price_type":"flat_fee","restrictions":false,"min":"0","max":"0","options":[{"label":"Stand","price":"10","price_type":"quantity_based","image":0,"visibility":true}]}],"acf":{"set_to_be_sold":false,"sale_description":"","sale_price":""},"_links":{"self":[{"href":"https:\/\/shinemusicrental.com\/es\/wp-json\/wp\/v2\/product\/13420","targetHints":{"allow":["GET"]}}],"collection":[{"href":"https:\/\/shinemusicrental.com\/es\/wp-json\/wp\/v2\/product"}],"about":[{"href":"https:\/\/shinemusicrental.com\/es\/wp-json\/wp\/v2\/types\/product"}],"replies":[{"embeddable":true,"href":"https:\/\/shinemusicrental.com\/es\/wp-json\/wp\/v2\/comments?post=13420"}],"wp:featuredmedia":[{"embeddable":true,"href":"https:\/\/shinemusicrental.com\/es\/wp-json\/wp\/v2\/media\/13418"}],"wp:attachment":[{"href":"https:\/\/shinemusicrental.com\/es\/wp-json\/wp\/v2\/media?parent=13420"}],"wp:term":[{"taxonomy":"product_brand","embeddable":true,"href":"https:\/\/shinemusicrental.com\/es\/wp-json\/wp\/v2\/product_brand?post=13420"},{"taxonomy":"product_cat","embeddable":true,"href":"https:\/\/shinemusicrental.com\/es\/wp-json\/wp\/v2\/product_cat?post=13420"},{"taxonomy":"product_tag","embeddable":true,"href":"https:\/\/shinemusicrental.com\/es\/wp-json\/wp\/v2\/product_tag?post=13420"}],"curies":[{"name":"wp","href":"https:\/\/api.w.org\/{rel}","templated":true}]}}