{"id":13410,"date":"2023-08-14T14:21:40","date_gmt":"2023-08-14T12:21:40","guid":{"rendered":"https:\/\/shinemusicrental.com\/product\/pearl-pth-10s-tambourine\/"},"modified":"2024-04-17T16:16:35","modified_gmt":"2024-04-17T14:16:35","slug":"pearl-pth-10s-pandereta","status":"publish","type":"product","link":"https:\/\/shinemusicrental.com\/es\/product\/pearl-pth-10s-pandereta\/","title":{"rendered":"Pearl PTH-10S Pandereta"},"content":{"rendered":"<p>La pandereta Pearl PTH-10S es un accesorio de percusi\u00f3n confiable, conocido por su durabilidad y sonido n\u00edtido. Con un marco de madera resistente, esta pandereta est\u00e1 equipada con 10 pares de sonajas fabricadas en acero inoxidable. La tecnolog\u00eda de doble zona permite distintos sonidos de jingle, ya sea que se reproduzcan de forma manual o montados en un soporte. El PTH-10S est\u00e1 dise\u00f1ado con un agarre c\u00f3modo para sesiones de interpretaci\u00f3n prolongadas y su tama\u00f1o compacto facilita su incorporaci\u00f3n a diversas configuraciones musicales. Los m\u00fasicos interesados en explorar las posibilidades r\u00edtmicas de la pandereta sin un compromiso a largo plazo pueden considerar los servicios de alquiler de instrumentos, que brindan una forma pr\u00e1ctica de incorporar el Pearl PTH-10S en sus arreglos musicales.<\/p>\n","protected":false},"excerpt":{"rendered":"<p>La pandereta Pearl PTH-10S es un accesorio de percusi\u00f3n confiable, conocido por su durabilidad y sonido n\u00edtido. Con un marco [&hellip;]<\/p>\n","protected":false},"featured_media":13408,"comment_status":"open","ping_status":"closed","template":"","meta":{"_acf_changed":false,"content-type":""},"product_brand":[],"product_cat":[160,173],"product_tag":[461,560,584,463,489,557,591,552,457,543,539,541,537,545,559,465,468,469,473,472,475],"class_list":{"0":"post-13410","1":"product","2":"type-product","3":"status-publish","4":"has-post-thumbnail","6":"product_cat-baterias-y-percusion","7":"product_cat-percusion","8":"product_tag-alquiler-de-instrumentos","9":"product_tag-alquiler-de-instrumentos-es","10":"product_tag-alquiler-de-instrumentos-es-2","11":"product_tag-alquiler-de-instrumentos-barcelona","12":"product_tag-alquiler-de-instrumentos-barcelona-es","13":"product_tag-alquiler-de-instrumentos-espana","14":"product_tag-alquiler-de-instrumentos-espana-es","15":"product_tag-bateria-es","16":"product_tag-baterias","17":"product_tag-baterias-barcelona","18":"product_tag-baterias-de-alquiler","19":"product_tag-baterias-es","20":"product_tag-baterias-espana","21":"product_tag-bongos-es","22":"product_tag-instrumentos-de-contratacion","23":"product_tag-percusion","24":"product_tag-percusiones","25":"product_tag-percusiones-barcelona","26":"product_tag-percusiones-de-alquiler","27":"product_tag-percusiones-es","28":"product_tag-percusiones-espana","30":"first","31":"instock","32":"sold-individually","33":"shipping-taxable","34":"purchasable","35":"product-type-booking"},"booking_location":"","booking_location_type":"","booking_duration":1,"booking_duration_unit":"day","booking_buffer":0,"booking_cost":0,"booking_resources":[],"exclude_global_add_ons":false,"addons":[{"name":"Deposit","type":"checkbox","position":0,"required":true,"title_format":"hide","default":"","description_enable":false,"description":"","placeholder_enable":false,"placeholder":"","display":"select","restrictions_type":"any_text","adjust_price":false,"price":"","price_type":"flat_fee","restrictions":false,"min":"0","max":"0","options":[{"label":"Deposit","price":"20","price_type":"flat_fee","image":0,"visibility":true}]},{"name":"Todas las Bater\u00edas","type":"checkbox","position":0,"required":false,"title_format":"label","default":"","description_enable":false,"description":"","placeholder_enable":false,"placeholder":"","display":"select","restrictions_type":"any_text","adjust_price":false,"price":"","price_type":"flat_fee","restrictions":false,"min":"0","max":"0","options":[{"label":"Baquetas","price":"6.00","price_type":"quantity_based","image":0,"visibility":true},{"label":"Set de Platillos","price":"48.00","price_type":"quantity_based","image":0,"visibility":true}]},{"name":"All Percussion","type":"checkbox","position":0,"required":false,"title_format":"label","default":"","description_enable":false,"description":"","placeholder_enable":false,"placeholder":"","display":"select","restrictions_type":"any_text","adjust_price":false,"price":"","price_type":"flat_fee","restrictions":false,"min":"0","max":"0","options":[{"label":"Stand","price":"10","price_type":"quantity_based","image":0,"visibility":true}]}],"acf":{"set_to_be_sold":false,"sale_description":"","sale_price":""},"_links":{"self":[{"href":"https:\/\/shinemusicrental.com\/es\/wp-json\/wp\/v2\/product\/13410","targetHints":{"allow":["GET"]}}],"collection":[{"href":"https:\/\/shinemusicrental.com\/es\/wp-json\/wp\/v2\/product"}],"about":[{"href":"https:\/\/shinemusicrental.com\/es\/wp-json\/wp\/v2\/types\/product"}],"replies":[{"embeddable":true,"href":"https:\/\/shinemusicrental.com\/es\/wp-json\/wp\/v2\/comments?post=13410"}],"wp:featuredmedia":[{"embeddable":true,"href":"https:\/\/shinemusicrental.com\/es\/wp-json\/wp\/v2\/media\/13408"}],"wp:attachment":[{"href":"https:\/\/shinemusicrental.com\/es\/wp-json\/wp\/v2\/media?parent=13410"}],"wp:term":[{"taxonomy":"product_brand","embeddable":true,"href":"https:\/\/shinemusicrental.com\/es\/wp-json\/wp\/v2\/product_brand?post=13410"},{"taxonomy":"product_cat","embeddable":true,"href":"https:\/\/shinemusicrental.com\/es\/wp-json\/wp\/v2\/product_cat?post=13410"},{"taxonomy":"product_tag","embeddable":true,"href":"https:\/\/shinemusicrental.com\/es\/wp-json\/wp\/v2\/product_tag?post=13410"}],"curies":[{"name":"wp","href":"https:\/\/api.w.org\/{rel}","templated":true}]}}