{"id":13403,"date":"2023-08-14T11:00:32","date_gmt":"2023-08-14T09:00:32","guid":{"rendered":"https:\/\/shinemusicrental.com\/product\/yamaha-dbr15-active-speakers-set\/"},"modified":"2024-04-11T14:50:51","modified_gmt":"2024-04-11T12:50:51","slug":"yamaha-dbr15-set-de-altavoces-activos","status":"publish","type":"product","link":"https:\/\/shinemusicrental.com\/es\/product\/yamaha-dbr15-set-de-altavoces-activos\/","title":{"rendered":"Yamaha DBR15 Set de Altavoces Activos"},"content":{"rendered":"<p>Presentamos el Set de Altavoces Activos Yamaha DBR15: una soluci\u00f3n de audio profesional. Con un woofer de 15&#8243; y un driver de compresi\u00f3n de 1.4&#8243;, ofrece un sonido potente, similar a una actuaci\u00f3n cautivadora. El amplificador de Clase D ofrece una entrega eficiente de potencia, parecido a un motor bien ajustado. El SPL m\u00e1ximo de 129dB asegura una proyecci\u00f3n clara, semejante a un altavoz seguro. La carcasa resistente est\u00e1 dise\u00f1ada para resistir un uso riguroso, como un fiel caballo de batalla. Los presets vers\u00e1tiles de DSP optimizan el sonido, parecido al toque de un ingeniero de sonido. El soporte de poste de doble \u00e1ngulo permite una posici\u00f3n flexible, parecido a un foco ajustable. Explora posibilidades de audio a trav\u00e9s del Alquiler de Instrumentos, o considera Alquilar un Set de Altavoces para tus necesidades sonoras. Mejora tu sonido con este fiable set de altavoces activos.<\/p>\n","protected":false},"excerpt":{"rendered":"<p>Presentamos el Set de Altavoces Activos Yamaha DBR15: una soluci\u00f3n de audio profesional. Con un woofer de 15&#8243; y un [&hellip;]<\/p>\n","protected":false},"featured_media":13401,"comment_status":"open","ping_status":"closed","template":"","meta":{"_acf_changed":false,"content-type":""},"product_brand":[],"product_cat":[331,347,345],"product_tag":[461,560,584,463,489,591,557,929,795,505,507,511,509,513,503,559],"class_list":{"0":"post-13403","1":"product","2":"type-product","3":"status-publish","4":"has-post-thumbnail","6":"product_cat-equipos-pa-y-de-audiodifusion","7":"product_cat-altavoces","8":"product_cat-altavoces-y-sets-de-pa","9":"product_tag-alquiler-de-instrumentos","10":"product_tag-alquiler-de-instrumentos-es","11":"product_tag-alquiler-de-instrumentos-es-2","12":"product_tag-alquiler-de-instrumentos-barcelona","13":"product_tag-alquiler-de-instrumentos-barcelona-es","14":"product_tag-alquiler-de-instrumentos-espana-es","15":"product_tag-alquiler-de-instrumentos-espana","16":"product_tag-altavoces","17":"product_tag-altavoces-de-alquiler","18":"product_tag-equipo-de-estudio","19":"product_tag-equipo-de-estudio-barcelona","20":"product_tag-equipo-de-estudio-de-alquiler","21":"product_tag-equipo-de-estudio-es","22":"product_tag-equipo-de-estudio-espana","23":"product_tag-estudio","24":"product_tag-instrumentos-de-contratacion","26":"first","27":"instock","28":"sold-individually","29":"shipping-taxable","30":"purchasable","31":"product-type-booking"},"booking_location":"","booking_location_type":"","booking_duration":1,"booking_duration_unit":"day","booking_buffer":0,"booking_cost":0,"booking_resources":[],"exclude_global_add_ons":false,"addons":[{"name":"Deposit","type":"checkbox","position":0,"required":true,"title_format":"hide","default":"","description_enable":false,"description":"","placeholder_enable":false,"placeholder":"","display":"select","restrictions_type":"any_text","adjust_price":false,"price":"","price_type":"flat_fee","restrictions":false,"min":"0","max":"0","options":[{"label":"Deposit","price":"400","price_type":"flat_fee","image":0,"visibility":true}]},{"name":"ALTAVOCES PA","type":"checkbox","position":0,"required":false,"title_format":"label","default":"","description_enable":false,"description":"","placeholder_enable":false,"placeholder":"","display":"select","restrictions_type":"any_text","adjust_price":false,"price":"","price_type":"flat_fee","restrictions":false,"min":"0","max":"0","options":[{"label":"Cable de Instrumento Jack 1\/4","price":"5.00","price_type":"quantity_based","image":0,"visibility":true},{"label":"Cable XLR","price":"5.00","price_type":"quantity_based","image":0,"visibility":true},{"label":"Mesa de Mezclas (est\u00e1ndar)","price":"55.00","price_type":"quantity_based","image":0,"visibility":true},{"label":"Soporte","price":"19.00","price_type":"quantity_based","image":0,"visibility":true},{"label":"DI Box","price":"5","price_type":"quantity_based","image":0,"visibility":true}]}],"acf":{"set_to_be_sold":false,"sale_description":"","sale_price":""},"_links":{"self":[{"href":"https:\/\/shinemusicrental.com\/es\/wp-json\/wp\/v2\/product\/13403","targetHints":{"allow":["GET"]}}],"collection":[{"href":"https:\/\/shinemusicrental.com\/es\/wp-json\/wp\/v2\/product"}],"about":[{"href":"https:\/\/shinemusicrental.com\/es\/wp-json\/wp\/v2\/types\/product"}],"replies":[{"embeddable":true,"href":"https:\/\/shinemusicrental.com\/es\/wp-json\/wp\/v2\/comments?post=13403"}],"wp:featuredmedia":[{"embeddable":true,"href":"https:\/\/shinemusicrental.com\/es\/wp-json\/wp\/v2\/media\/13401"}],"wp:attachment":[{"href":"https:\/\/shinemusicrental.com\/es\/wp-json\/wp\/v2\/media?parent=13403"}],"wp:term":[{"taxonomy":"product_brand","embeddable":true,"href":"https:\/\/shinemusicrental.com\/es\/wp-json\/wp\/v2\/product_brand?post=13403"},{"taxonomy":"product_cat","embeddable":true,"href":"https:\/\/shinemusicrental.com\/es\/wp-json\/wp\/v2\/product_cat?post=13403"},{"taxonomy":"product_tag","embeddable":true,"href":"https:\/\/shinemusicrental.com\/es\/wp-json\/wp\/v2\/product_tag?post=13403"}],"curies":[{"name":"wp","href":"https:\/\/api.w.org\/{rel}","templated":true}]}}