{"id":13395,"date":"2023-08-14T10:35:24","date_gmt":"2023-08-14T08:35:24","guid":{"rendered":"https:\/\/shinemusicrental.com\/product\/tama-ip52h6w-brm-drum-kit\/"},"modified":"2023-08-21T13:54:11","modified_gmt":"2023-08-21T11:54:11","slug":"tama-ip52h6w-brm-set-de-bateria","status":"publish","type":"product","link":"https:\/\/shinemusicrental.com\/es\/product\/tama-ip52h6w-brm-set-de-bateria\/","title":{"rendered":"Tama IP52H6W-BRM Set de Bater\u00eda"},"content":{"rendered":"<p>Presentamos la Bater\u00eda Tama IP52H6W-BRM: un kit vers\u00e1til para bateristas. Con una mezcla de cascos de abedul y \u00e1lamo, ofrece un rango tonal equilibrado, parecido a un conjunto arm\u00f3nico. El bombo de 22&#8243; proporciona una base s\u00f3lida, similar a un latido constante. Los platillos MEINL HCS ofrecen acentos brillantes, como destellos de inspiraci\u00f3n. El sistema de montaje IST garantiza estabilidad, semejante a una estructura bien dise\u00f1ada. El pack de herrajes incluido proporciona componentes esenciales, parecidos a herramientas para un artesano. El elegante acabado marr\u00f3n irradia un aspecto moderno, parecido a una obra maestra pulida. Explora posibilidades r\u00edtmicas a trav\u00e9s del Alquiler de Instrumentos, o considera Alquilar una Bater\u00eda para tus aspiraciones musicales. Eleva tu experiencia percusiva con este fiable kit de bater\u00eda.<\/p>\n","protected":false},"excerpt":{"rendered":"<p>Platos no incluidos.<\/p>\n","protected":false},"featured_media":13393,"comment_status":"open","ping_status":"closed","template":"","meta":{"_acf_changed":false,"content-type":""},"product_brand":[],"product_cat":[160,163],"product_tag":[560,461,584,463,489,591,557,552,457,543,539,541,537,559,917,465,468,469,473,472,475],"class_list":{"0":"post-13395","1":"product","2":"type-product","3":"status-publish","4":"has-post-thumbnail","6":"product_cat-baterias-y-percusion","7":"product_cat-baterias-acusticas","8":"product_tag-alquiler-de-instrumentos-es","9":"product_tag-alquiler-de-instrumentos","10":"product_tag-alquiler-de-instrumentos-es-2","11":"product_tag-alquiler-de-instrumentos-barcelona","12":"product_tag-alquiler-de-instrumentos-barcelona-es","13":"product_tag-alquiler-de-instrumentos-espana-es","14":"product_tag-alquiler-de-instrumentos-espana","15":"product_tag-bateria-es","16":"product_tag-baterias","17":"product_tag-baterias-barcelona","18":"product_tag-baterias-de-alquiler","19":"product_tag-baterias-es","20":"product_tag-baterias-espana","21":"product_tag-instrumentos-de-contratacion","22":"product_tag-pearl-es","23":"product_tag-percusion","24":"product_tag-percusiones","25":"product_tag-percusiones-barcelona","26":"product_tag-percusiones-de-alquiler","27":"product_tag-percusiones-es","28":"product_tag-percusiones-espana","30":"first","31":"instock","32":"sold-individually","33":"shipping-taxable","34":"purchasable","35":"product-type-booking"},"booking_location":"","booking_location_type":"","booking_duration":1,"booking_duration_unit":"day","booking_buffer":0,"booking_cost":0,"booking_resources":[],"exclude_global_add_ons":false,"addons":[{"name":"Deposit","type":"checkbox","position":0,"required":true,"title_format":"hide","default":"","description_enable":false,"description":"","placeholder_enable":false,"placeholder":"","display":"select","restrictions_type":"any_text","adjust_price":false,"price":"","price_type":"flat_fee","restrictions":false,"min":"0","max":"0","options":[{"label":"Deposit","price":"360","price_type":"flat_fee","image":0,"visibility":true}]},{"name":"Todas las Bater\u00edas","type":"checkbox","position":0,"required":false,"title_format":"label","default":"","description_enable":false,"description":"","placeholder_enable":false,"placeholder":"","display":"select","restrictions_type":"any_text","adjust_price":false,"price":"","price_type":"flat_fee","restrictions":false,"min":"0","max":"0","options":[{"label":"Baquetas","price":"6.00","price_type":"quantity_based","image":0,"visibility":true},{"label":"Set de Platillos","price":"48.00","price_type":"quantity_based","image":0,"visibility":true}]}],"acf":{"set_to_be_sold":false,"sale_description":"","sale_price":""},"_links":{"self":[{"href":"https:\/\/shinemusicrental.com\/es\/wp-json\/wp\/v2\/product\/13395","targetHints":{"allow":["GET"]}}],"collection":[{"href":"https:\/\/shinemusicrental.com\/es\/wp-json\/wp\/v2\/product"}],"about":[{"href":"https:\/\/shinemusicrental.com\/es\/wp-json\/wp\/v2\/types\/product"}],"replies":[{"embeddable":true,"href":"https:\/\/shinemusicrental.com\/es\/wp-json\/wp\/v2\/comments?post=13395"}],"wp:featuredmedia":[{"embeddable":true,"href":"https:\/\/shinemusicrental.com\/es\/wp-json\/wp\/v2\/media\/13393"}],"wp:attachment":[{"href":"https:\/\/shinemusicrental.com\/es\/wp-json\/wp\/v2\/media?parent=13395"}],"wp:term":[{"taxonomy":"product_brand","embeddable":true,"href":"https:\/\/shinemusicrental.com\/es\/wp-json\/wp\/v2\/product_brand?post=13395"},{"taxonomy":"product_cat","embeddable":true,"href":"https:\/\/shinemusicrental.com\/es\/wp-json\/wp\/v2\/product_cat?post=13395"},{"taxonomy":"product_tag","embeddable":true,"href":"https:\/\/shinemusicrental.com\/es\/wp-json\/wp\/v2\/product_tag?post=13395"}],"curies":[{"name":"wp","href":"https:\/\/api.w.org\/{rel}","templated":true}]}}