{"id":13379,"date":"2023-08-11T15:22:21","date_gmt":"2023-08-11T13:22:21","guid":{"rendered":"https:\/\/shinemusicrental.com\/product\/clavia-nord-stage-4-88-keyboard\/"},"modified":"2025-04-14T16:45:01","modified_gmt":"2025-04-14T14:45:01","slug":"clavia-nord-stage-4-88-teclado","status":"publish","type":"product","link":"https:\/\/shinemusicrental.com\/es\/product\/clavia-nord-stage-4-88-teclado\/","title":{"rendered":"Clavia Nord Stage 4 88 Teclado"},"content":{"rendered":"<p>Presentamos el Teclado Clavia Nord Stage 4 de 88 teclas, una sinfon\u00eda de innovaci\u00f3n dise\u00f1ada para los aficionados a la m\u00fasica. Con 88 teclas sensibles al tacto, es un lienzo para la expresi\u00f3n art\u00edstica. Navega sin problemas por sus funcionalidades de Divisi\u00f3n y Capas, entrelazando elementos sonoros de manera fluida. Las secciones de Sintetizador, \u00d3rgano y Piano resuenan con brillantez individual, como virtuosos en conversaci\u00f3n. La pantalla OLED desvela un mundo de precisi\u00f3n, donde la escultura del sonido se asemeja a un fino trabajo artesanal. Transita sin esfuerzo entre la amplia variedad de sonidos de instrumentos, ofreciendo un espectro para cada paleta auditiva. Desde estudios hasta escenarios, complementa tu viaje musical. Desbloquea su potencial a trav\u00e9s del Alquiler de Instrumentos o elige Alquilar un Teclado y embarcarte en tu exploraci\u00f3n arm\u00f3nica.<\/p>\n","protected":false},"excerpt":{"rendered":"<p>Presentamos el Teclado Clavia Nord Stage 4 de 88 teclas, una sinfon\u00eda de innovaci\u00f3n dise\u00f1ada para los aficionados a la [&hellip;]<\/p>\n","protected":false},"featured_media":13374,"comment_status":"open","ping_status":"closed","template":"","meta":{"_acf_changed":false,"content-type":""},"product_brand":[],"product_cat":[116,376,223],"product_tag":[461,560,584,463,489,591,557,559,1119,477,480,487,481,483,485,945,575,947,922],"class_list":{"0":"post-13379","1":"product","2":"type-product","3":"status-publish","4":"has-post-thumbnail","6":"product_cat-instrumentos-de-teclado","7":"product_cat-teclados-es","8":"product_cat-sintetizadores","9":"product_tag-alquiler-de-instrumentos","10":"product_tag-alquiler-de-instrumentos-es","11":"product_tag-alquiler-de-instrumentos-es-2","12":"product_tag-alquiler-de-instrumentos-barcelona","13":"product_tag-alquiler-de-instrumentos-barcelona-es","14":"product_tag-alquiler-de-instrumentos-espana-es","15":"product_tag-alquiler-de-instrumentos-espana","16":"product_tag-instrumentos-de-contratacion","17":"product_tag-nord-es","18":"product_tag-piano-es-2","19":"product_tag-piano-es-es","20":"product_tag-piano-espana","21":"product_tag-pianos-es","22":"product_tag-pianos-barcelona-es","23":"product_tag-pianos-de-alquiler","24":"product_tag-sintetizador-es","25":"product_tag-sintetizador","26":"product_tag-sintetizador-de-alquiler","27":"product_tag-teclado-de-alquiler","29":"first","30":"instock","31":"sold-individually","32":"shipping-taxable","33":"purchasable","34":"product-type-booking"},"booking_location":"","booking_location_type":"","booking_duration":1,"booking_duration_unit":"day","booking_buffer":0,"booking_cost":0,"booking_resources":[],"exclude_global_add_ons":false,"addons":[{"name":"Deposit","type":"checkbox","position":0,"required":true,"title_format":"hide","default":"","description_enable":false,"description":"","placeholder_enable":false,"placeholder":"","display":"select","restrictions_type":"any_text","adjust_price":false,"price":"","price_type":"flat_fee","restrictions":false,"min":"0","max":"0","options":[{"label":"Deposit","price":"450","price_type":"flat_fee","image":0,"visibility":true}]},{"name":"PIANO EL\u00c9CTRICO","type":"checkbox","position":0,"required":true,"title_format":"label","default":"","description_enable":false,"description":"","placeholder_enable":false,"placeholder":"","display":"select","restrictions_type":"any_text","adjust_price":false,"price":"","price_type":"flat_fee","restrictions":false,"min":"0","max":"0","options":[{"label":"Pedal de Sustain de Calidad","price":"10.00","price_type":"quantity_based","image":0,"visibility":true},{"label":"Soporte","price":"10.00","price_type":"quantity_based","image":0,"visibility":true},{"label":"Taburete de Piano de Calidad","price":"25.00","price_type":"quantity_based","image":0,"visibility":true},{"label":"Taburete de Piano","price":"10.00","price_type":"quantity_based","image":0,"visibility":true}]}],"acf":{"set_to_be_sold":false,"sale_description":"","sale_price":""},"_links":{"self":[{"href":"https:\/\/shinemusicrental.com\/es\/wp-json\/wp\/v2\/product\/13379","targetHints":{"allow":["GET"]}}],"collection":[{"href":"https:\/\/shinemusicrental.com\/es\/wp-json\/wp\/v2\/product"}],"about":[{"href":"https:\/\/shinemusicrental.com\/es\/wp-json\/wp\/v2\/types\/product"}],"replies":[{"embeddable":true,"href":"https:\/\/shinemusicrental.com\/es\/wp-json\/wp\/v2\/comments?post=13379"}],"wp:featuredmedia":[{"embeddable":true,"href":"https:\/\/shinemusicrental.com\/es\/wp-json\/wp\/v2\/media\/13374"}],"wp:attachment":[{"href":"https:\/\/shinemusicrental.com\/es\/wp-json\/wp\/v2\/media?parent=13379"}],"wp:term":[{"taxonomy":"product_brand","embeddable":true,"href":"https:\/\/shinemusicrental.com\/es\/wp-json\/wp\/v2\/product_brand?post=13379"},{"taxonomy":"product_cat","embeddable":true,"href":"https:\/\/shinemusicrental.com\/es\/wp-json\/wp\/v2\/product_cat?post=13379"},{"taxonomy":"product_tag","embeddable":true,"href":"https:\/\/shinemusicrental.com\/es\/wp-json\/wp\/v2\/product_tag?post=13379"}],"curies":[{"name":"wp","href":"https:\/\/api.w.org\/{rel}","templated":true}]}}