{"id":13369,"date":"2023-08-11T15:18:25","date_gmt":"2023-08-11T13:18:26","guid":{"rendered":"https:\/\/shinemusicrental.com\/?post_type=product&#038;p=13369"},"modified":"2023-08-18T16:53:30","modified_gmt":"2023-08-18T14:53:30","slug":"fender-ltd-telecaster-butterscotch-blonde-guitarra-electrica-2","status":"publish","type":"product","link":"https:\/\/shinemusicrental.com\/es\/product\/fender-ltd-telecaster-butterscotch-blonde-guitarra-electrica-2\/","title":{"rendered":"Fender LTD Telecaster Butterscotch Blonde Guitarra El\u00e9ctrica"},"content":{"rendered":"<p>Presentamos la Guitarra El\u00e9ctrica Fender LTD Telecaster Butterscotch Blonde: un instrumento cl\u00e1sico conocido por su sonido ic\u00f3nico. Con un cuerpo de fresno y m\u00e1stil de arce, ofrece un tono equilibrado, parecido a una melod\u00eda bien mezclada. Las pastillas Custom Shop &#8217;51 Nocaster ofrecen un sonido de inspiraci\u00f3n vintage, como ecos del pasado. El acabado butterscotch blonde irradia elegancia atemporal, similar a una fotograf\u00eda antigua. El perfil de m\u00e1stil en forma de C moderna asegura una ejecuci\u00f3n c\u00f3moda, semejante a un camino familiar. El puente de estilo vintage y las selletas de lat\u00f3n contribuyen a su caracter\u00edstico twang, parecido a una voz \u00fanica. Explora las posibilidades sonoras a trav\u00e9s del Alquiler de Instrumentos, o considera Alquilar una Guitarra El\u00e9ctrica para tu exploraci\u00f3n musical. Abraza el legado del sonido con esta guitarra el\u00e9ctrica atemporal.<\/p>\n","protected":false},"excerpt":{"rendered":"<p>Presentamos la Guitarra El\u00e9ctrica Fender LTD Telecaster Butterscotch Blonde: un instrumento cl\u00e1sico conocido por su sonido ic\u00f3nico. Con un cuerpo [&hellip;]<\/p>\n","protected":false},"featured_media":13302,"comment_status":"open","ping_status":"closed","template":"","meta":{"_acf_changed":false,"content-type":""},"product_brand":[],"product_cat":[177,195],"product_tag":[560,584,461,463,591,557,652,567,569,571,535,563,459,565,805],"class_list":{"0":"post-13369","1":"product","2":"type-product","3":"status-publish","4":"has-post-thumbnail","6":"product_cat-guitarras-y-bajos","7":"product_cat-guitarras-electricas","8":"product_tag-alquiler-de-instrumentos-es","9":"product_tag-alquiler-de-instrumentos-es-2","10":"product_tag-alquiler-de-instrumentos","11":"product_tag-alquiler-de-instrumentos-barcelona","12":"product_tag-alquiler-de-instrumentos-espana-es","13":"product_tag-alquiler-de-instrumentos-espana","14":"product_tag-fender-es","15":"product_tag-guitarra","16":"product_tag-guitarra-barcelona","17":"product_tag-guitarra-de-alquiler","18":"product_tag-guitarra-electrica","19":"product_tag-guitarra-espana","20":"product_tag-guitarras","21":"product_tag-guitarras-es","22":"product_tag-set-de-guitarra","24":"first","25":"instock","26":"sold-individually","27":"shipping-taxable","28":"purchasable","29":"product-type-booking"},"booking_location":"","booking_location_type":"","booking_duration":1,"booking_duration_unit":"day","booking_buffer":0,"booking_cost":0,"booking_resources":[],"exclude_global_add_ons":false,"addons":[{"name":"Deposit","type":"checkbox","position":0,"required":true,"title_format":"hide","default":"","description_enable":false,"description":"","placeholder_enable":false,"placeholder":"","display":"select","restrictions_type":"any_text","adjust_price":false,"price":"","price_type":"flat_fee","restrictions":false,"min":"0","max":"0","options":[{"label":"Deposit","price":"310","price_type":"flat_fee","image":0,"visibility":true}]},{"name":"Guitarras El\u00e9ctricas","type":"checkbox","position":0,"required":false,"title_format":"label","default":"","description_enable":false,"description":"","placeholder_enable":false,"placeholder":"","display":"select","restrictions_type":"any_text","adjust_price":false,"price":"","price_type":"flat_fee","restrictions":false,"min":"0","max":"0","options":[{"label":"Cable de Instrumento Jack 1\/4","price":"5.00","price_type":"quantity_based","image":0,"visibility":true},{"label":"P\u00faa de Calidad","price":"2.00","price_type":"quantity_based","image":0,"visibility":true},{"label":"P\u00faa Est\u00e1ndar","price":"1.00","price_type":"quantity_based","image":0,"visibility":true},{"label":"Correa","price":"5.00","price_type":"quantity_based","image":0,"visibility":true},{"label":"Capo - Guitarra El\u00e9ctrica","price":"5.00","price_type":"quantity_based","image":0,"visibility":true},{"label":"Afinador","price":"5.00","price_type":"flat_fee","image":0,"visibility":true},{"label":"Atril de Calidad","price":"9.00","price_type":"quantity_based","image":0,"visibility":true},{"label":"Atril","price":"5.00","price_type":"quantity_based","image":0,"visibility":true}]}],"acf":{"set_to_be_sold":false,"sale_description":"","sale_price":""},"_links":{"self":[{"href":"https:\/\/shinemusicrental.com\/es\/wp-json\/wp\/v2\/product\/13369","targetHints":{"allow":["GET"]}}],"collection":[{"href":"https:\/\/shinemusicrental.com\/es\/wp-json\/wp\/v2\/product"}],"about":[{"href":"https:\/\/shinemusicrental.com\/es\/wp-json\/wp\/v2\/types\/product"}],"replies":[{"embeddable":true,"href":"https:\/\/shinemusicrental.com\/es\/wp-json\/wp\/v2\/comments?post=13369"}],"wp:featuredmedia":[{"embeddable":true,"href":"https:\/\/shinemusicrental.com\/es\/wp-json\/wp\/v2\/media\/13302"}],"wp:attachment":[{"href":"https:\/\/shinemusicrental.com\/es\/wp-json\/wp\/v2\/media?parent=13369"}],"wp:term":[{"taxonomy":"product_brand","embeddable":true,"href":"https:\/\/shinemusicrental.com\/es\/wp-json\/wp\/v2\/product_brand?post=13369"},{"taxonomy":"product_cat","embeddable":true,"href":"https:\/\/shinemusicrental.com\/es\/wp-json\/wp\/v2\/product_cat?post=13369"},{"taxonomy":"product_tag","embeddable":true,"href":"https:\/\/shinemusicrental.com\/es\/wp-json\/wp\/v2\/product_tag?post=13369"}],"curies":[{"name":"wp","href":"https:\/\/api.w.org\/{rel}","templated":true}]}}