{"id":13344,"date":"2023-08-11T14:30:55","date_gmt":"2023-08-11T12:30:55","guid":{"rendered":"https:\/\/shinemusicrental.com\/product\/fender-rumble-25-v3-bass-amp\/"},"modified":"2024-12-03T14:34:42","modified_gmt":"2024-12-03T13:34:42","slug":"fender-rumble-25-v3-amplificador-de-bajo","status":"publish","type":"product","link":"https:\/\/shinemusicrental.com\/es\/product\/fender-rumble-25-v3-amplificador-de-bajo\/","title":{"rendered":"Fender Rumble 25 V3 Amplificador de Bajo"},"content":{"rendered":"<p>Presentamos el Amplificador de Bajo Fender Rumble 25 V3: un amplificador compacto para los entusiastas del bajo. Con 25 vatios de potencia, proporciona una amplificaci\u00f3n de sonido confiable, parecido a un aliado confiable. El altavoz de 8&#8243; ofrece graves potentes y agudos claros, semejante a una conversaci\u00f3n equilibrada. El ecualizador de 3 bandas permite ajustes sencillos de tono, como afinar un instrumento musical. La salida de auriculares permite practicar en privado, similar a un espacio de ensayo personal. La entrada auxiliar te permite tocar junto a pistas, parecido a una sesi\u00f3n de jam colaborativa. La construcci\u00f3n duradera garantiza longevidad, similar a un compa\u00f1ero de confianza. Explora posibilidades amplificadas a trav\u00e9s del Alquiler de Instrumentos, o considera Alquilar un Amplificador para Bajo para tus emprendimientos musicales. Eleva tu sonido de bajo con este amplificador pr\u00e1ctico.<\/p>\n","protected":false},"excerpt":{"rendered":"<p>Presentamos el Amplificador de Bajo Fender Rumble 25 V3: un amplificador compacto para los entusiastas del bajo. Con 25 vatios [&hellip;]<\/p>\n","protected":false},"featured_media":13341,"comment_status":"open","ping_status":"closed","template":"","meta":{"_acf_changed":false,"content-type":""},"product_brand":[],"product_cat":[177,185],"product_tag":[560,461,584,463,489,591,557,680,682,567,569,571,563,459,565,559],"class_list":{"0":"post-13344","1":"product","2":"type-product","3":"status-publish","4":"has-post-thumbnail","6":"product_cat-guitarras-y-bajos","7":"product_cat-amplificadores-de-bajo","8":"product_tag-alquiler-de-instrumentos-es","9":"product_tag-alquiler-de-instrumentos","10":"product_tag-alquiler-de-instrumentos-es-2","11":"product_tag-alquiler-de-instrumentos-barcelona","12":"product_tag-alquiler-de-instrumentos-barcelona-es","13":"product_tag-alquiler-de-instrumentos-espana-es","14":"product_tag-alquiler-de-instrumentos-espana","15":"product_tag-amplificador","16":"product_tag-amplificador-de-guitarra","17":"product_tag-guitarra","18":"product_tag-guitarra-barcelona","19":"product_tag-guitarra-de-alquiler","20":"product_tag-guitarra-espana","21":"product_tag-guitarras","22":"product_tag-guitarras-es","23":"product_tag-instrumentos-de-contratacion","25":"first","26":"instock","27":"sold-individually","28":"shipping-taxable","29":"purchasable","30":"product-type-booking"},"booking_location":"","booking_location_type":"","booking_duration":1,"booking_duration_unit":"day","booking_buffer":0,"booking_cost":0,"booking_resources":[],"exclude_global_add_ons":false,"addons":[{"name":"Deposit","type":"checkbox","position":0,"required":true,"title_format":"hide","default":"","description_enable":false,"description":"","placeholder_enable":false,"placeholder":"","display":"select","restrictions_type":"any_text","adjust_price":false,"price":"","price_type":"flat_fee","restrictions":false,"min":"0","max":"0","options":[{"label":"Deposit","price":"60","price_type":"flat_fee","image":0,"visibility":true}]},{"name":"AMPLIFICADORES (todos)","type":"checkbox","position":0,"required":false,"title_format":"label","default":"","description_enable":false,"description":"","placeholder_enable":false,"placeholder":"","display":"select","restrictions_type":"any_text","adjust_price":false,"price":"","price_type":"flat_fee","restrictions":false,"min":"0","max":"0","options":[{"label":"Cable de Instrumento Jack 1\/4","price":"5.00","price_type":"quantity_based","image":0,"visibility":true},{"label":"DI Box","price":"5.00","price_type":"quantity_based","image":0,"visibility":true}]}],"acf":{"set_to_be_sold":false,"sale_description":"","sale_price":""},"_links":{"self":[{"href":"https:\/\/shinemusicrental.com\/es\/wp-json\/wp\/v2\/product\/13344","targetHints":{"allow":["GET"]}}],"collection":[{"href":"https:\/\/shinemusicrental.com\/es\/wp-json\/wp\/v2\/product"}],"about":[{"href":"https:\/\/shinemusicrental.com\/es\/wp-json\/wp\/v2\/types\/product"}],"replies":[{"embeddable":true,"href":"https:\/\/shinemusicrental.com\/es\/wp-json\/wp\/v2\/comments?post=13344"}],"wp:featuredmedia":[{"embeddable":true,"href":"https:\/\/shinemusicrental.com\/es\/wp-json\/wp\/v2\/media\/13341"}],"wp:attachment":[{"href":"https:\/\/shinemusicrental.com\/es\/wp-json\/wp\/v2\/media?parent=13344"}],"wp:term":[{"taxonomy":"product_brand","embeddable":true,"href":"https:\/\/shinemusicrental.com\/es\/wp-json\/wp\/v2\/product_brand?post=13344"},{"taxonomy":"product_cat","embeddable":true,"href":"https:\/\/shinemusicrental.com\/es\/wp-json\/wp\/v2\/product_cat?post=13344"},{"taxonomy":"product_tag","embeddable":true,"href":"https:\/\/shinemusicrental.com\/es\/wp-json\/wp\/v2\/product_tag?post=13344"}],"curies":[{"name":"wp","href":"https:\/\/api.w.org\/{rel}","templated":true}]}}