{"id":13337,"date":"2023-08-11T14:15:03","date_gmt":"2023-08-11T12:15:03","guid":{"rendered":"https:\/\/shinemusicrental.com\/product\/fender-rumble-40-v3-bass-amp\/"},"modified":"2024-04-10T17:59:39","modified_gmt":"2024-04-10T15:59:39","slug":"fender-rumble-40-v3-amplificador-de-bajo","status":"publish","type":"product","link":"https:\/\/shinemusicrental.com\/es\/product\/fender-rumble-40-v3-amplificador-de-bajo\/","title":{"rendered":"Fender Rumble 40 V3 Amplificador de Bajo"},"content":{"rendered":"<p>Presentamos el Amplificador de Bajo Fender Rumble 40 V3: un amplificador vers\u00e1til para bajistas. Con 40 vatios de potencia, ofrece un volumen adecuado para ensayos y conciertos peque\u00f1os, parecido a un comunicador poderoso. El altavoz de 10&#8243; asegura frecuencias graves claras y definidas, como un narrador resonante. El interruptor de Overdrive a\u00f1ade un toque de grano a tu sonido, semejante al toque caracter\u00edstico de un artista. El ecualizador de 3 bandas proporciona una modelaci\u00f3n precisa del tono, similar a un escultor perfeccionando su obra. La salida de auriculares permite pr\u00e1ctica privada, como una sesi\u00f3n de estudio aislada. La entrada auxiliar te permite tocar junto a tus pistas favoritas, parecido a unirse a una conversaci\u00f3n musical. Mejora tu sonido de bajo a trav\u00e9s del Alquiler de Instrumentos, o considera Alquilar un Amplificador de Bajo para tus empe\u00f1os musicales.<\/p>\n","protected":false},"excerpt":{"rendered":"<p>Presentamos el Amplificador de Bajo Fender Rumble 40 V3: un amplificador vers\u00e1til para bajistas. Con 40 vatios de potencia, ofrece [&hellip;]<\/p>\n","protected":false},"featured_media":13335,"comment_status":"open","ping_status":"closed","template":"","meta":{"_acf_changed":false,"content-type":""},"product_brand":[],"product_cat":[177,185],"product_tag":[560,461,584,463,489,591,557,680,682,652,567,569,571,563,459,565,559],"class_list":{"0":"post-13337","1":"product","2":"type-product","3":"status-publish","4":"has-post-thumbnail","6":"product_cat-guitarras-y-bajos","7":"product_cat-amplificadores-de-bajo","8":"product_tag-alquiler-de-instrumentos-es","9":"product_tag-alquiler-de-instrumentos","10":"product_tag-alquiler-de-instrumentos-es-2","11":"product_tag-alquiler-de-instrumentos-barcelona","12":"product_tag-alquiler-de-instrumentos-barcelona-es","13":"product_tag-alquiler-de-instrumentos-espana-es","14":"product_tag-alquiler-de-instrumentos-espana","15":"product_tag-amplificador","16":"product_tag-amplificador-de-guitarra","17":"product_tag-fender-es","18":"product_tag-guitarra","19":"product_tag-guitarra-barcelona","20":"product_tag-guitarra-de-alquiler","21":"product_tag-guitarra-espana","22":"product_tag-guitarras","23":"product_tag-guitarras-es","24":"product_tag-instrumentos-de-contratacion","26":"first","27":"instock","28":"sold-individually","29":"shipping-taxable","30":"purchasable","31":"product-type-booking"},"booking_location":"","booking_location_type":"","booking_duration":1,"booking_duration_unit":"day","booking_buffer":0,"booking_cost":0,"booking_resources":[],"exclude_global_add_ons":false,"addons":[{"name":"Deposit","type":"checkbox","position":0,"required":true,"title_format":"hide","default":"","description_enable":false,"description":"","placeholder_enable":false,"placeholder":"","display":"select","restrictions_type":"any_text","adjust_price":false,"price":"","price_type":"flat_fee","restrictions":false,"min":"0","max":"0","options":[{"label":"Deposit","price":"100","price_type":"flat_fee","image":0,"visibility":true}]},{"name":"AMPLIFICADORES (todos)","type":"checkbox","position":0,"required":false,"title_format":"label","default":"","description_enable":false,"description":"","placeholder_enable":false,"placeholder":"","display":"select","restrictions_type":"any_text","adjust_price":false,"price":"","price_type":"flat_fee","restrictions":false,"min":"0","max":"0","options":[{"label":"Cable de Instrumento Jack 1\/4","price":"5.00","price_type":"quantity_based","image":0,"visibility":true},{"label":"DI Box","price":"5.00","price_type":"quantity_based","image":0,"visibility":true}]}],"acf":{"set_to_be_sold":false,"sale_description":"","sale_price":""},"_links":{"self":[{"href":"https:\/\/shinemusicrental.com\/es\/wp-json\/wp\/v2\/product\/13337","targetHints":{"allow":["GET"]}}],"collection":[{"href":"https:\/\/shinemusicrental.com\/es\/wp-json\/wp\/v2\/product"}],"about":[{"href":"https:\/\/shinemusicrental.com\/es\/wp-json\/wp\/v2\/types\/product"}],"replies":[{"embeddable":true,"href":"https:\/\/shinemusicrental.com\/es\/wp-json\/wp\/v2\/comments?post=13337"}],"wp:featuredmedia":[{"embeddable":true,"href":"https:\/\/shinemusicrental.com\/es\/wp-json\/wp\/v2\/media\/13335"}],"wp:attachment":[{"href":"https:\/\/shinemusicrental.com\/es\/wp-json\/wp\/v2\/media?parent=13337"}],"wp:term":[{"taxonomy":"product_brand","embeddable":true,"href":"https:\/\/shinemusicrental.com\/es\/wp-json\/wp\/v2\/product_brand?post=13337"},{"taxonomy":"product_cat","embeddable":true,"href":"https:\/\/shinemusicrental.com\/es\/wp-json\/wp\/v2\/product_cat?post=13337"},{"taxonomy":"product_tag","embeddable":true,"href":"https:\/\/shinemusicrental.com\/es\/wp-json\/wp\/v2\/product_tag?post=13337"}],"curies":[{"name":"wp","href":"https:\/\/api.w.org\/{rel}","templated":true}]}}