{"id":13315,"date":"2023-08-11T13:45:39","date_gmt":"2023-08-11T11:45:39","guid":{"rendered":"https:\/\/shinemusicrental.com\/product\/yamaha-mg20xu-mixer\/"},"modified":"2025-01-08T11:28:46","modified_gmt":"2025-01-08T10:28:46","slug":"yamaha-mg20xu-mesa-de-mezclas","status":"publish","type":"product","link":"https:\/\/shinemusicrental.com\/es\/product\/yamaha-mg20xu-mesa-de-mezclas\/","title":{"rendered":"Yamaha MG20XU Mesa de Mezclas"},"content":{"rendered":"<p>Presentamos la Mesa de Mezclas Yamaha MG20XU: una herramienta de audio vers\u00e1til para diferentes configuraciones. Con 20 canales y 16 preamplificadores de micr\u00f3fono, ofrece una amplia conectividad, como un puente que une instrumentos diversos. Los efectos digitales SPX incorporados a\u00f1aden textura sonora, similar al trazo de un pincel de artista. Sus preamplificadores de micr\u00f3fono Class-A D-PRE aseguran una captura de sonido impecable, semejante a la lente de un h\u00e1bil fot\u00f3grafo. Los compresores de 1 bot\u00f3n proporcionan control din\u00e1mico, parecido a un director guiando una orquesta. El chasis de metal garantiza durabilidad, como un compa\u00f1ero confiable. Equipado con interfaz de audio USB, permite grabaci\u00f3n fluida, similar a capturar un momento en el tiempo. Mejora tu sonido a trav\u00e9s del Alquiler de Instrumentos, o explora la versatilidad sonora considerando Alquilar una Mesa de Mezclas. Eleva tu producci\u00f3n de audio con esta mezcladora confiable.<\/p>\n","protected":false},"excerpt":{"rendered":"<p>Presentamos la Mesa de Mezclas Yamaha MG20XU: una herramienta de audio vers\u00e1til para diferentes configuraciones. Con 20 canales y 16 [&hellip;]<\/p>\n","protected":false},"featured_media":13310,"comment_status":"open","ping_status":"closed","template":"","meta":{"_acf_changed":false,"content-type":""},"product_brand":[],"product_cat":[331,343],"product_tag":[461,560,584,463,489,591,557,505,507,511,509,513,503,559,788,791,786],"class_list":{"0":"post-13315","1":"product","2":"type-product","3":"status-publish","4":"has-post-thumbnail","6":"product_cat-equipos-pa-y-de-audiodifusion","7":"product_cat-mesas-mezclas-equipo-dj","8":"product_tag-alquiler-de-instrumentos","9":"product_tag-alquiler-de-instrumentos-es","10":"product_tag-alquiler-de-instrumentos-es-2","11":"product_tag-alquiler-de-instrumentos-barcelona","12":"product_tag-alquiler-de-instrumentos-barcelona-es","13":"product_tag-alquiler-de-instrumentos-espana-es","14":"product_tag-alquiler-de-instrumentos-espana","15":"product_tag-equipo-de-estudio","16":"product_tag-equipo-de-estudio-barcelona","17":"product_tag-equipo-de-estudio-de-alquiler","18":"product_tag-equipo-de-estudio-es","19":"product_tag-equipo-de-estudio-espana","20":"product_tag-estudio","21":"product_tag-instrumentos-de-contratacion","22":"product_tag-mesa-de-mezclas","23":"product_tag-mesa-de-mezclas-de-alquiler","24":"product_tag-mixer-es","26":"first","27":"instock","28":"sold-individually","29":"shipping-taxable","30":"purchasable","31":"product-type-booking"},"booking_location":"","booking_location_type":"","booking_duration":1,"booking_duration_unit":"day","booking_buffer":0,"booking_cost":0,"booking_resources":[],"exclude_global_add_ons":false,"addons":[{"name":"Deposit","type":"checkbox","position":0,"required":true,"title_format":"hide","default":"","description_enable":false,"description":"","placeholder_enable":false,"placeholder":"","display":"select","restrictions_type":"any_text","adjust_price":false,"price":"","price_type":"flat_fee","restrictions":false,"min":"0","max":"0","options":[{"label":"Deposit","price":"290","price_type":"flat_fee","image":0,"visibility":true}]},{"name":"ALTAVOCES PA","type":"checkbox","position":0,"required":false,"title_format":"label","default":"","description_enable":false,"description":"","placeholder_enable":false,"placeholder":"","display":"select","restrictions_type":"any_text","adjust_price":false,"price":"","price_type":"flat_fee","restrictions":false,"min":"0","max":"0","options":[{"label":"Cable de Instrumento Jack 1\/4","price":"5.00","price_type":"quantity_based","image":0,"visibility":true},{"label":"Cable XLR","price":"5.00","price_type":"quantity_based","image":0,"visibility":true},{"label":"Mesa de Mezclas (est\u00e1ndar)","price":"55.00","price_type":"quantity_based","image":0,"visibility":true},{"label":"Soporte","price":"19.00","price_type":"quantity_based","image":0,"visibility":true},{"label":"DI Box","price":"5","price_type":"quantity_based","image":0,"visibility":true}]}],"acf":{"set_to_be_sold":false,"sale_description":"","sale_price":""},"_links":{"self":[{"href":"https:\/\/shinemusicrental.com\/es\/wp-json\/wp\/v2\/product\/13315","targetHints":{"allow":["GET"]}}],"collection":[{"href":"https:\/\/shinemusicrental.com\/es\/wp-json\/wp\/v2\/product"}],"about":[{"href":"https:\/\/shinemusicrental.com\/es\/wp-json\/wp\/v2\/types\/product"}],"replies":[{"embeddable":true,"href":"https:\/\/shinemusicrental.com\/es\/wp-json\/wp\/v2\/comments?post=13315"}],"wp:featuredmedia":[{"embeddable":true,"href":"https:\/\/shinemusicrental.com\/es\/wp-json\/wp\/v2\/media\/13310"}],"wp:attachment":[{"href":"https:\/\/shinemusicrental.com\/es\/wp-json\/wp\/v2\/media?parent=13315"}],"wp:term":[{"taxonomy":"product_brand","embeddable":true,"href":"https:\/\/shinemusicrental.com\/es\/wp-json\/wp\/v2\/product_brand?post=13315"},{"taxonomy":"product_cat","embeddable":true,"href":"https:\/\/shinemusicrental.com\/es\/wp-json\/wp\/v2\/product_cat?post=13315"},{"taxonomy":"product_tag","embeddable":true,"href":"https:\/\/shinemusicrental.com\/es\/wp-json\/wp\/v2\/product_tag?post=13315"}],"curies":[{"name":"wp","href":"https:\/\/api.w.org\/{rel}","templated":true}]}}