{"id":13088,"date":"2023-07-11T11:50:36","date_gmt":"2023-07-11T09:50:36","guid":{"rendered":"https:\/\/shinemusicrental.com\/product\/mackie-1642vlz4-mixer\/"},"modified":"2025-01-08T11:38:57","modified_gmt":"2025-01-08T10:38:57","slug":"mackie-1642vlz4-mesa-de-mezclas","status":"publish","type":"product","link":"https:\/\/shinemusicrental.com\/es\/product\/mackie-1642vlz4-mesa-de-mezclas\/","title":{"rendered":"Mackie 1642VLZ4 Mesa de Mezclas"},"content":{"rendered":"<p>Presentamos la Mezcladora Mackie 1642VLZ4: una herramienta de precisi\u00f3n para la artesan\u00eda sonora. Con 16 preamplificadores de micr\u00f3fono Onyx, asegura una captura de audio impecable. El dise\u00f1o de alta capacidad de manejo del mezclador ofrece una calidad de sonido superior, similar al lienzo de un artista para paisajes sonoros. Su ecualizador de 4 bandas y funci\u00f3n de derivaci\u00f3n de ecualizaci\u00f3n proporcionan capacidades de ajuste fino, como el toque delicado de un escultor. Las 16 entradas de l\u00ednea del mezclador acomodan diversas fuentes de audio, adapt\u00e1ndose a configuraciones vers\u00e1tiles. Su resistente chasis de acero garantiza durabilidad en la carretera. Ideal para sonido en vivo, grabaci\u00f3n o entornos de producci\u00f3n, es el sue\u00f1o de un arquitecto sonoro. Mejora tu experiencia auditiva a trav\u00e9s del Alquiler de Instrumentos, o considera Alquilar una Mezcladora para orquestar tu viaje sonoro.<\/p>\n","protected":false},"excerpt":{"rendered":"<p>Presentamos la Mezcladora Mackie 1642VLZ4: una herramienta de precisi\u00f3n para la artesan\u00eda sonora. Con 16 preamplificadores de micr\u00f3fono Onyx, asegura [&hellip;]<\/p>\n","protected":false},"featured_media":13086,"comment_status":"open","ping_status":"closed","template":"","meta":{"_acf_changed":false,"content-type":""},"product_brand":[],"product_cat":[331,343],"product_tag":[461,560,584,463,489,591,557,505,507,511,509,513,503,559,788,791,786],"class_list":{"0":"post-13088","1":"product","2":"type-product","3":"status-publish","4":"has-post-thumbnail","6":"product_cat-equipos-pa-y-de-audiodifusion","7":"product_cat-mesas-mezclas-equipo-dj","8":"product_tag-alquiler-de-instrumentos","9":"product_tag-alquiler-de-instrumentos-es","10":"product_tag-alquiler-de-instrumentos-es-2","11":"product_tag-alquiler-de-instrumentos-barcelona","12":"product_tag-alquiler-de-instrumentos-barcelona-es","13":"product_tag-alquiler-de-instrumentos-espana-es","14":"product_tag-alquiler-de-instrumentos-espana","15":"product_tag-equipo-de-estudio","16":"product_tag-equipo-de-estudio-barcelona","17":"product_tag-equipo-de-estudio-de-alquiler","18":"product_tag-equipo-de-estudio-es","19":"product_tag-equipo-de-estudio-espana","20":"product_tag-estudio","21":"product_tag-instrumentos-de-contratacion","22":"product_tag-mesa-de-mezclas","23":"product_tag-mesa-de-mezclas-de-alquiler","24":"product_tag-mixer-es","26":"first","27":"instock","28":"sold-individually","29":"shipping-taxable","30":"purchasable","31":"product-type-booking"},"booking_location":"","booking_location_type":"","booking_duration":1,"booking_duration_unit":"day","booking_buffer":0,"booking_cost":0,"booking_resources":[],"exclude_global_add_ons":false,"addons":[{"name":"Deposit","type":"checkbox","position":0,"required":false,"title_format":"hide","default":"","description_enable":false,"description":"","placeholder_enable":false,"placeholder":"","display":"select","restrictions_type":"any_text","adjust_price":false,"price":"","price_type":"flat_fee","restrictions":false,"min":"0","max":"0","options":[{"label":"Deposit","price":"340","price_type":"flat_fee","image":0,"visibility":true}]},{"name":"ALTAVOCES PA","type":"checkbox","position":0,"required":false,"title_format":"label","default":"","description_enable":false,"description":"","placeholder_enable":false,"placeholder":"","display":"select","restrictions_type":"any_text","adjust_price":false,"price":"","price_type":"flat_fee","restrictions":false,"min":"0","max":"0","options":[{"label":"Cable de Instrumento Jack 1\/4","price":"5.00","price_type":"quantity_based","image":0,"visibility":true},{"label":"Cable XLR","price":"5.00","price_type":"quantity_based","image":0,"visibility":true},{"label":"Mesa de Mezclas (est\u00e1ndar)","price":"55.00","price_type":"quantity_based","image":0,"visibility":true},{"label":"Soporte","price":"19.00","price_type":"quantity_based","image":0,"visibility":true},{"label":"DI Box","price":"5","price_type":"quantity_based","image":0,"visibility":true}]}],"acf":{"set_to_be_sold":false,"sale_description":"","sale_price":""},"_links":{"self":[{"href":"https:\/\/shinemusicrental.com\/es\/wp-json\/wp\/v2\/product\/13088","targetHints":{"allow":["GET"]}}],"collection":[{"href":"https:\/\/shinemusicrental.com\/es\/wp-json\/wp\/v2\/product"}],"about":[{"href":"https:\/\/shinemusicrental.com\/es\/wp-json\/wp\/v2\/types\/product"}],"replies":[{"embeddable":true,"href":"https:\/\/shinemusicrental.com\/es\/wp-json\/wp\/v2\/comments?post=13088"}],"wp:featuredmedia":[{"embeddable":true,"href":"https:\/\/shinemusicrental.com\/es\/wp-json\/wp\/v2\/media\/13086"}],"wp:attachment":[{"href":"https:\/\/shinemusicrental.com\/es\/wp-json\/wp\/v2\/media?parent=13088"}],"wp:term":[{"taxonomy":"product_brand","embeddable":true,"href":"https:\/\/shinemusicrental.com\/es\/wp-json\/wp\/v2\/product_brand?post=13088"},{"taxonomy":"product_cat","embeddable":true,"href":"https:\/\/shinemusicrental.com\/es\/wp-json\/wp\/v2\/product_cat?post=13088"},{"taxonomy":"product_tag","embeddable":true,"href":"https:\/\/shinemusicrental.com\/es\/wp-json\/wp\/v2\/product_tag?post=13088"}],"curies":[{"name":"wp","href":"https:\/\/api.w.org\/{rel}","templated":true}]}}