{"id":13021,"date":"2023-07-04T13:02:33","date_gmt":"2023-07-04T11:02:33","guid":{"rendered":"https:\/\/shinemusicrental.com\/product\/conga-11-3-4-lp-806z-aw-giovanni-galaxy-series\/"},"modified":"2024-04-10T17:09:14","modified_gmt":"2024-04-10T15:09:14","slug":"conga-11-3-4-lp-806z-aw-giovanni-galaxy-series","status":"publish","type":"product","link":"https:\/\/shinemusicrental.com\/es\/product\/conga-11-3-4-lp-806z-aw-giovanni-galaxy-series\/","title":{"rendered":"Conga 11 3\/4&#8243; LP 806Z-AW Giovanni Galaxy Series"},"content":{"rendered":"<p>Presentamos la Conga LP 806Z-AW Giovanni Galaxy Series de 11 3\/4&#8243;: un instrumento de percusi\u00f3n de calidad profesional. Con una construcci\u00f3n de madera de fresno premium, ofrece un tono resonante y una construcci\u00f3n duradera, parecido a una obra maestra bien elaborada. El parche de piel de b\u00fafalo seleccionado a mano garantiza un sonido aut\u00e9ntico, similar a un int\u00e9rprete experimentado. Los aros Comfort Curve II proporcionan una comodidad al tocar, como una experiencia a medida. El herraje de acero pulido a\u00f1ade un toque elegante, parecido a una obra de arte fina. El dise\u00f1o de perfil bajo mejora la resonancia, semejante a una maravilla ac\u00fastica. Explora posibilidades r\u00edtmicas a trav\u00e9s del Alquiler de Instrumentos, o considera Alquilar una Conga para tu exploraci\u00f3n musical. Eleva tu juego percusivo con este instrumento de alta calidad.<\/p>\n","protected":false},"excerpt":{"rendered":"<p>Presentamos la Conga LP 806Z-AW Giovanni Galaxy Series de 11 3\/4&#8243;: un instrumento de percusi\u00f3n de calidad profesional. Con una [&hellip;]<\/p>\n","protected":false},"featured_media":13016,"comment_status":"open","ping_status":"closed","template":"","meta":{"_acf_changed":false,"content-type":""},"product_brand":[],"product_cat":[160,173],"product_tag":[560,584,461,463,489,591,557,457,543,539,541,537,867,559,917,465,468,469,473,472,475],"class_list":{"0":"post-13021","1":"product","2":"type-product","3":"status-publish","4":"has-post-thumbnail","6":"product_cat-baterias-y-percusion","7":"product_cat-percusion","8":"product_tag-alquiler-de-instrumentos-es","9":"product_tag-alquiler-de-instrumentos-es-2","10":"product_tag-alquiler-de-instrumentos","11":"product_tag-alquiler-de-instrumentos-barcelona","12":"product_tag-alquiler-de-instrumentos-barcelona-es","13":"product_tag-alquiler-de-instrumentos-espana-es","14":"product_tag-alquiler-de-instrumentos-espana","15":"product_tag-baterias","16":"product_tag-baterias-barcelona","17":"product_tag-baterias-de-alquiler","18":"product_tag-baterias-es","19":"product_tag-baterias-espana","20":"product_tag-conga-es","21":"product_tag-instrumentos-de-contratacion","22":"product_tag-pearl-es","23":"product_tag-percusion","24":"product_tag-percusiones","25":"product_tag-percusiones-barcelona","26":"product_tag-percusiones-de-alquiler","27":"product_tag-percusiones-es","28":"product_tag-percusiones-espana","30":"first","31":"instock","32":"sold-individually","33":"shipping-taxable","34":"purchasable","35":"product-type-booking"},"booking_location":"","booking_location_type":"","booking_duration":1,"booking_duration_unit":"day","booking_buffer":0,"booking_cost":0,"booking_resources":[],"exclude_global_add_ons":false,"addons":[{"name":"Deposit","type":"checkbox","position":0,"required":false,"title_format":"hide","default":"","description_enable":false,"description":"","placeholder_enable":false,"placeholder":"","display":"select","restrictions_type":"any_text","adjust_price":false,"price":"","price_type":"flat_fee","restrictions":false,"min":"0","max":"0","options":[{"label":"Deposit","price":"350","price_type":"flat_fee","image":0,"visibility":true}]},{"name":"Todas las Bater\u00edas","type":"checkbox","position":0,"required":false,"title_format":"label","default":"","description_enable":false,"description":"","placeholder_enable":false,"placeholder":"","display":"select","restrictions_type":"any_text","adjust_price":false,"price":"","price_type":"flat_fee","restrictions":false,"min":"0","max":"0","options":[{"label":"Baquetas","price":"6.00","price_type":"quantity_based","image":0,"visibility":true},{"label":"Set de Platillos","price":"48.00","price_type":"quantity_based","image":0,"visibility":true}]},{"name":"All Percussion","type":"checkbox","position":0,"required":false,"title_format":"label","default":"","description_enable":false,"description":"","placeholder_enable":false,"placeholder":"","display":"select","restrictions_type":"any_text","adjust_price":false,"price":"","price_type":"flat_fee","restrictions":false,"min":"0","max":"0","options":[{"label":"Stand","price":"10","price_type":"quantity_based","image":0,"visibility":true}]}],"acf":{"set_to_be_sold":false,"sale_description":"","sale_price":""},"_links":{"self":[{"href":"https:\/\/shinemusicrental.com\/es\/wp-json\/wp\/v2\/product\/13021","targetHints":{"allow":["GET"]}}],"collection":[{"href":"https:\/\/shinemusicrental.com\/es\/wp-json\/wp\/v2\/product"}],"about":[{"href":"https:\/\/shinemusicrental.com\/es\/wp-json\/wp\/v2\/types\/product"}],"replies":[{"embeddable":true,"href":"https:\/\/shinemusicrental.com\/es\/wp-json\/wp\/v2\/comments?post=13021"}],"wp:featuredmedia":[{"embeddable":true,"href":"https:\/\/shinemusicrental.com\/es\/wp-json\/wp\/v2\/media\/13016"}],"wp:attachment":[{"href":"https:\/\/shinemusicrental.com\/es\/wp-json\/wp\/v2\/media?parent=13021"}],"wp:term":[{"taxonomy":"product_brand","embeddable":true,"href":"https:\/\/shinemusicrental.com\/es\/wp-json\/wp\/v2\/product_brand?post=13021"},{"taxonomy":"product_cat","embeddable":true,"href":"https:\/\/shinemusicrental.com\/es\/wp-json\/wp\/v2\/product_cat?post=13021"},{"taxonomy":"product_tag","embeddable":true,"href":"https:\/\/shinemusicrental.com\/es\/wp-json\/wp\/v2\/product_tag?post=13021"}],"curies":[{"name":"wp","href":"https:\/\/api.w.org\/{rel}","templated":true}]}}