{"id":12791,"date":"2023-06-16T12:59:44","date_gmt":"2023-06-16T10:59:44","guid":{"rendered":"https:\/\/shinemusicrental.com\/product\/ld-systems-u305-bph-wireless-headset-microphone\/"},"modified":"2024-04-10T16:46:49","modified_gmt":"2024-04-10T14:46:49","slug":"ld-systems-u305-bph-sistema-inalambrico-con-microfono-de-diadema","status":"publish","type":"product","link":"https:\/\/shinemusicrental.com\/es\/product\/ld-systems-u305-bph-sistema-inalambrico-con-microfono-de-diadema\/","title":{"rendered":"LD Systems U305 BPH Sistema Inal\u00e1mbrico con Micr\u00f3fono de Diadema"},"content":{"rendered":"<p>Presentamos el Micr\u00f3fono de Diadema Inal\u00e1mbrico LD Systems U305 BPH: una herramienta para una proyecci\u00f3n vocal clara. Con un rango de frecuencia UHF, ofrece una transmisi\u00f3n de se\u00f1al confiable, similar a un comunicador s\u00f3lido. La c\u00e1psula de condensador del micr\u00f3fono de diadema captura matices con precisi\u00f3n, semejante a un oyente atento. El transmisor de cintur\u00f3n garantiza flexibilidad, parecido al movimiento \u00e1gil de un mensajero. Su patr\u00f3n polar cardioide reduce el ruido de fondo, asemej\u00e1ndose a un orador enfocado. La diadema ajustable garantiza un uso c\u00f3modo, como un accesorio a medida. Ideal para presentaciones, actuaciones o conferencias, es un aliado vocal. Mejora tu sonido a trav\u00e9s del Alquiler de Instrumentos, o explora la versatilidad vocal considerando Alquilar un Micr\u00f3fono. Abraza la comunicaci\u00f3n fluida con este din\u00e1mico micr\u00f3fono de diadema.<\/p>\n","protected":false},"excerpt":{"rendered":"<p>Presentamos el Micr\u00f3fono de Diadema Inal\u00e1mbrico LD Systems U305 BPH: una herramienta para una proyecci\u00f3n vocal clara. Con un rango [&hellip;]<\/p>\n","protected":false},"featured_media":12789,"comment_status":"open","ping_status":"closed","template":"","meta":{"_acf_changed":false,"content-type":""},"product_brand":[],"product_cat":[331,341],"product_tag":[461,560,584,463,489,591,557,505,507,511,509,513,503,559,772,776,774,597],"class_list":{"0":"post-12791","1":"product","2":"type-product","3":"status-publish","4":"has-post-thumbnail","6":"product_cat-equipos-pa-y-de-audiodifusion","7":"product_cat-microfonos","8":"product_tag-alquiler-de-instrumentos","9":"product_tag-alquiler-de-instrumentos-es","10":"product_tag-alquiler-de-instrumentos-es-2","11":"product_tag-alquiler-de-instrumentos-barcelona","12":"product_tag-alquiler-de-instrumentos-barcelona-es","13":"product_tag-alquiler-de-instrumentos-espana-es","14":"product_tag-alquiler-de-instrumentos-espana","15":"product_tag-equipo-de-estudio","16":"product_tag-equipo-de-estudio-barcelona","17":"product_tag-equipo-de-estudio-de-alquiler","18":"product_tag-equipo-de-estudio-es","19":"product_tag-equipo-de-estudio-espana","20":"product_tag-estudio","21":"product_tag-instrumentos-de-contratacion","22":"product_tag-micro","23":"product_tag-microfono","24":"product_tag-microfono-de-alquiler","25":"product_tag-microfono-inalambrico","27":"first","28":"instock","29":"sold-individually","30":"shipping-taxable","31":"purchasable","32":"product-type-booking"},"booking_location":"","booking_location_type":"","booking_duration":1,"booking_duration_unit":"day","booking_buffer":0,"booking_cost":0,"booking_resources":[],"exclude_global_add_ons":[],"addons":[],"acf":{"set_to_be_sold":false,"sale_description":"","sale_price":""},"_links":{"self":[{"href":"https:\/\/shinemusicrental.com\/es\/wp-json\/wp\/v2\/product\/12791","targetHints":{"allow":["GET"]}}],"collection":[{"href":"https:\/\/shinemusicrental.com\/es\/wp-json\/wp\/v2\/product"}],"about":[{"href":"https:\/\/shinemusicrental.com\/es\/wp-json\/wp\/v2\/types\/product"}],"replies":[{"embeddable":true,"href":"https:\/\/shinemusicrental.com\/es\/wp-json\/wp\/v2\/comments?post=12791"}],"wp:featuredmedia":[{"embeddable":true,"href":"https:\/\/shinemusicrental.com\/es\/wp-json\/wp\/v2\/media\/12789"}],"wp:attachment":[{"href":"https:\/\/shinemusicrental.com\/es\/wp-json\/wp\/v2\/media?parent=12791"}],"wp:term":[{"taxonomy":"product_brand","embeddable":true,"href":"https:\/\/shinemusicrental.com\/es\/wp-json\/wp\/v2\/product_brand?post=12791"},{"taxonomy":"product_cat","embeddable":true,"href":"https:\/\/shinemusicrental.com\/es\/wp-json\/wp\/v2\/product_cat?post=12791"},{"taxonomy":"product_tag","embeddable":true,"href":"https:\/\/shinemusicrental.com\/es\/wp-json\/wp\/v2\/product_tag?post=12791"}],"curies":[{"name":"wp","href":"https:\/\/api.w.org\/{rel}","templated":true}]}}