{"id":12780,"date":"2023-06-16T11:51:40","date_gmt":"2023-06-16T09:51:40","guid":{"rendered":"https:\/\/shinemusicrental.com\/product\/ld-systems-mei1000g2-in-ear-set\/"},"modified":"2024-04-10T16:46:43","modified_gmt":"2024-04-10T14:46:43","slug":"ld-systems-mei1000g2-in-ear-set","status":"publish","type":"product","link":"https:\/\/shinemusicrental.com\/es\/product\/ld-systems-mei1000g2-in-ear-set\/","title":{"rendered":"LD Systems MEI1000G2 In-Ear Set"},"content":{"rendered":"<p>Presentamos el Set In-Ear LD Systems MEI1000G2: una soluci\u00f3n profesional de monitoreo para m\u00fasicos. Funcionando en frecuencia UHF, garantiza una transmisi\u00f3n de se\u00f1al confiable, como un mensajero constante. El transmisor y receptor est\u00e9reo ofrecen una calidad de audio impecable, similar a un instrumento afinado con precisi\u00f3n. Con 160 canales, proporciona flexibilidad en entornos concurridos, parecido a un int\u00e9rprete vers\u00e1til. Los auriculares in-ear brindan un aislamiento claro del sonido, semejante al enfoque de un oyente atento. El cintur\u00f3n ajustable del pack asegura un uso c\u00f3modo, como una prenda a medida. Ideal para actuaciones en escenario o sesiones de estudio, mejora la precisi\u00f3n musical. Eleva tu monitoreo a trav\u00e9s del Alquiler de Instrumentos, o explora la sutileza auditiva considerando Alquilar un Set In-Ear. Ad\u00e9ntrate en un mundo de sonido preciso con esta soluci\u00f3n de monitoreo de alto rendimiento.<\/p>\n","protected":false},"excerpt":{"rendered":"<p>Presentamos el Set In-Ear LD Systems MEI1000G2: una soluci\u00f3n profesional de monitoreo para m\u00fasicos. Funcionando en frecuencia UHF, garantiza una [&hellip;]<\/p>\n","protected":false},"featured_media":12778,"comment_status":"open","ping_status":"closed","template":"","meta":{"_acf_changed":false,"content-type":""},"product_brand":[],"product_cat":[331,337,348],"product_tag":[461,560,584,463,489,591,557,781,505,507,511,509,513,503,559],"class_list":{"0":"post-12780","1":"product","2":"type-product","3":"status-publish","4":"has-post-thumbnail","6":"product_cat-equipos-pa-y-de-audiodifusion","7":"product_cat-auriculares","8":"product_cat-soportes-y-accesorios","9":"product_tag-alquiler-de-instrumentos","10":"product_tag-alquiler-de-instrumentos-es","11":"product_tag-alquiler-de-instrumentos-es-2","12":"product_tag-alquiler-de-instrumentos-barcelona","13":"product_tag-alquiler-de-instrumentos-barcelona-es","14":"product_tag-alquiler-de-instrumentos-espana-es","15":"product_tag-alquiler-de-instrumentos-espana","16":"product_tag-auriculares","17":"product_tag-equipo-de-estudio","18":"product_tag-equipo-de-estudio-barcelona","19":"product_tag-equipo-de-estudio-de-alquiler","20":"product_tag-equipo-de-estudio-es","21":"product_tag-equipo-de-estudio-espana","22":"product_tag-estudio","23":"product_tag-instrumentos-de-contratacion","25":"first","26":"instock","27":"sold-individually","28":"shipping-taxable","29":"purchasable","30":"product-type-booking"},"booking_location":"","booking_location_type":"","booking_duration":1,"booking_duration_unit":"day","booking_buffer":0,"booking_cost":0,"booking_resources":[],"exclude_global_add_ons":[],"addons":[],"acf":{"set_to_be_sold":false,"sale_description":"","sale_price":""},"_links":{"self":[{"href":"https:\/\/shinemusicrental.com\/es\/wp-json\/wp\/v2\/product\/12780","targetHints":{"allow":["GET"]}}],"collection":[{"href":"https:\/\/shinemusicrental.com\/es\/wp-json\/wp\/v2\/product"}],"about":[{"href":"https:\/\/shinemusicrental.com\/es\/wp-json\/wp\/v2\/types\/product"}],"replies":[{"embeddable":true,"href":"https:\/\/shinemusicrental.com\/es\/wp-json\/wp\/v2\/comments?post=12780"}],"wp:featuredmedia":[{"embeddable":true,"href":"https:\/\/shinemusicrental.com\/es\/wp-json\/wp\/v2\/media\/12778"}],"wp:attachment":[{"href":"https:\/\/shinemusicrental.com\/es\/wp-json\/wp\/v2\/media?parent=12780"}],"wp:term":[{"taxonomy":"product_brand","embeddable":true,"href":"https:\/\/shinemusicrental.com\/es\/wp-json\/wp\/v2\/product_brand?post=12780"},{"taxonomy":"product_cat","embeddable":true,"href":"https:\/\/shinemusicrental.com\/es\/wp-json\/wp\/v2\/product_cat?post=12780"},{"taxonomy":"product_tag","embeddable":true,"href":"https:\/\/shinemusicrental.com\/es\/wp-json\/wp\/v2\/product_tag?post=12780"}],"curies":[{"name":"wp","href":"https:\/\/api.w.org\/{rel}","templated":true}]}}