{"id":1272,"date":"2022-10-24T16:15:52","date_gmt":"2022-10-24T14:15:52","guid":{"rendered":"http:\/\/www.shinemusicrental.com\/product\/alhambra-cadete-3c-3-4-guitarra-espanola\/"},"modified":"2023-03-16T11:48:39","modified_gmt":"2023-03-16T10:48:39","slug":"alhambra-cadete-3c-3-4-guitarra-espanola","status":"publish","type":"product","link":"https:\/\/shinemusicrental.com\/es\/product\/alhambra-cadete-3c-3-4-guitarra-espanola\/","title":{"rendered":"Alhambra Cadete 3C \u2013 3\/4 Guitarra Espa\u00f1ola"},"content":{"rendered":"<p>La guitarra cl\u00e1sica Alhambra Cadete 3C &#8211; 3\/4 es un instrumento excepcional para guitarristas principiantes que buscan una guitarra m\u00e1s peque\u00f1a y f\u00e1cil de tocar. Con sus materiales y artesan\u00eda de alta calidad, produce un sonido c\u00e1lido y rico que seguramente deleitar\u00e1 a cualquier m\u00fasico. La tapa s\u00f3lida de cedro y la parte trasera y los costados de caoba de la guitarra proporcionan un equilibrio tonal excelente, mientras que el diapas\u00f3n de palisandro ofrece una experiencia de juego c\u00f3moda y receptiva. Sus especificaciones t\u00e9cnicas clave incluyen una longitud de escala de 580 mm, un ancho de cejuela de 48 mm y 19 trastes. La guitarra cl\u00e1sica Alhambra Cadete 3C &#8211; 3\/4 es una excelente opci\u00f3n para aquellos que buscan alquilar una guitarra cl\u00e1sica durante su viaje de aprendizaje. Es como tener un amigo leal que lo acompa\u00f1ar\u00e1 mientras aprende y crece como guitarrista.<\/p>\n","protected":false},"excerpt":{"rendered":"<p><strong>Dep\u00f3sito: \u20ac160<\/strong><\/p>\n<div id=\"gtx-trans\" style=\"position: absolute; left: 68px; top: 38.3333px;\">\n<div class=\"gtx-trans-icon\"><\/div>\n<\/div>\n","protected":false},"featured_media":1267,"comment_status":"open","ping_status":"closed","template":"","meta":{"_acf_changed":false,"content-type":""},"product_brand":[],"product_cat":[177,193,191],"product_tag":[638,560,461,584,463,489,591,557,567,569,571,563,617,459,565,559],"class_list":{"0":"post-1272","1":"product","2":"type-product","3":"status-publish","4":"has-post-thumbnail","6":"product_cat-guitarras-y-bajos","7":"product_cat-guitarras-clasicas","8":"product_cat-guitarra-para-ninos","9":"product_tag-alhambra-es","10":"product_tag-alquiler-de-instrumentos-es","11":"product_tag-alquiler-de-instrumentos","12":"product_tag-alquiler-de-instrumentos-es-2","13":"product_tag-alquiler-de-instrumentos-barcelona","14":"product_tag-alquiler-de-instrumentos-barcelona-es","15":"product_tag-alquiler-de-instrumentos-espana-es","16":"product_tag-alquiler-de-instrumentos-espana","17":"product_tag-guitarra","18":"product_tag-guitarra-barcelona","19":"product_tag-guitarra-de-alquiler","20":"product_tag-guitarra-espana","21":"product_tag-guitarra-para-ninos","22":"product_tag-guitarras","23":"product_tag-guitarras-es","24":"product_tag-instrumentos-de-contratacion","26":"first","27":"instock","28":"sold-individually","29":"shipping-taxable","30":"purchasable","31":"product-type-booking"},"booking_location":"","booking_location_type":"","booking_duration":1,"booking_duration_unit":"day","booking_buffer":0,"booking_cost":0,"booking_resources":[],"exclude_global_add_ons":false,"addons":[{"name":"Dep\u00f3sito","type":"checkbox","position":0,"required":false,"title_format":"hide","default":"","description_enable":false,"description":"","placeholder_enable":false,"placeholder":"","display":"select","restrictions_type":"any_text","adjust_price":false,"price":"","price_type":"flat_fee","restrictions":false,"min":"0","max":"0","options":[{"label":"Dep\u00f3sito","price":"160","price_type":"flat_fee","image":0,"visibility":true}]},{"name":"Guitarras Cl\u00e1sicas","type":"checkbox","position":0,"required":false,"title_format":"label","default":"","description_enable":false,"description":"","placeholder_enable":false,"placeholder":"","display":"select","restrictions_type":"any_text","adjust_price":false,"price":"","price_type":"flat_fee","restrictions":false,"min":"0","max":"0","options":[{"label":"Afinador","price":"5.00","price_type":"quantity_based","image":0,"visibility":true},{"label":"Apoyapi\u00e9s para Guitarra de Calidad","price":"9.00","price_type":"quantity_based","image":0,"visibility":true},{"label":"Apoyapi\u00e9s para Guitarra Est\u00e1ndar","price":"5.00","price_type":"quantity_based","image":0,"visibility":true},{"label":"Atril de Calidad","price":"9.00","price_type":"quantity_based","image":0,"visibility":true},{"label":"Atril","price":"5.00","price_type":"quantity_based","image":0,"visibility":true},{"label":"Capo - Guitarra Cl\u00e1sica","price":"5.00","price_type":"quantity_based","image":0,"visibility":true},{"label":"P\u00faa de Calidad","price":"2.00","price_type":"quantity_based","image":0,"visibility":true},{"label":"P\u00faa Est\u00e1ndar","price":"1.00","price_type":"quantity_based","image":0,"visibility":true}]}],"acf":{"set_to_be_sold":false,"sale_description":"","sale_price":""},"_links":{"self":[{"href":"https:\/\/shinemusicrental.com\/es\/wp-json\/wp\/v2\/product\/1272","targetHints":{"allow":["GET"]}}],"collection":[{"href":"https:\/\/shinemusicrental.com\/es\/wp-json\/wp\/v2\/product"}],"about":[{"href":"https:\/\/shinemusicrental.com\/es\/wp-json\/wp\/v2\/types\/product"}],"replies":[{"embeddable":true,"href":"https:\/\/shinemusicrental.com\/es\/wp-json\/wp\/v2\/comments?post=1272"}],"wp:featuredmedia":[{"embeddable":true,"href":"https:\/\/shinemusicrental.com\/es\/wp-json\/wp\/v2\/media\/1267"}],"wp:attachment":[{"href":"https:\/\/shinemusicrental.com\/es\/wp-json\/wp\/v2\/media?parent=1272"}],"wp:term":[{"taxonomy":"product_brand","embeddable":true,"href":"https:\/\/shinemusicrental.com\/es\/wp-json\/wp\/v2\/product_brand?post=1272"},{"taxonomy":"product_cat","embeddable":true,"href":"https:\/\/shinemusicrental.com\/es\/wp-json\/wp\/v2\/product_cat?post=1272"},{"taxonomy":"product_tag","embeddable":true,"href":"https:\/\/shinemusicrental.com\/es\/wp-json\/wp\/v2\/product_tag?post=1272"}],"curies":[{"name":"wp","href":"https:\/\/api.w.org\/{rel}","templated":true}]}}