{"id":12027,"date":"2023-03-22T15:10:27","date_gmt":"2023-03-22T14:10:27","guid":{"rendered":"http:\/\/www.shinemusicrental.com\/product\/yamaha-dxs15-mkii-subwoofer\/"},"modified":"2024-04-26T11:26:49","modified_gmt":"2024-04-26T09:26:49","slug":"yamaha-dxs15-mkii-subwoofer","status":"publish","type":"product","link":"https:\/\/shinemusicrental.com\/es\/product\/yamaha-dxs15-mkii-subwoofer\/","title":{"rendered":"Yamaha DXS15 MKII Subwoofer"},"content":{"rendered":"<p>El Yamaha DXS15 MKII Subwoofer es un subwoofer formidable y confiable que produce un sorprendente sonido de baja frecuencia. Est\u00e1 equipado con un altavoz de 15 pulgadas y cuenta con impresionantes 1020W de potencia, lo que lo convierte en la opci\u00f3n perfecta para elevar cualquier sistema de sonido. La construcci\u00f3n del subwoofer incluye una resistente carcasa de madera que garantiza una excelente calidad de sonido, mientras que su avanzado procesamiento DSP garantiza una respuesta suave y precisa en todo el rango de frecuencias.<\/p>\n<p>Para m\u00fasicos profesionales, DJs e ingenieros de sonido que requieren un sonido de graves de primera clase, el DXS15 MKII es una excelente opci\u00f3n. Su dise\u00f1o ligero y port\u00e1til lo convierte en la elecci\u00f3n perfecta para negocios de alquiler de instrumentos o cualquier persona que busque alquilar un subwoofer.<\/p>\n<p>Gracias a su excepcional calidad de sonido y dise\u00f1o superior, el subwoofer DXS15 MKII se asemeja a un atleta h\u00e1bil que puede transicionar sin esfuerzo y con poder de una posici\u00f3n a otra, entregando un rendimiento suave y preciso con cada movimiento. Por lo tanto, si buscas un subwoofer que pueda agregar esa profundidad adicional a tu sistema de sonido, el subwoofer Yamaha DXS15 MKII es la elecci\u00f3n perfecta<\/p>\n","protected":false},"excerpt":{"rendered":"<p>El Yamaha DXS15 MKII Subwoofer es un subwoofer formidable y confiable que produce un sorprendente sonido de baja frecuencia. Est\u00e1 [&hellip;]<\/p>\n","protected":false},"featured_media":12025,"comment_status":"open","ping_status":"closed","template":"","meta":{"_acf_changed":false,"content-type":""},"product_brand":[],"product_cat":[331,351],"product_tag":[461,560,584,463,489,591,557,929,795,505,507,511,509,513,503,559,966],"class_list":{"0":"post-12027","1":"product","2":"type-product","3":"status-publish","4":"has-post-thumbnail","6":"product_cat-equipos-pa-y-de-audiodifusion","7":"product_cat-subwoofers-es","8":"product_tag-alquiler-de-instrumentos","9":"product_tag-alquiler-de-instrumentos-es","10":"product_tag-alquiler-de-instrumentos-es-2","11":"product_tag-alquiler-de-instrumentos-barcelona","12":"product_tag-alquiler-de-instrumentos-barcelona-es","13":"product_tag-alquiler-de-instrumentos-espana-es","14":"product_tag-alquiler-de-instrumentos-espana","15":"product_tag-altavoces","16":"product_tag-altavoces-de-alquiler","17":"product_tag-equipo-de-estudio","18":"product_tag-equipo-de-estudio-barcelona","19":"product_tag-equipo-de-estudio-de-alquiler","20":"product_tag-equipo-de-estudio-es","21":"product_tag-equipo-de-estudio-espana","22":"product_tag-estudio","23":"product_tag-instrumentos-de-contratacion","24":"product_tag-subwoofer-es","26":"first","27":"instock","28":"sold-individually","29":"shipping-taxable","30":"purchasable","31":"product-type-booking"},"booking_location":"","booking_location_type":"","booking_duration":1,"booking_duration_unit":"day","booking_buffer":0,"booking_cost":0,"booking_resources":[],"exclude_global_add_ons":false,"addons":[{"name":"ALTAVOCES PA","type":"checkbox","position":0,"required":false,"title_format":"label","default":"","description_enable":false,"description":"","placeholder_enable":false,"placeholder":"","display":"select","restrictions_type":"any_text","adjust_price":false,"price":"","price_type":"flat_fee","restrictions":false,"min":"0","max":"0","options":[{"label":"Cable de Instrumento Jack 1\/4","price":"5.00","price_type":"quantity_based","image":0,"visibility":true},{"label":"Cable XLR","price":"5.00","price_type":"quantity_based","image":0,"visibility":true},{"label":"Mesa de Mezclas (est\u00e1ndar)","price":"55.00","price_type":"quantity_based","image":0,"visibility":true},{"label":"Soporte","price":"19.00","price_type":"quantity_based","image":0,"visibility":true},{"label":"DI Box","price":"5","price_type":"quantity_based","image":0,"visibility":true}]}],"acf":{"set_to_be_sold":false,"sale_description":"","sale_price":""},"_links":{"self":[{"href":"https:\/\/shinemusicrental.com\/es\/wp-json\/wp\/v2\/product\/12027","targetHints":{"allow":["GET"]}}],"collection":[{"href":"https:\/\/shinemusicrental.com\/es\/wp-json\/wp\/v2\/product"}],"about":[{"href":"https:\/\/shinemusicrental.com\/es\/wp-json\/wp\/v2\/types\/product"}],"replies":[{"embeddable":true,"href":"https:\/\/shinemusicrental.com\/es\/wp-json\/wp\/v2\/comments?post=12027"}],"wp:featuredmedia":[{"embeddable":true,"href":"https:\/\/shinemusicrental.com\/es\/wp-json\/wp\/v2\/media\/12025"}],"wp:attachment":[{"href":"https:\/\/shinemusicrental.com\/es\/wp-json\/wp\/v2\/media?parent=12027"}],"wp:term":[{"taxonomy":"product_brand","embeddable":true,"href":"https:\/\/shinemusicrental.com\/es\/wp-json\/wp\/v2\/product_brand?post=12027"},{"taxonomy":"product_cat","embeddable":true,"href":"https:\/\/shinemusicrental.com\/es\/wp-json\/wp\/v2\/product_cat?post=12027"},{"taxonomy":"product_tag","embeddable":true,"href":"https:\/\/shinemusicrental.com\/es\/wp-json\/wp\/v2\/product_tag?post=12027"}],"curies":[{"name":"wp","href":"https:\/\/api.w.org\/{rel}","templated":true}]}}