{"id":12020,"date":"2023-03-22T12:36:41","date_gmt":"2023-03-22T11:36:41","guid":{"rendered":"http:\/\/www.shinemusicrental.com\/product\/yamaha-dxr-12-mkii-powered-speakers-set\/"},"modified":"2024-04-24T15:04:03","modified_gmt":"2024-04-24T13:04:03","slug":"yamaha-dxr-12-mkii-set-de-altavoces","status":"publish","type":"product","link":"https:\/\/shinemusicrental.com\/es\/product\/yamaha-dxr-12-mkii-set-de-altavoces\/","title":{"rendered":"Yamaha DXR 12 MKII Set de Altavoces"},"content":{"rendered":"<p>Los altavoces Yamaha DXR12mkII son un sistema de audio muy potente y vers\u00e1til para cualquier ocasi\u00f3n de m\u00fasica en vivo. Estos altavoces est\u00e1n equipados con una notable potencia de 1100 vatios, que es capaz de proporcionar un sonido n\u00edtido incluso en lugares m\u00e1s grandes. El woofer de 12 pulgadas y el tweeter de 1,75 pulgadas brindan un rango de frecuencia de 52 Hz a 20 kHz, lo que lo convierte en una elecci\u00f3n impecable para cualquier instrumento musical o interpretaci\u00f3n vocal.<\/p>\n<p>La tecnolog\u00eda de procesamiento D-CONTOUR y sintonizaci\u00f3n FIR-X exclusiva del DXR12mkII garantiza que el sonido sea equilibrado y claro. Este avance tecnol\u00f3gico permite que los altavoces se adapten a la ubicaci\u00f3n del oyente y ofrezcan una experiencia de sonido m\u00e1s natural.<\/p>\n<p>Adem\u00e1s de su construcci\u00f3n robusta y caracter\u00edsticas avanzadas, el dise\u00f1o liviano y las manijas integradas del DXR12mkII los hacen f\u00e1ciles de transportar a cualquier lugar, lo que los convierte en una excelente opci\u00f3n para las empresas de alquiler de instrumentos. Con sus notables caracter\u00edsticas, estos parlantes son una opci\u00f3n ideal para cualquiera que busque alquilar un sistema de parlantes de alta calidad para un evento en vivo.<\/p>\n<p>Para concluir, los altavoces Yamaha DXR12mkII ofrecen un sistema de sonido potente, equilibrado y port\u00e1til apto para cualquier ocasi\u00f3n. Son la opci\u00f3n perfecta para cualquier alquiler de instrumentos o cualquiera que busque alquilar un sistema de altavoces de alta calidad.<\/p>\n","protected":false},"excerpt":{"rendered":"<p>Los altavoces Yamaha DXR12mkII son un sistema de audio muy potente y vers\u00e1til para cualquier ocasi\u00f3n de m\u00fasica en vivo. [&hellip;]<\/p>\n","protected":false},"featured_media":12015,"comment_status":"open","ping_status":"closed","template":"","meta":{"_acf_changed":false,"content-type":""},"product_brand":[],"product_cat":[331,347,345],"product_tag":[461,560,584,463,489,591,557,929,795,505,507,511,509,513,503,559],"class_list":{"0":"post-12020","1":"product","2":"type-product","3":"status-publish","4":"has-post-thumbnail","6":"product_cat-equipos-pa-y-de-audiodifusion","7":"product_cat-altavoces","8":"product_cat-altavoces-y-sets-de-pa","9":"product_tag-alquiler-de-instrumentos","10":"product_tag-alquiler-de-instrumentos-es","11":"product_tag-alquiler-de-instrumentos-es-2","12":"product_tag-alquiler-de-instrumentos-barcelona","13":"product_tag-alquiler-de-instrumentos-barcelona-es","14":"product_tag-alquiler-de-instrumentos-espana-es","15":"product_tag-alquiler-de-instrumentos-espana","16":"product_tag-altavoces","17":"product_tag-altavoces-de-alquiler","18":"product_tag-equipo-de-estudio","19":"product_tag-equipo-de-estudio-barcelona","20":"product_tag-equipo-de-estudio-de-alquiler","21":"product_tag-equipo-de-estudio-es","22":"product_tag-equipo-de-estudio-espana","23":"product_tag-estudio","24":"product_tag-instrumentos-de-contratacion","26":"first","27":"instock","28":"sold-individually","29":"shipping-taxable","30":"purchasable","31":"product-type-booking"},"booking_location":"","booking_location_type":"","booking_duration":1,"booking_duration_unit":"day","booking_buffer":0,"booking_cost":0,"booking_resources":[],"exclude_global_add_ons":false,"addons":[{"name":"ALTAVOCES PA","type":"checkbox","position":0,"required":false,"title_format":"label","default":"","description_enable":false,"description":"","placeholder_enable":false,"placeholder":"","display":"select","restrictions_type":"any_text","adjust_price":false,"price":"","price_type":"flat_fee","restrictions":false,"min":"0","max":"0","options":[{"label":"Cable de Instrumento Jack 1\/4","price":"5.00","price_type":"quantity_based","image":0,"visibility":true},{"label":"Cable XLR","price":"5.00","price_type":"quantity_based","image":0,"visibility":true},{"label":"Mesa de Mezclas (est\u00e1ndar)","price":"55.00","price_type":"quantity_based","image":0,"visibility":true},{"label":"Soporte","price":"19.00","price_type":"quantity_based","image":0,"visibility":true},{"label":"DI Box","price":"5","price_type":"quantity_based","image":0,"visibility":true}]}],"acf":{"set_to_be_sold":false,"sale_description":"","sale_price":""},"_links":{"self":[{"href":"https:\/\/shinemusicrental.com\/es\/wp-json\/wp\/v2\/product\/12020","targetHints":{"allow":["GET"]}}],"collection":[{"href":"https:\/\/shinemusicrental.com\/es\/wp-json\/wp\/v2\/product"}],"about":[{"href":"https:\/\/shinemusicrental.com\/es\/wp-json\/wp\/v2\/types\/product"}],"replies":[{"embeddable":true,"href":"https:\/\/shinemusicrental.com\/es\/wp-json\/wp\/v2\/comments?post=12020"}],"wp:featuredmedia":[{"embeddable":true,"href":"https:\/\/shinemusicrental.com\/es\/wp-json\/wp\/v2\/media\/12015"}],"wp:attachment":[{"href":"https:\/\/shinemusicrental.com\/es\/wp-json\/wp\/v2\/media?parent=12020"}],"wp:term":[{"taxonomy":"product_brand","embeddable":true,"href":"https:\/\/shinemusicrental.com\/es\/wp-json\/wp\/v2\/product_brand?post=12020"},{"taxonomy":"product_cat","embeddable":true,"href":"https:\/\/shinemusicrental.com\/es\/wp-json\/wp\/v2\/product_cat?post=12020"},{"taxonomy":"product_tag","embeddable":true,"href":"https:\/\/shinemusicrental.com\/es\/wp-json\/wp\/v2\/product_tag?post=12020"}],"curies":[{"name":"wp","href":"https:\/\/api.w.org\/{rel}","templated":true}]}}