{"id":1202,"date":"2022-10-20T16:17:48","date_gmt":"2022-10-20T14:17:48","guid":{"rendered":"http:\/\/www.shinemusicrental.com\/product\/stentor-student-i-violin-1-4\/"},"modified":"2023-03-15T15:09:37","modified_gmt":"2023-03-15T14:09:37","slug":"stentor-student-i-violin-1-4","status":"publish","type":"product","link":"https:\/\/shinemusicrental.com\/es\/product\/stentor-student-i-violin-1-4\/","title":{"rendered":"Stentor Student I Viol\u00edn 1\/4"},"content":{"rendered":"<p>El viol\u00edn Stentor Student I 1\/4 es un instrumento ideal para alquilar para j\u00f3venes m\u00fasicos. Cuenta con una tapa de abeto macizo, fondo, costados y m\u00e1stil de arce, y un diapas\u00f3n, cordal y clavijas de \u00e9bano. Con materiales de alta calidad y mano de obra experta, este viol\u00edn de 1\/4 produce un sonido claro y equilibrado adecuado para principiantes.<\/p>\n<p>El arco que viene con el viol\u00edn Stentor Student I 1\/4 est\u00e1 hecho de madera de Brasil y crin de caballo, lo que proporciona una experiencia de juego suave y receptiva. Adem\u00e1s, el viol\u00edn viene con un estuche r\u00edgido ligero que facilita el transporte y protege el instrumento.<\/p>\n<p>Tocar el viol\u00edn Stentor Student I 1\/4 es como tener una conversaci\u00f3n con un buen amigo. El sonido es c\u00e1lido y acogedor, lo que anima a los j\u00f3venes m\u00fasicos a explorar sus habilidades musicales. Ya sea que est\u00e9 buscando alquilar un viol\u00edn de 1\/4 para un estudiante principiante o sea un padre que busca una opci\u00f3n de alquiler asequible y confiable, el viol\u00edn Stentor Student I 1\/4 es una excelente opci\u00f3n.<\/p>\n","protected":false},"excerpt":{"rendered":"<p><strong>Dep\u00f3sito: \u20ac60<\/strong><\/p>\n<div id=\"gtx-trans\" style=\"position: absolute; left: -5px; top: 38.3333px;\">\n<div class=\"gtx-trans-icon\"><\/div>\n<\/div>\n","protected":false},"featured_media":1201,"comment_status":"open","ping_status":"closed","template":"","meta":{"_acf_changed":false,"content-type":""},"product_brand":[],"product_cat":[321,329],"product_tag":[461,560,584,463,489,591,557,559,491,493,495,499,497,501,721,752],"class_list":{"0":"post-1202","1":"product","2":"type-product","3":"status-publish","4":"has-post-thumbnail","6":"product_cat-instrumentos-de-cuerda","7":"product_cat-violines-es","8":"product_tag-alquiler-de-instrumentos","9":"product_tag-alquiler-de-instrumentos-es","10":"product_tag-alquiler-de-instrumentos-es-2","11":"product_tag-alquiler-de-instrumentos-barcelona","12":"product_tag-alquiler-de-instrumentos-barcelona-es","13":"product_tag-alquiler-de-instrumentos-espana-es","14":"product_tag-alquiler-de-instrumentos-espana","15":"product_tag-instrumentos-de-contratacion","16":"product_tag-instrumentos-de-cuerda","17":"product_tag-instrumentos-de-cuerda-es","18":"product_tag-instrumentos-de-cuerda-barcelona","19":"product_tag-instrumentos-de-cuerda-de-alquiler","20":"product_tag-instrumentos-de-cuerda-es-es","21":"product_tag-instrumentos-de-cuerda-espana","22":"product_tag-violin-es","23":"product_tag-violin-para-ninos","25":"first","26":"instock","27":"sold-individually","28":"shipping-taxable","29":"purchasable","30":"product-type-booking"},"booking_location":"","booking_location_type":"","booking_duration":1,"booking_duration_unit":"day","booking_buffer":0,"booking_cost":0,"booking_resources":[],"exclude_global_add_ons":false,"addons":[{"name":"Dep\u00f3sito","type":"checkbox","position":0,"required":false,"title_format":"hide","default":"","description_enable":false,"description":"","placeholder_enable":false,"placeholder":"","display":"select","restrictions_type":"any_text","adjust_price":false,"price":"","price_type":"flat_fee","restrictions":false,"min":"0","max":"0","options":[{"label":"Dep\u00f3sito","price":"60","price_type":"flat_fee","image":0,"visibility":true}]},{"name":"Violines","type":"checkbox","position":0,"required":false,"title_format":"label","default":"","description_enable":true,"description":"","placeholder_enable":false,"placeholder":"","display":"select","restrictions_type":"any_text","adjust_price":false,"price":"","price_type":"flat_fee","restrictions":false,"min":"0","max":"0","options":[{"label":"Costilla","price":"9.00","price_type":"quantity_based","image":0,"visibility":true},{"label":"Soporte para Viol\u00edn","price":"5.00","price_type":"quantity_based","image":0,"visibility":true},{"label":"Atril","price":"5.00","price_type":"quantity_based","image":0,"visibility":true},{"label":"Atril de Calidad","price":"9.00","price_type":"quantity_based","image":0,"visibility":true},{"label":"Afinador","price":"5.00","price_type":"quantity_based","image":0,"visibility":true},{"label":"Sordina","price":"2.00","price_type":"quantity_based","image":0,"visibility":true}]}],"acf":{"set_to_be_sold":false,"sale_description":"","sale_price":""},"_links":{"self":[{"href":"https:\/\/shinemusicrental.com\/es\/wp-json\/wp\/v2\/product\/1202","targetHints":{"allow":["GET"]}}],"collection":[{"href":"https:\/\/shinemusicrental.com\/es\/wp-json\/wp\/v2\/product"}],"about":[{"href":"https:\/\/shinemusicrental.com\/es\/wp-json\/wp\/v2\/types\/product"}],"replies":[{"embeddable":true,"href":"https:\/\/shinemusicrental.com\/es\/wp-json\/wp\/v2\/comments?post=1202"}],"wp:featuredmedia":[{"embeddable":true,"href":"https:\/\/shinemusicrental.com\/es\/wp-json\/wp\/v2\/media\/1201"}],"wp:attachment":[{"href":"https:\/\/shinemusicrental.com\/es\/wp-json\/wp\/v2\/media?parent=1202"}],"wp:term":[{"taxonomy":"product_brand","embeddable":true,"href":"https:\/\/shinemusicrental.com\/es\/wp-json\/wp\/v2\/product_brand?post=1202"},{"taxonomy":"product_cat","embeddable":true,"href":"https:\/\/shinemusicrental.com\/es\/wp-json\/wp\/v2\/product_cat?post=1202"},{"taxonomy":"product_tag","embeddable":true,"href":"https:\/\/shinemusicrental.com\/es\/wp-json\/wp\/v2\/product_tag?post=1202"}],"curies":[{"name":"wp","href":"https:\/\/api.w.org\/{rel}","templated":true}]}}